{"id":9157,"date":"2026-05-01T13:29:47","date_gmt":"2026-05-01T13:29:47","guid":{"rendered":"https:\/\/www.therapmedic.com\/?post_type=product&#038;p=9157"},"modified":"2026-05-01T14:20:51","modified_gmt":"2026-05-01T14:20:51","slug":"9157","status":"publish","type":"product","link":"https:\/\/www.therapmedic.com\/pt-pt\/produto\/9157\/","title":{"rendered":"Green Lipo Laser 10D"},"content":{"rendered":"<p data-start=\"241\" data-end=\"462\">O <strong data-start=\"243\" data-end=\"267\">Green Lipo Laser 10D<\/strong> \u00e9 um equipamento est\u00e9tico n\u00e3o invasivo desenvolvido para <strong data-start=\"325\" data-end=\"412\">redu\u00e7\u00e3o de gordura localizada, modela\u00e7\u00e3o corporal e melhoria do metabolismo celular<\/strong> atrav\u00e9s de tecnologia laser de baixa intensidade.<\/p>\n<p data-start=\"464\" data-end=\"609\">Utiliza m\u00faltiplos emissores laser (pads) que atuam diretamente nas c\u00e9lulas adiposas, promovendo a sua quebra e elimina\u00e7\u00e3o natural pelo organismo.<\/p>\n<p data-start=\"464\" data-end=\"609\">Equipamento indicado para cl\u00ednicas est\u00e9ticas, medspas e centros de emagrecimento.<\/p>\n<p data-start=\"386\" data-end=\"467\"><strong data-start=\"386\" data-end=\"410\">GREEN LIPO LASER 10D<\/strong><br data-start=\"410\" data-end=\"413\" \/>Tecnologia avan\u00e7ada de redu\u00e7\u00e3o de gordura n\u00e3o invasiva<\/p>\n<p data-start=\"469\" data-end=\"564\">\u2728 Redu\u00e7\u00e3o de gordura localizada<br data-start=\"500\" data-end=\"503\" \/>\u2728 Modela\u00e7\u00e3o corporal<br data-start=\"523\" data-end=\"526\" \/>\u2728 Resultados vis\u00edveis e progressivos<\/p>\n<p data-start=\"566\" data-end=\"648\">\ud83d\udc49 Tecnologia laser de 532nm (luz verde)<br data-start=\"606\" data-end=\"609\" \/>\ud83d\udc49 Tratamentos seguros e confort\u00e1veis<\/p>\n","protected":false},"excerpt":{"rendered":"<p>O Green Lipo Laser 10D \u00e9 um equipamento est\u00e9tico n\u00e3o invasivo desenvolvido para redu\u00e7\u00e3o de gordura localizada, modela\u00e7\u00e3o corporal e melhoria do metabolismo celular atrav\u00e9s de tecnologia laser de baixa intensidade. Utiliza m\u00faltiplos emissores laser (pads) que atuam diretamente nas c\u00e9lulas adiposas, promovendo a sua quebra e elimina\u00e7\u00e3o natural pelo organismo. Equipamento indicado para cl\u00ednicas [&hellip;]<\/p>\n","protected":false},"featured_media":9159,"template":"","meta":[],"product_brand":[],"product_cat":[1487,15,924,927,1024,1040,1050,1058,1068,1070,1213,1215,1478,1481],"product_tag":[],"class_list":{"0":"post-9157","1":"product","2":"type-product","3":"status-publish","4":"has-post-thumbnail","6":"product_cat-laser-diodo","7":"product_cat-uncategorized","8":"product_cat-equipamentos","9":"product_cat-diode-laser-pt-pt","10":"product_cat-areas-de-tratamentos-vs-produtos-tratamentos-com-equipamentos","11":"product_cat-corpo","12":"product_cat-adiposidade-localizada","13":"product_cat-remoldeamento-da-silhueta","14":"product_cat-gluteos","15":"product_cat-adiposidade-nos-gluteos","16":"product_cat-pernas","17":"product_cat-adiposidade-entre-as-pernas","18":"product_cat-equipamento","19":"product_cat-tipo-de-equipamento","21":"first","22":"instock","23":"taxable","24":"shipping-taxable","25":"purchasable","26":"product-type-simple"},"acf":{"confidential_information":{"text_block":false,"download_file":false},"display":[],"short_name":"","display_equipment_products":[],"short_name_equipment_products":""},"_links":{"self":[{"href":"https:\/\/www.therapmedic.com\/pt-pt\/wp-json\/wp\/v2\/product\/9157","targetHints":{"allow":["GET"]}}],"collection":[{"href":"https:\/\/www.therapmedic.com\/pt-pt\/wp-json\/wp\/v2\/product"}],"about":[{"href":"https:\/\/www.therapmedic.com\/pt-pt\/wp-json\/wp\/v2\/types\/product"}],"wp:featuredmedia":[{"embeddable":true,"href":"https:\/\/www.therapmedic.com\/pt-pt\/wp-json\/wp\/v2\/media\/9159"}],"wp:attachment":[{"href":"https:\/\/www.therapmedic.com\/pt-pt\/wp-json\/wp\/v2\/media?parent=9157"}],"wp:term":[{"taxonomy":"product_brand","embeddable":true,"href":"https:\/\/www.therapmedic.com\/pt-pt\/wp-json\/wp\/v2\/product_brand?post=9157"},{"taxonomy":"product_cat","embeddable":true,"href":"https:\/\/www.therapmedic.com\/pt-pt\/wp-json\/wp\/v2\/product_cat?post=9157"},{"taxonomy":"product_tag","embeddable":true,"href":"https:\/\/www.therapmedic.com\/pt-pt\/wp-json\/wp\/v2\/product_tag?post=9157"}],"curies":[{"name":"wp","href":"https:\/\/api.w.org\/{rel}","templated":true}]}}