{"id":7764,"date":"2024-05-10T14:44:53","date_gmt":"2024-05-10T14:44:53","guid":{"rendered":"https:\/\/www.therapmedic.com\/product\/dermaroll-64-micro-needles-direct-applicator-for-mesotherapy-vials-depth-1mm-disposable\/"},"modified":"2024-05-10T14:52:07","modified_gmt":"2024-05-10T14:52:07","slug":"dermaroll-64-micro-needles-direct-applicator-for-mesotherapy-vials-depth-1mm-disposable","status":"publish","type":"product","link":"https:\/\/www.therapmedic.com\/pt-pt\/produto\/dermaroll-64-micro-needles-direct-applicator-for-mesotherapy-vials-depth-1mm-disposable\/","title":{"rendered":"Dermaroll 64 micro agulhas aplicador direto para frascos de mesoterapia &#8211; profundidade 1mm &#8211; descart\u00e1vel!"},"content":{"rendered":"<p>Aqui est\u00e1, a forma mais pr\u00e1tica de tratar a pele com mesoterapias: o Dermaroll para aplica\u00e7\u00e3o direta de Mesoterapias.<\/p>\n<p>Adequado para todos os frascos com gargalo de di\u00e2metro externo de 20mm e di\u00e2metro interno de 12mm (o padr\u00e3o da ind\u00fastria).<\/p>\n<p>Basta abrir o blister est\u00e9ril e pressionar a cabe\u00e7a com a tampa para o frasco para injet\u00e1veis. Isso \u00e9 tudo o que voc\u00ea tem que fazer.<\/p>\n<p>Ao pressionar o frasco contra a pele, o aplicador liberar\u00e1 o produto dentro do frasco e o derramar\u00e1 sobre a pele. As microagulhas abrir\u00e3o a pele para permitir que o produto se infiltre na pele.<\/p>\n<p>Chega de desperd\u00edcio de produto, sem complica\u00e7\u00f5es com algod\u00e3o ou gaze ou gotas na pele. Este aplicador far\u00e1 tudo por voc\u00ea, de forma segura e r\u00e1pida.<\/p>\n<p>A profundidade deste dermaroll \u00e9 de 1mm mas tamb\u00e9m temos dispon\u00edveis dermarolls de 0,25mm e 0,5mm. Procure em nossa p\u00e1gina outras profundidades dispon\u00edveis). Temos outra solu\u00e7\u00e3o para outras profundidades: nosso &#8220;Dispositivo de microagulhas ajust\u00e1vel para uso direto dos frascos de 0 a 1,5 mm de profundidade&#8221;<\/p>\n<p>Est\u00e9ril. Apenas para uso t\u00f3pico\/externo!<\/p>\n","protected":false},"excerpt":{"rendered":"<p>Aqui est\u00e1, a forma mais pr\u00e1tica de tratar a pele com mesoterapias: o Dermaroll para aplica\u00e7\u00e3o direta de Mesoterapias. Adequado para todos os frascos com gargalo de di\u00e2metro externo de 20mm e di\u00e2metro interno de 12mm (o padr\u00e3o da ind\u00fastria). Basta abrir o blister est\u00e9ril e pressionar a cabe\u00e7a com a tampa para o frasco [&hellip;]<\/p>\n","protected":false},"featured_media":7761,"template":"","meta":[],"product_brand":[],"product_cat":[924,933],"product_tag":[],"class_list":{"0":"post-7764","1":"product","2":"type-product","3":"status-publish","4":"has-post-thumbnail","6":"product_cat-equipamentos","7":"product_cat-auxiliares-de-injecao","9":"first","10":"instock","11":"taxable","12":"shipping-taxable","13":"purchasable","14":"product-type-simple"},"acf":{"short_name":"","display":[],"display_equipment_products":[],"short_name_equipment_products":"","confidential_information":{"text_block":false,"download_file":false}},"_links":{"self":[{"href":"https:\/\/www.therapmedic.com\/pt-pt\/wp-json\/wp\/v2\/product\/7764","targetHints":{"allow":["GET"]}}],"collection":[{"href":"https:\/\/www.therapmedic.com\/pt-pt\/wp-json\/wp\/v2\/product"}],"about":[{"href":"https:\/\/www.therapmedic.com\/pt-pt\/wp-json\/wp\/v2\/types\/product"}],"wp:featuredmedia":[{"embeddable":true,"href":"https:\/\/www.therapmedic.com\/pt-pt\/wp-json\/wp\/v2\/media\/7761"}],"wp:attachment":[{"href":"https:\/\/www.therapmedic.com\/pt-pt\/wp-json\/wp\/v2\/media?parent=7764"}],"wp:term":[{"taxonomy":"product_brand","embeddable":true,"href":"https:\/\/www.therapmedic.com\/pt-pt\/wp-json\/wp\/v2\/product_brand?post=7764"},{"taxonomy":"product_cat","embeddable":true,"href":"https:\/\/www.therapmedic.com\/pt-pt\/wp-json\/wp\/v2\/product_cat?post=7764"},{"taxonomy":"product_tag","embeddable":true,"href":"https:\/\/www.therapmedic.com\/pt-pt\/wp-json\/wp\/v2\/product_tag?post=7764"}],"curies":[{"name":"wp","href":"https:\/\/api.w.org\/{rel}","templated":true}]}}