{"id":7703,"date":"2024-05-07T18:05:41","date_gmt":"2024-05-07T18:05:41","guid":{"rendered":"https:\/\/www.therapmedic.com\/product\/adjustable-microneedle-device-for-direct-use-of-the-vials-025mm-to-15mm-bio-needle-h24\/"},"modified":"2024-05-07T18:20:44","modified_gmt":"2024-05-07T18:20:44","slug":"adjustable-microneedle-device-for-direct-use-of-the-vials-025mm-to-15mm-bio-needle-h24","status":"publish","type":"product","link":"https:\/\/www.therapmedic.com\/pt-pt\/produto\/adjustable-microneedle-device-for-direct-use-of-the-vials-025mm-to-15mm-bio-needle-h24\/","title":{"rendered":"Dispositivo de microagulhas ajust\u00e1vel para uso direto dos frascos de 0,25mm a 1,5mm &#8211; Bio Needle H24"},"content":{"rendered":"<p>Temos o orgulho de apresentar este pequeno aparelho para uso direto dos frascos de Mesoterapia. N\u00e3o h\u00e1 mais necessidade de DermaPens ou Dermarollers. Este \u00e9 um dispositivo descart\u00e1vel para uso \u00fanico por um \u00fanico paciente\/cliente. Est\u00e9ril, n\u00e3o h\u00e1 necessidade de esterilizar antes do uso.<\/p>\n<p>Tamanho de agulha ajust\u00e1vel 0-1,5 mm, H24 com 24 microagulhas pode ser ajustado com flexibilidade a 6 comprimentos de agulha diferentes, adequado para diferentes partes da pele e v\u00e1rios tratamentos de problemas de pele. Muito pr\u00e1tico e eficiente.<\/p>\n<p>Chega de desperd\u00edcio de produto pois voc\u00ea s\u00f3 vai aplicar o produto onde quiser, chega de gotas na pele ou res\u00edduos em algod\u00e3o ou gaze.<\/p>\n<p>Conquiste a confian\u00e7a do seu cliente abrindo um novo dispositivo s\u00f3 para ele e mais ningu\u00e9m. Sem contamina\u00e7\u00f5es, seguro e muito pr\u00e1tico de usar.<\/p>\n","protected":false},"excerpt":{"rendered":"<p>Temos o orgulho de apresentar este pequeno aparelho para uso direto dos frascos de Mesoterapia. N\u00e3o h\u00e1 mais necessidade de DermaPens ou Dermarollers. Este \u00e9 um dispositivo descart\u00e1vel para uso \u00fanico por um \u00fanico paciente\/cliente. Est\u00e9ril, n\u00e3o h\u00e1 necessidade de esterilizar antes do uso. Tamanho de agulha ajust\u00e1vel 0-1,5 mm, H24 com 24 microagulhas pode [&hellip;]<\/p>\n","protected":false},"featured_media":7534,"template":"","meta":[],"product_brand":[],"product_cat":[933,924],"product_tag":[],"class_list":{"0":"post-7703","1":"product","2":"type-product","3":"status-publish","4":"has-post-thumbnail","6":"product_cat-auxiliares-de-injecao","7":"product_cat-equipamentos","9":"first","10":"instock","11":"taxable","12":"shipping-taxable","13":"purchasable","14":"product-type-simple"},"acf":{"short_name":"","display":[],"display_equipment_products":[],"short_name_equipment_products":"","confidential_information":{"text_block":false,"download_file":false}},"_links":{"self":[{"href":"https:\/\/www.therapmedic.com\/pt-pt\/wp-json\/wp\/v2\/product\/7703","targetHints":{"allow":["GET"]}}],"collection":[{"href":"https:\/\/www.therapmedic.com\/pt-pt\/wp-json\/wp\/v2\/product"}],"about":[{"href":"https:\/\/www.therapmedic.com\/pt-pt\/wp-json\/wp\/v2\/types\/product"}],"wp:featuredmedia":[{"embeddable":true,"href":"https:\/\/www.therapmedic.com\/pt-pt\/wp-json\/wp\/v2\/media\/7534"}],"wp:attachment":[{"href":"https:\/\/www.therapmedic.com\/pt-pt\/wp-json\/wp\/v2\/media?parent=7703"}],"wp:term":[{"taxonomy":"product_brand","embeddable":true,"href":"https:\/\/www.therapmedic.com\/pt-pt\/wp-json\/wp\/v2\/product_brand?post=7703"},{"taxonomy":"product_cat","embeddable":true,"href":"https:\/\/www.therapmedic.com\/pt-pt\/wp-json\/wp\/v2\/product_cat?post=7703"},{"taxonomy":"product_tag","embeddable":true,"href":"https:\/\/www.therapmedic.com\/pt-pt\/wp-json\/wp\/v2\/product_tag?post=7703"}],"curies":[{"name":"wp","href":"https:\/\/api.w.org\/{rel}","templated":true}]}}