{"id":7491,"date":"2024-04-24T13:53:38","date_gmt":"2024-04-24T13:53:38","guid":{"rendered":"https:\/\/www.therapmedic.com\/product\/plasma-platform-cold-plasma-and-fractional-plasma-technlology\/"},"modified":"2026-04-30T17:03:30","modified_gmt":"2026-04-30T17:03:30","slug":"plasma-platform-cold-plasma-and-fractional-plasma-technlology","status":"publish","type":"product","link":"https:\/\/www.therapmedic.com\/pt-pt\/produto\/plasma-platform-cold-plasma-and-fractional-plasma-technlology\/","title":{"rendered":"Plataforma Plasma (Tecnologia de Plasma Frio e Plasma Fracionado)"},"content":{"rendered":"<p>O plasma \u00e9 um dos quatro estados fundamentais da mat\u00e9ria, cujo car\u00e1ter possui alta temperatura, alta condutividade e alta atividade. Este equipamento \u00e9 o primeiro equipamento de plasma fracionado, que \u00e9 um m\u00e9todo revolucion\u00e1rio para um perfeito rejuvenescimento facial e corporal.<\/p>\n<p>&nbsp;<\/p>\n<p>Princ\u00edpio de funcionamento<\/p>\n<p>De forma control\u00e1vel, a coluna de plasma em forma de agulha \u00e9 liberada na pele de forma fracionada e ponto por ponto. O princ\u00edpio \u00e9 ionizar o g\u00e1s do ar para criar mais pequenos arcos el\u00e9tricos, os tecidos s\u00e3o tratados \u201csublimados\u201d e evitam a propaga\u00e7\u00e3o de calor indesejado para as \u00e1reas circundantes. O calor aumenta e \u00e9 posteriormente transferido para a epiderme at\u00e9 a camada papilar que cont\u00e9m c\u00e9lulas fibrobl\u00e1sticas. O resultado \u00e9 a contra\u00e7\u00e3o e enrijecimento das c\u00e9lulas da pele, levando \u00e0 remodela\u00e7\u00e3o da pele e melhora de diversos sinais de envelhecimento, cicatrizes, etc.<\/p>\n<p>Tenha em aten\u00e7\u00e3o que este equipamento n\u00e3o se encontra em stock e temos de o encomendar. Geralmente leva cerca de 15 dias para chegar ao seu destino. Para mais informa\u00e7\u00f5es ligue para nosso Whatsapp. Obrigado!<\/p>\n","protected":false},"excerpt":{"rendered":"<p>O plasma \u00e9 um dos quatro estados fundamentais da mat\u00e9ria, cujo car\u00e1ter possui alta temperatura, alta condutividade e alta atividade. Este equipamento \u00e9 o primeiro equipamento de plasma fracionado, que \u00e9 um m\u00e9todo revolucion\u00e1rio para um perfeito rejuvenescimento facial e corporal. &nbsp; Princ\u00edpio de funcionamento De forma control\u00e1vel, a coluna de plasma em forma de [&hellip;]<\/p>\n","protected":false},"featured_media":7225,"template":"","meta":[],"product_brand":[],"product_cat":[1064,1096,1101,1103,1107,1129,1131,1141,1157,1460,1461,1462,1463,1464,924,1465,1024],"product_tag":[],"class_list":{"0":"post-7491","1":"product","2":"type-product","3":"status-publish","4":"has-post-thumbnail","6":"product_cat-estrias","7":"product_cat-cara","8":"product_cat-pele-envelhecida-pt-pt","9":"product_cat-bolsas-nos-olhos","10":"product_cat-rejuvenescimento-facial-completo","11":"product_cat-pouca-elasticidade-pt-pt-2","12":"product_cat-melasmas-manchas-castanhas-hiperpigmentacao","13":"product_cat-pele-flacida-pt-pt-3","14":"product_cat-rugas-em-volta-dos-olhos","15":"product_cat-scars-body-pt-pt","16":"product_cat-scars-pt-pt","17":"product_cat-polyp-pt-pt","18":"product_cat-warts-pt-pt","19":"product_cat-moles-pt-pt","20":"product_cat-equipamentos","21":"product_cat-plasma-pt-pt","22":"product_cat-areas-de-tratamentos-vs-produtos-tratamentos-com-equipamentos","24":"first","25":"instock","26":"taxable","27":"shipping-taxable","28":"purchasable","29":"product-type-simple"},"acf":{"short_name":"","display":[],"display_equipment_products":[],"short_name_equipment_products":"","confidential_information":{"text_block":false,"download_file":false}},"_links":{"self":[{"href":"https:\/\/www.therapmedic.com\/pt-pt\/wp-json\/wp\/v2\/product\/7491","targetHints":{"allow":["GET"]}}],"collection":[{"href":"https:\/\/www.therapmedic.com\/pt-pt\/wp-json\/wp\/v2\/product"}],"about":[{"href":"https:\/\/www.therapmedic.com\/pt-pt\/wp-json\/wp\/v2\/types\/product"}],"wp:featuredmedia":[{"embeddable":true,"href":"https:\/\/www.therapmedic.com\/pt-pt\/wp-json\/wp\/v2\/media\/7225"}],"wp:attachment":[{"href":"https:\/\/www.therapmedic.com\/pt-pt\/wp-json\/wp\/v2\/media?parent=7491"}],"wp:term":[{"taxonomy":"product_brand","embeddable":true,"href":"https:\/\/www.therapmedic.com\/pt-pt\/wp-json\/wp\/v2\/product_brand?post=7491"},{"taxonomy":"product_cat","embeddable":true,"href":"https:\/\/www.therapmedic.com\/pt-pt\/wp-json\/wp\/v2\/product_cat?post=7491"},{"taxonomy":"product_tag","embeddable":true,"href":"https:\/\/www.therapmedic.com\/pt-pt\/wp-json\/wp\/v2\/product_tag?post=7491"}],"curies":[{"name":"wp","href":"https:\/\/api.w.org\/{rel}","templated":true}]}}