{"id":7032,"date":"2024-04-18T18:29:32","date_gmt":"2024-04-18T18:29:32","guid":{"rendered":"https:\/\/www.therapmedic.com\/product\/next-generation-ipl-k2-with-dpl-technology\/"},"modified":"2024-04-19T11:49:38","modified_gmt":"2024-04-19T11:49:38","slug":"next-generation-ipl-k2-with-dpl-technology","status":"publish","type":"product","link":"https:\/\/www.therapmedic.com\/pt-pt\/produto\/next-generation-ipl-k2-with-dpl-technology\/","title":{"rendered":"IPL &#8211; K2 com tecnologia DPL &#8211; Ultima gera\u00e7\u00e3o de IPL&#8217;s"},"content":{"rendered":"<p>Ultima gera\u00e7\u00e3o de IPL&#8217;s &#8211;\u00a0 IPL &#8211; K2 &#8211; Quando o design e a tecnologia se encontram<\/p>\n<p>A luz pulsada intensada (IPL) descreve o uso de pulsos intensos de luz n\u00e3o coerente distribu\u00edda em uma faixa de comprimentos de onda de 400Nm a 1200Nm. A tecnologia usa faixas espec\u00edficas de comprimento de onda para atingir v\u00e1rios crom\u00f3foros na pele. Isso permite o tratamento eficaz de um amplo espectro de condi\u00e7\u00f5es, incluindo les\u00f5es vasculares e pigmentos, tratamentos de envelhecimento para fotos da pele e remo\u00e7\u00e3o de cabelo indesejado.<br \/>\nEste equipamento oferece uma solu\u00e7\u00e3o \u00fanica com efici\u00eancia, seguran\u00e7a e facilidade de opera\u00e7\u00e3o ideais.<br \/>\n* Novos filtros de tecnologia de luz de espectro estreito (DPL) que fornecem um resultado excelente, tratamentos mais seguros, mais r\u00e1pidos e confort\u00e1veis.<br \/>\n* Man\u00edpulo de m\u00e3o universal com onze filtros, incluindo dois filtros DPL, permite uma quantidade enorme de condi\u00e7\u00f5es com um man\u00edpulo de m\u00e3o \u00fanico, vers\u00e1til e extremamente rent\u00e1vel para si.<\/p>\n","protected":false},"excerpt":{"rendered":"<p>Ultima gera\u00e7\u00e3o de IPL&#8217;s &#8211;\u00a0 IPL &#8211; K2 &#8211; Quando o design e a tecnologia se encontram A luz pulsada intensada (IPL) descreve o uso de pulsos intensos de luz n\u00e3o coerente distribu\u00edda em uma faixa de comprimentos de onda de 400Nm a 1200Nm. A tecnologia usa faixas espec\u00edficas de comprimento de onda para atingir [&hellip;]<\/p>\n","protected":false},"featured_media":7006,"template":"","meta":[],"product_brand":[],"product_cat":[1036,1135,1219,1040,1141,1223,1054,1151,1225,1068,1157,1227,1084,1159,1229,1090,1161,1231,1092,1163,1233,1096,1165,1235,1099,1171,1241,15,1101,1177,1243,924,1113,1195,1247,932,1119,1201,1249,1024,1123,1203,1251,1026,1129,1207,1257,1028,1131,1209,1263,1034,1133,1213],"product_tag":[],"class_list":{"0":"post-7032","1":"product","2":"type-product","3":"status-publish","4":"has-post-thumbnail","6":"product_cat-melasmas-manchas-castanhas","7":"product_cat-poros-abertos","8":"product_cat-melasmas-manchas-castanhas-pt-pt-4","9":"product_cat-corpo","10":"product_cat-pele-flacida-pt-pt-3","11":"product_cat-aranhas-vasculares","12":"product_cat-melasmas-manchas-castanhas-pt-pt","13":"product_cat-remocao-de-pelos-indesejados","14":"product_cat-cabelo-nao-desejado","15":"product_cat-gluteos","16":"product_cat-rugas-em-volta-dos-olhos","17":"product_cat-varizes","18":"product_cat-melasmas-manchas-castanhas-pt-pt-2","19":"product_cat-pes","20":"product_cat-unhas","21":"product_cat-cotovelos","22":"product_cat-fungos","23":"product_cat-fungos-pt-pt","24":"product_cat-rejuvenescimento-e-branqueamento-da-pele-de-zonas-delicadas","25":"product_cat-manos","26":"product_cat-pescoco","27":"product_cat-cara","28":"product_cat-pele-envelhecida-pt-pt-2","29":"product_cat-pele-envelhecida-pt-pt-3","30":"product_cat-acne-pt-pt","31":"product_cat-melasmas-manchas-castanhas-pt-pt-3","32":"product_cat-melasmas-manchas-castanahs","33":"product_cat-uncategorized","34":"product_cat-pele-envelhecida-pt-pt","35":"product_cat-rugas","36":"product_cat-pele-flacida-pt-pt-6","37":"product_cat-equipamentos","38":"product_cat-diferentes-tons-de-pele-pt-pt","39":"product_cat-areas-intimas-pt-pt","40":"product_cat-rugas-pt-pt","41":"product_cat-ipl-pt-pt","42":"product_cat-pele-opaca-sem-brilho","43":"product_cat-hiper-pigmentacao","44":"product_cat-decote","45":"product_cat-areas-de-tratamentos-vs-produtos-tratamentos-com-equipamentos","46":"product_cat-rugas-na-testa","47":"product_cat-rejuvenescimento-e-branqueamento-da-pele-em-zonas-delicadas-pt-pt","48":"product_cat-pele-envelhecida-pt-pt-4","49":"product_cat-bracos","50":"product_cat-pouca-elasticidade-pt-pt-2","51":"product_cat-joelhos","52":"product_cat-melasmas-manchas-castanhas-pt-pt-5","53":"product_cat-pele-envelhecida","54":"product_cat-melasmas-manchas-castanhas-hiperpigmentacao","55":"product_cat-rejuvenescimento-e-branqueamento-da-pele-em-zonas-delicadas-pt-pt-2","56":"product_cat-rugas-pt-pt-2","57":"product_cat-pouca-elasticidade","58":"product_cat-pele-oleosa","59":"product_cat-pernas","61":"first","62":"instock","63":"taxable","64":"shipping-taxable","65":"purchasable","66":"product-type-simple"},"acf":{"display":[],"short_name":"","display_equipment_products":[],"short_name_equipment_products":"Next generation IPL ","confidential_information":{"text_block":false,"download_file":false}},"_links":{"self":[{"href":"https:\/\/www.therapmedic.com\/pt-pt\/wp-json\/wp\/v2\/product\/7032","targetHints":{"allow":["GET"]}}],"collection":[{"href":"https:\/\/www.therapmedic.com\/pt-pt\/wp-json\/wp\/v2\/product"}],"about":[{"href":"https:\/\/www.therapmedic.com\/pt-pt\/wp-json\/wp\/v2\/types\/product"}],"wp:featuredmedia":[{"embeddable":true,"href":"https:\/\/www.therapmedic.com\/pt-pt\/wp-json\/wp\/v2\/media\/7006"}],"wp:attachment":[{"href":"https:\/\/www.therapmedic.com\/pt-pt\/wp-json\/wp\/v2\/media?parent=7032"}],"wp:term":[{"taxonomy":"product_brand","embeddable":true,"href":"https:\/\/www.therapmedic.com\/pt-pt\/wp-json\/wp\/v2\/product_brand?post=7032"},{"taxonomy":"product_cat","embeddable":true,"href":"https:\/\/www.therapmedic.com\/pt-pt\/wp-json\/wp\/v2\/product_cat?post=7032"},{"taxonomy":"product_tag","embeddable":true,"href":"https:\/\/www.therapmedic.com\/pt-pt\/wp-json\/wp\/v2\/product_tag?post=7032"}],"curies":[{"name":"wp","href":"https:\/\/api.w.org\/{rel}","templated":true}]}}