{"id":6086,"date":"2023-05-06T23:16:58","date_gmt":"2023-05-06T23:16:58","guid":{"rendered":"https:\/\/www.therapmedic.com\/?post_type=product&#038;p=6086"},"modified":"2026-05-11T17:59:00","modified_gmt":"2026-05-11T17:59:00","slug":"peeling-de-acido-azelaico","status":"publish","type":"product","link":"https:\/\/www.therapmedic.com\/pt-pt\/produto\/peeling-de-acido-azelaico\/","title":{"rendered":"Peeling de Acido Azelaico"},"content":{"rendered":"<p><b><i>Peelings <\/i><\/b><b><i>de <\/i><\/b><b><i>Acido<\/i><\/b> <b><i>Azelaico<\/i><\/b> para tratar pele oleosa,com acne ou com hiperpigmenta\u00e7\u00e3o<\/p>\n<p>O \u00e1cido azelaico \u00e9 obtido a partir de gr\u00e3os como cevada, trigo e centeio. \u00c9 um ingrediente multifuncional para cuidados com a pele que aborda uma infinidade de preocupa\u00e7\u00f5es relacionadas a erup\u00e7\u00f5es cut\u00e2neas e inflama\u00e7\u00f5es.<\/p>\n<p><u><b>Apresenta\u00e7\u00e3o<\/b><\/u>: Frasco de\u00a0 50 mL<\/p>\n<p>O pre\u00e7o apresentado \u00e9 por frasco.<\/p>\n<p>&nbsp;<\/p>\n","protected":false},"excerpt":{"rendered":"<p>Peelings de Acido Azelaico para tratar pele oleosa,com acne ou com hiperpigmenta\u00e7\u00e3o O \u00e1cido azelaico \u00e9 obtido a partir de gr\u00e3os como cevada, trigo e centeio. \u00c9 um ingrediente multifuncional para cuidados com a pele que aborda uma infinidade de preocupa\u00e7\u00f5es relacionadas a erup\u00e7\u00f5es cut\u00e2neas e inflama\u00e7\u00f5es. Apresenta\u00e7\u00e3o: Frasco de\u00a0 50 mL O pre\u00e7o apresentado [&hellip;]<\/p>\n","protected":false},"featured_media":8959,"template":"","meta":[],"product_brand":[],"product_cat":[15,966,983,985,1024,1040,1044,1096,1099,1105,1113,1133,1135],"product_tag":[],"class_list":{"0":"post-6086","1":"product","2":"type-product","3":"status-publish","4":"has-post-thumbnail","6":"product_cat-uncategorized","7":"product_cat-peelings-pt-pt","8":"product_cat-peelings-de-acido-azelaico","9":"product_cat-peelings-de-acido-azelaico-pt-pt","10":"product_cat-areas-de-tratamentos-vs-produtos-tratamentos-com-equipamentos","11":"product_cat-corpo","12":"product_cat-diferentes-tons-de-pele","13":"product_cat-cara","14":"product_cat-acne-pt-pt","15":"product_cat-pontos-negros","16":"product_cat-diferentes-tons-de-pele-pt-pt","17":"product_cat-pele-oleosa","18":"product_cat-poros-abertos","20":"first","21":"instock","22":"taxable","23":"shipping-taxable","24":"purchasable","25":"product-type-simple"},"acf":{"display":[],"short_name":"","display_equipment_products":[],"short_name_equipment_products":"","confidential_information":{"text_block":false,"download_file":false}},"_links":{"self":[{"href":"https:\/\/www.therapmedic.com\/pt-pt\/wp-json\/wp\/v2\/product\/6086","targetHints":{"allow":["GET"]}}],"collection":[{"href":"https:\/\/www.therapmedic.com\/pt-pt\/wp-json\/wp\/v2\/product"}],"about":[{"href":"https:\/\/www.therapmedic.com\/pt-pt\/wp-json\/wp\/v2\/types\/product"}],"wp:featuredmedia":[{"embeddable":true,"href":"https:\/\/www.therapmedic.com\/pt-pt\/wp-json\/wp\/v2\/media\/8959"}],"wp:attachment":[{"href":"https:\/\/www.therapmedic.com\/pt-pt\/wp-json\/wp\/v2\/media?parent=6086"}],"wp:term":[{"taxonomy":"product_brand","embeddable":true,"href":"https:\/\/www.therapmedic.com\/pt-pt\/wp-json\/wp\/v2\/product_brand?post=6086"},{"taxonomy":"product_cat","embeddable":true,"href":"https:\/\/www.therapmedic.com\/pt-pt\/wp-json\/wp\/v2\/product_cat?post=6086"},{"taxonomy":"product_tag","embeddable":true,"href":"https:\/\/www.therapmedic.com\/pt-pt\/wp-json\/wp\/v2\/product_tag?post=6086"}],"curies":[{"name":"wp","href":"https:\/\/api.w.org\/{rel}","templated":true}]}}