{"id":3460,"date":"2023-03-24T16:36:40","date_gmt":"2023-03-24T16:36:40","guid":{"rendered":"https:\/\/www.therapmedic.com\/?post_type=product&#038;p=3460"},"modified":"2023-11-27T16:47:22","modified_gmt":"2023-11-27T16:47:22","slug":"pha-peeling-de-acido-lactobionico","status":"publish","type":"product","link":"https:\/\/www.therapmedic.com\/pt-pt\/produto\/pha-peeling-de-acido-lactobionico\/","title":{"rendered":"PHA &#8211; Peeling de Acido Lactobi\u00f3nico"},"content":{"rendered":"<p><b><i>Peelings PHA \u2013 Peeling LACTOBIONIC <\/i><\/b>(chamado acido de ver\u00e3o) &#8211; Reduz a hiperpigmenta\u00e7\u00e3o. Estimula o processo de esfolia\u00e7\u00e3o.Ilumina a pele, tornando as manchas de pigmento menos vis\u00edveis. Aumento da hidrata\u00e7\u00e3o da pele.<\/p>\n<p>Derivado de extratos vegetais, o \u00e1cido lactobi\u00f4nico (\u00e1cido 4-O-\u03b2-galactopiranosil-D-gluc\u00f4nico) pertence aos poli-hidroxi\u00e1cidos. Formado pela oxida\u00e7\u00e3o do a\u00e7\u00facar do leite (um dissacar\u00eddeo chamado lactose), consiste em \u00e1cido gluc\u00f4nico e galactose ligados por meio de uma liga\u00e7\u00e3o de \u00e9ter.<\/p>\n<p>Os poli-hidroxi\u00e1cidos penetram na pele gradualmente, camada por camada. Devido a este fato, seu uso em tratamentos de peeling n\u00e3o causa forte sensa\u00e7\u00e3o de queima\u00e7\u00e3o e irrita\u00e7\u00e3o na pele. O \u00e1cido lactobi\u00f4nico \u00e9 um esfoliante suave que suaviza e ressurge sem causar irrita\u00e7\u00e3o ou vermelhid\u00e3o. Gra\u00e7as ao efeito irritativo m\u00ednimo, pode ser realizado com sucesso mesmo em peles sens\u00edveis com tend\u00eancia a acne.<\/p>\n<p><u><b>Apresenta\u00e7\u00e3o<\/b><\/u>:\u00a0 Caixa com 10 frascos de 5 mL<\/p>\n<p>O pre\u00e7o apresentado \u00e9 por frasco. Para calcular o valor da caixa basta multiplicar pela quantidade de frascos na caixa.<\/p>\n","protected":false},"excerpt":{"rendered":"<p>Peelings PHA \u2013 Peeling LACTOBIONIC (chamado acido de ver\u00e3o) &#8211; Reduz a hiperpigmenta\u00e7\u00e3o. Estimula o processo de esfolia\u00e7\u00e3o.Ilumina a pele, tornando as manchas de pigmento menos vis\u00edveis. Aumento da hidrata\u00e7\u00e3o da pele. Derivado de extratos vegetais, o \u00e1cido lactobi\u00f4nico (\u00e1cido 4-O-\u03b2-galactopiranosil-D-gluc\u00f4nico) pertence aos poli-hidroxi\u00e1cidos. Formado pela oxida\u00e7\u00e3o do a\u00e7\u00facar do leite (um dissacar\u00eddeo chamado lactose), [&hellip;]<\/p>\n","protected":false},"featured_media":3461,"template":"","meta":[],"product_brand":[],"product_cat":[1028,1235,1040,1237,1046,1249,1048,1253,1066,1257,1096,1263,1101,1107,1117,1125,15,1149,966,1163,1012,1165,1017,1167,1024,1175,1026,1233],"product_tag":[],"class_list":{"0":"post-3460","1":"product","2":"type-product","3":"status-publish","4":"has-post-thumbnail","6":"product_cat-pele-envelhecida","7":"product_cat-pele-envelhecida-pt-pt-3","8":"product_cat-corpo","9":"product_cat-secura-pele-desidratada-pt-pt-3","10":"product_cat-secura-pele-desidratada","11":"product_cat-decote","12":"product_cat-cinza-pele-oxidada","13":"product_cat-secura-pele-desidratada-pt-pt-4","14":"product_cat-pele-cansada-toxificada","15":"product_cat-melasmas-manchas-castanhas-pt-pt-5","16":"product_cat-cara","17":"product_cat-rugas-pt-pt-2","18":"product_cat-pele-envelhecida-pt-pt","19":"product_cat-rejuvenescimento-facial-completo","20":"product_cat-secura-pele-desidratada-pt-pt","21":"product_cat-pele-cinzenta-oxidada","22":"product_cat-uncategorized","23":"product_cat-pele-cansada-entoxicada","24":"product_cat-peelings-pt-pt","25":"product_cat-manos","26":"product_cat-pha-pt-pt","27":"product_cat-pele-envelhecida-pt-pt-2","28":"product_cat-peeling-de-acido-lactobi","29":"product_cat-secura-pele-desidratada-pt-pt-2","30":"product_cat-areas-de-tratamentos-vs-produtos-tratamentos-com-equipamentos","31":"product_cat-pele-cansada-entoxicada-pt-pt","32":"product_cat-bracos","33":"product_cat-pescoco","35":"first","36":"instock","37":"taxable","38":"shipping-taxable","39":"purchasable","40":"product-type-simple"},"acf":{"display":[],"short_name":"","display_equipment_products":[],"short_name_equipment_products":"","confidential_information":{"text_block":false,"download_file":false}},"_links":{"self":[{"href":"https:\/\/www.therapmedic.com\/pt-pt\/wp-json\/wp\/v2\/product\/3460","targetHints":{"allow":["GET"]}}],"collection":[{"href":"https:\/\/www.therapmedic.com\/pt-pt\/wp-json\/wp\/v2\/product"}],"about":[{"href":"https:\/\/www.therapmedic.com\/pt-pt\/wp-json\/wp\/v2\/types\/product"}],"wp:featuredmedia":[{"embeddable":true,"href":"https:\/\/www.therapmedic.com\/pt-pt\/wp-json\/wp\/v2\/media\/3461"}],"wp:attachment":[{"href":"https:\/\/www.therapmedic.com\/pt-pt\/wp-json\/wp\/v2\/media?parent=3460"}],"wp:term":[{"taxonomy":"product_brand","embeddable":true,"href":"https:\/\/www.therapmedic.com\/pt-pt\/wp-json\/wp\/v2\/product_brand?post=3460"},{"taxonomy":"product_cat","embeddable":true,"href":"https:\/\/www.therapmedic.com\/pt-pt\/wp-json\/wp\/v2\/product_cat?post=3460"},{"taxonomy":"product_tag","embeddable":true,"href":"https:\/\/www.therapmedic.com\/pt-pt\/wp-json\/wp\/v2\/product_tag?post=3460"}],"curies":[{"name":"wp","href":"https:\/\/api.w.org\/{rel}","templated":true}]}}