{"id":3410,"date":"2023-03-24T15:19:55","date_gmt":"2023-03-24T15:19:55","guid":{"rendered":"https:\/\/www.therapmedic.com\/?post_type=product&#038;p=3410"},"modified":"2024-01-01T00:00:18","modified_gmt":"2024-01-01T00:00:18","slug":"peeling-tca","status":"publish","type":"product","link":"https:\/\/www.therapmedic.com\/pt-pt\/produto\/peeling-tca\/","title":{"rendered":"Peeling TCA 30%"},"content":{"rendered":"<p id=\"tw-target-text\" class=\"tw-data-text tw-text-large tw-ta\" dir=\"ltr\" data-placeholder=\"Tradu\u00e7\u00e3o\"><span class=\"Y2IQFc\" lang=\"pt\"><strong>AHA Peeling TCA 30% &#8211;<\/strong> poderosa solu\u00e7\u00e3o esfoliante para uma tez jovem<\/span><\/p>\n<p>O \u00e1cido tricloroac\u00e9tico TCA tem sido usado como agente esfoliante por muito tempo e continua sendo o agente mais seguro e eficaz para peelings m\u00e9dios, especialmente quando combinado com a solu\u00e7\u00e3o de Jessner.<\/p>\n<p>N\u00e3o use no ver\u00e3o.<\/p>\n<p>Apresenta\u00e7\u00e3o: Peeling de TCA 30% 50 mL<\/p>\n<p>O pre\u00e7o apresentado \u00e9 por garrafa.<\/p>\n","protected":false},"excerpt":{"rendered":"<p>AHA Peeling TCA 30% &#8211; poderosa solu\u00e7\u00e3o esfoliante para uma tez jovem O \u00e1cido tricloroac\u00e9tico TCA tem sido usado como agente esfoliante por muito tempo e continua sendo o agente mais seguro e eficaz para peelings m\u00e9dios, especialmente quando combinado com a solu\u00e7\u00e3o de Jessner. N\u00e3o use no ver\u00e3o. Apresenta\u00e7\u00e3o: Peeling de TCA 30% 50 [&hellip;]<\/p>\n","protected":false},"featured_media":6066,"template":"","meta":[],"product_brand":[],"product_cat":[1060,1068,1084,1096,1099,1139,1163,1171,15,1213,966,1219,1022,1233,1024,1241,1026,1247,1036,1249,1040,1257,1054,1263],"product_tag":[],"class_list":{"0":"post-3410","1":"product","2":"type-product","3":"status-publish","4":"has-post-thumbnail","6":"product_cat-pele-aspera","7":"product_cat-gluteos","8":"product_cat-melasmas-manchas-castanhas-pt-pt-2","9":"product_cat-cara","10":"product_cat-acne-pt-pt","11":"product_cat-pele-aspera-pt-pt","12":"product_cat-manos","13":"product_cat-melasmas-manchas-castanhas-pt-pt-3","14":"product_cat-uncategorized","15":"product_cat-pernas","16":"product_cat-peelings-pt-pt","17":"product_cat-melasmas-manchas-castanhas-pt-pt-4","18":"product_cat-tca-pt-pt","19":"product_cat-pescoco","20":"product_cat-areas-de-tratamentos-vs-produtos-tratamentos-com-equipamentos","21":"product_cat-melasmas-manchas-castanahs","22":"product_cat-bracos","23":"product_cat-rugas-pt-pt","24":"product_cat-melasmas-manchas-castanhas","25":"product_cat-decote","26":"product_cat-corpo","27":"product_cat-melasmas-manchas-castanhas-pt-pt-5","28":"product_cat-melasmas-manchas-castanhas-pt-pt","29":"product_cat-rugas-pt-pt-2","31":"first","32":"instock","33":"taxable","34":"shipping-taxable","35":"purchasable","36":"product-type-simple"},"acf":{"display":[],"short_name":"","display_equipment_products":[],"short_name_equipment_products":"","confidential_information":{"text_block":false,"download_file":false}},"_links":{"self":[{"href":"https:\/\/www.therapmedic.com\/pt-pt\/wp-json\/wp\/v2\/product\/3410","targetHints":{"allow":["GET"]}}],"collection":[{"href":"https:\/\/www.therapmedic.com\/pt-pt\/wp-json\/wp\/v2\/product"}],"about":[{"href":"https:\/\/www.therapmedic.com\/pt-pt\/wp-json\/wp\/v2\/types\/product"}],"wp:featuredmedia":[{"embeddable":true,"href":"https:\/\/www.therapmedic.com\/pt-pt\/wp-json\/wp\/v2\/media\/6066"}],"wp:attachment":[{"href":"https:\/\/www.therapmedic.com\/pt-pt\/wp-json\/wp\/v2\/media?parent=3410"}],"wp:term":[{"taxonomy":"product_brand","embeddable":true,"href":"https:\/\/www.therapmedic.com\/pt-pt\/wp-json\/wp\/v2\/product_brand?post=3410"},{"taxonomy":"product_cat","embeddable":true,"href":"https:\/\/www.therapmedic.com\/pt-pt\/wp-json\/wp\/v2\/product_cat?post=3410"},{"taxonomy":"product_tag","embeddable":true,"href":"https:\/\/www.therapmedic.com\/pt-pt\/wp-json\/wp\/v2\/product_tag?post=3410"}],"curies":[{"name":"wp","href":"https:\/\/api.w.org\/{rel}","templated":true}]}}