{"id":1945,"date":"2022-12-27T15:59:41","date_gmt":"2022-12-27T15:59:41","guid":{"rendered":"https:\/\/www.therapmedic.com\/?post_type=product&#038;p=1945"},"modified":"2026-04-30T16:03:33","modified_gmt":"2026-04-30T16:03:33","slug":"glicolic-acid-peeling-at-35","status":"publish","type":"product","link":"https:\/\/www.therapmedic.com\/pt-pt\/produto\/glicolic-acid-peeling-at-35\/","title":{"rendered":"Peeling de Acido Glic\u00f3lico a 35%"},"content":{"rendered":"<p>AHA 35% Peeling Glic\u00f3lico \u2013 Peeling suave<\/p>\n<p>O \u00e1cido glic\u00f3lico (da cana-de-a\u00e7\u00facar) \u00e9 o agente de peeling mais comum. Pode ser usado no tratamento de linhas finas e rugas, danos causados pelo sol, melhora da textura da pele, brilho da Pele. <u><b><i>N\u00e3o use no ver\u00e3o.<\/i><\/b><\/u><\/p>\n<p>O \u00e1cido glic\u00f3lico (GA) obtido da cana-de-a\u00e7\u00facar \u00e9 usado na casca de alfa-hidroxi\u00e1cido mais comum. GA tem o menor peso molecular entre todos os alfa-hidroxi\u00e1cidos. Penetra na pele facilmente, tornando-se um agente de peeling popular. Os peelings de GA t\u00eam efeitos anti inflamat\u00f3rios, ceratol\u00edticos e antioxidantes. O GA tem como alvo o corneossoma aumentando a degrada\u00e7\u00e3o e diminuindo a coes\u00e3o, causando descama\u00e7\u00e3o.<\/p>\n<p>Apresenta\u00e7\u00e3o: Frasco com 50 mL (1,76 fl.oz)<\/p>\n<p>O pre\u00e7o apresentado \u00e9 por frasco.<\/p>\n","protected":false},"excerpt":{"rendered":"<p>AHA 35% Peeling Glic\u00f3lico \u2013 Peeling suave O \u00e1cido glic\u00f3lico (da cana-de-a\u00e7\u00facar) \u00e9 o agente de peeling mais comum. Pode ser usado no tratamento de linhas finas e rugas, danos causados pelo sol, melhora da textura da pele, brilho da Pele. N\u00e3o use no ver\u00e3o. O \u00e1cido glic\u00f3lico (GA) obtido da cana-de-a\u00e7\u00facar \u00e9 usado na [&hellip;]<\/p>\n","protected":false},"featured_media":8980,"template":"","meta":[],"product_brand":[],"product_cat":[969,1233,971,1239,1024,1249,1040,1251,1044,1255,1066,1068,1082,1096,1113,1121,1129,1149,1163,15,1169,966,1175],"product_tag":[],"class_list":{"0":"post-1945","1":"product","2":"type-product","3":"status-publish","4":"has-post-thumbnail","6":"product_cat-aha-pt-pt","7":"product_cat-pescoco","8":"product_cat-peelings-de-acido-glicolico","9":"product_cat-pouca-elasticidade-pt-pt-4","10":"product_cat-areas-de-tratamentos-vs-produtos-tratamentos-com-equipamentos","11":"product_cat-decote","12":"product_cat-corpo","13":"product_cat-pele-envelhecida-pt-pt-4","14":"product_cat-diferentes-tons-de-pele","15":"product_cat-pouca-elasticidade-pt-pt-5","16":"product_cat-pele-cansada-toxificada","17":"product_cat-gluteos","18":"product_cat-pouca-elasticidade-pt-pt","19":"product_cat-cara","20":"product_cat-diferentes-tons-de-pele-pt-pt","21":"product_cat-estiramento-da-pele-do-rosto-lifting-facial","22":"product_cat-pouca-elasticidade-pt-pt-2","23":"product_cat-pele-cansada-entoxicada","24":"product_cat-manos","25":"product_cat-uncategorized","26":"product_cat-pouca-elasticidade-pt-pt-3","27":"product_cat-peelings-pt-pt","28":"product_cat-pele-cansada-entoxicada-pt-pt","30":"first","31":"instock","32":"taxable","33":"shipping-taxable","34":"purchasable","35":"product-type-simple"},"acf":{"display":[],"short_name":"","display_equipment_products":[],"short_name_equipment_products":"","confidential_information":{"text_block":false,"download_file":false}},"_links":{"self":[{"href":"https:\/\/www.therapmedic.com\/pt-pt\/wp-json\/wp\/v2\/product\/1945","targetHints":{"allow":["GET"]}}],"collection":[{"href":"https:\/\/www.therapmedic.com\/pt-pt\/wp-json\/wp\/v2\/product"}],"about":[{"href":"https:\/\/www.therapmedic.com\/pt-pt\/wp-json\/wp\/v2\/types\/product"}],"wp:featuredmedia":[{"embeddable":true,"href":"https:\/\/www.therapmedic.com\/pt-pt\/wp-json\/wp\/v2\/media\/8980"}],"wp:attachment":[{"href":"https:\/\/www.therapmedic.com\/pt-pt\/wp-json\/wp\/v2\/media?parent=1945"}],"wp:term":[{"taxonomy":"product_brand","embeddable":true,"href":"https:\/\/www.therapmedic.com\/pt-pt\/wp-json\/wp\/v2\/product_brand?post=1945"},{"taxonomy":"product_cat","embeddable":true,"href":"https:\/\/www.therapmedic.com\/pt-pt\/wp-json\/wp\/v2\/product_cat?post=1945"},{"taxonomy":"product_tag","embeddable":true,"href":"https:\/\/www.therapmedic.com\/pt-pt\/wp-json\/wp\/v2\/product_tag?post=1945"}],"curies":[{"name":"wp","href":"https:\/\/api.w.org\/{rel}","templated":true}]}}