{"id":1847,"date":"2022-12-16T11:35:40","date_gmt":"2022-12-16T11:35:40","guid":{"rendered":"https:\/\/www.therapmedic.com\/?post_type=product&#038;p=1847"},"modified":"2026-05-09T16:17:02","modified_gmt":"2026-05-09T16:17:02","slug":"ipl-active-extra-818-gem-pl-com-dois-manipulos-cara-e-corpo","status":"publish","type":"product","link":"https:\/\/www.therapmedic.com\/pt-pt\/produto\/ipl-active-extra-818-gem-pl-com-dois-manipulos-cara-e-corpo\/","title":{"rendered":"IPL Active Extra 818 GEM PL &#8211; com dois manipulos (Cara e Corpo)"},"content":{"rendered":"<p><b>Active Extra 818 GEM PL <\/b>\u2013 a solu\u00e7\u00e3o completa para a sua cl\u00ednica<\/p>\n<p>O Extra-818 \u00e9 o resultado de mais de uma d\u00e9cada de tratamentos e milhares de aparelhos operados em todo o mundo. \u00c9 baseado na tecnologia GEM-PL da Active, ele define um padr\u00e3o de pulso espec\u00edfico de acordo com o tipo de tratamento selecionado, cor da pele, fotossensibilidade da pele e profundidade do tratamento. Ele cont\u00e9m recursos exclusivos:<\/p>\n<ul>\n<li>Controle de tela de toque contempor\u00e2neo.<\/li>\n<li>Procedimento de teste de patch integrado para examinar o n\u00edvel de energia ideal.<\/li>\n<li>Um n\u00famero impressionante de 450.000 flashes em ambas as l\u00e2mpadas.<\/li>\n<li>A pe\u00e7a de m\u00e3o grande possui um bot\u00e3o de press\u00e3o al\u00e9m do pedal, tornando o trabalho mais f\u00e1cil e r\u00e1pido para o terapeuta. para o seu SPA \/ Clinica<\/li>\n<\/ul>\n<p>O Extra &#8211; 818, baseado na tecnologia GEM-PL da Active, define um padr\u00e3o de pulso espec\u00edfico de acordo com o tipo de tratamento selecionado, cor da pele, fotossensibilidade da pele e profundidade do tratamento.<\/p>\n<p id=\"tw-target-text\" class=\"tw-data-text tw-text-large tw-ta\" dir=\"ltr\" data-placeholder=\"Tradu\u00e7\u00e3o\"><span class=\"Y2IQFc\" lang=\"pt\">Manipulos resfriadas a ar, sem \u00e1gua nas al\u00e7as para resfriar as l\u00e2mpadas. F\u00e1cil de trocar as l\u00e2mpadas, basta desparafusar e colocar uma nova, qualquer um pode fazer, sem precisar ligar para o servi\u00e7o t\u00e9cnico.<\/span><\/p>\n","protected":false},"excerpt":{"rendered":"<p>Active Extra 818 GEM PL \u2013 a solu\u00e7\u00e3o completa para a sua cl\u00ednica O Extra-818 \u00e9 o resultado de mais de uma d\u00e9cada de tratamentos e milhares de aparelhos operados em todo o mundo. \u00c9 baseado na tecnologia GEM-PL da Active, ele define um padr\u00e3o de pulso espec\u00edfico de acordo com o tipo de tratamento [&hellip;]<\/p>\n","protected":false},"featured_media":8506,"template":"","meta":[],"product_brand":[],"product_cat":[1036,1141,1229,1038,1151,1231,1040,1159,1233,1054,1161,1235,1062,1163,1239,1068,1165,1241,1082,1171,1249,1086,1173,1251,1096,1195,1255,1099,1201,1257,1107,1213,1259,15,1121,1219,1379,1024,1123,1221,1026,1129,1223,1028,1131,1225,1034,1135,1227],"product_tag":[],"class_list":{"0":"post-1847","1":"product","2":"type-product","3":"status-publish","4":"has-post-thumbnail","6":"product_cat-melasmas-manchas-castanhas","7":"product_cat-pele-flacida-pt-pt-3","8":"product_cat-unhas","9":"product_cat-pele-flacida","10":"product_cat-remocao-de-pelos-indesejados","11":"product_cat-fungos-pt-pt","12":"product_cat-corpo","13":"product_cat-pes","14":"product_cat-pescoco","15":"product_cat-melasmas-manchas-castanhas-pt-pt","16":"product_cat-fungos","17":"product_cat-pele-envelhecida-pt-pt-3","18":"product_cat-pele-flacida-pt-pt","19":"product_cat-manos","20":"product_cat-pouca-elasticidade-pt-pt-4","21":"product_cat-gluteos","22":"product_cat-pele-envelhecida-pt-pt-2","23":"product_cat-melasmas-manchas-castanahs","24":"product_cat-pouca-elasticidade-pt-pt","25":"product_cat-melasmas-manchas-castanhas-pt-pt-3","26":"product_cat-decote","27":"product_cat-pele-flacida-pt-pt-2","28":"product_cat-pele-flacida-pt-pt-4","29":"product_cat-pele-envelhecida-pt-pt-4","30":"product_cat-cara","31":"product_cat-areas-intimas-pt-pt","32":"product_cat-pouca-elasticidade-pt-pt-5","33":"product_cat-acne-pt-pt","34":"product_cat-hiper-pigmentacao","35":"product_cat-melasmas-manchas-castanhas-pt-pt-5","36":"product_cat-rejuvenescimento-facial-completo","37":"product_cat-pernas","38":"product_cat-pele-flacida-pt-pt-7","39":"product_cat-uncategorized","40":"product_cat-estiramento-da-pele-do-rosto-lifting-facial","41":"product_cat-melasmas-manchas-castanhas-pt-pt-4","42":"product_cat-tatuagens","43":"product_cat-areas-de-tratamentos-vs-produtos-tratamentos-com-equipamentos","44":"product_cat-rugas-na-testa","45":"product_cat-pele-flacida-pt-pt-5","46":"product_cat-bracos","47":"product_cat-pouca-elasticidade-pt-pt-2","48":"product_cat-aranhas-vasculares","49":"product_cat-pele-envelhecida","50":"product_cat-melasmas-manchas-castanhas-hiperpigmentacao","51":"product_cat-cabelo-nao-desejado","52":"product_cat-pouca-elasticidade","53":"product_cat-poros-abertos","54":"product_cat-varizes","56":"first","57":"instock","58":"taxable","59":"shipping-taxable","60":"purchasable","61":"product-type-simple"},"acf":{"display":[],"short_name":"","display_equipment_products":[],"short_name_equipment_products":"","confidential_information":{"text_block":false,"download_file":false}},"_links":{"self":[{"href":"https:\/\/www.therapmedic.com\/pt-pt\/wp-json\/wp\/v2\/product\/1847","targetHints":{"allow":["GET"]}}],"collection":[{"href":"https:\/\/www.therapmedic.com\/pt-pt\/wp-json\/wp\/v2\/product"}],"about":[{"href":"https:\/\/www.therapmedic.com\/pt-pt\/wp-json\/wp\/v2\/types\/product"}],"wp:featuredmedia":[{"embeddable":true,"href":"https:\/\/www.therapmedic.com\/pt-pt\/wp-json\/wp\/v2\/media\/8506"}],"wp:attachment":[{"href":"https:\/\/www.therapmedic.com\/pt-pt\/wp-json\/wp\/v2\/media?parent=1847"}],"wp:term":[{"taxonomy":"product_brand","embeddable":true,"href":"https:\/\/www.therapmedic.com\/pt-pt\/wp-json\/wp\/v2\/product_brand?post=1847"},{"taxonomy":"product_cat","embeddable":true,"href":"https:\/\/www.therapmedic.com\/pt-pt\/wp-json\/wp\/v2\/product_cat?post=1847"},{"taxonomy":"product_tag","embeddable":true,"href":"https:\/\/www.therapmedic.com\/pt-pt\/wp-json\/wp\/v2\/product_tag?post=1847"}],"curies":[{"name":"wp","href":"https:\/\/api.w.org\/{rel}","templated":true}]}}