{"id":1830,"date":"2022-12-16T11:16:58","date_gmt":"2022-12-16T11:16:58","guid":{"rendered":"https:\/\/www.therapmedic.com\/?post_type=product&#038;p=1830"},"modified":"2024-01-01T00:00:33","modified_gmt":"2024-01-01T00:00:33","slug":"ipl-active-extra-618-portatil","status":"publish","type":"product","link":"https:\/\/www.therapmedic.com\/pt-pt\/produto\/ipl-active-extra-618-portatil\/","title":{"rendered":"IPL &#8211; Active Extra 618 Port\u00e1til"},"content":{"rendered":"<p><b>Extra &#8211; 618 (<\/b><b>Crystal<\/b><b>) &#8211; <\/b>\u00e9 uma unidade de mesa leve e port\u00e1til adequada para f\u00e1cil transporte entre cl\u00ednicas. \u00c9 altamente adequado para tratamentos est\u00e9ticos d\u00e9rmicos como acne, rejuvenescimento da pele, depila\u00e7\u00e3o e muito mais.<\/p>\n<p>O Extra-618 \u00e9 o resultado de mais de uma d\u00e9cada de tratamentos e milhares de aparelhos operados em todo o mundo. \u00c9 baseado na tecnologia GEM-PL da Active, ele define um padr\u00e3o de pulso espec\u00edfico de acordo com o tipo de tratamento selecionado, cor da pele, fotossensibilidade da pele e profundidade do tratamento. Ele cont\u00e9m recursos exclusivos:<\/p>\n<ul>\n<li>Controle de tela de toque contempor\u00e2neo.<\/li>\n<li>Procedimento de teste de patch integrado para examinar o n\u00edvel de energia ideal.<\/li>\n<li>Um n\u00famero impressionante de 450.000 flashes<\/li>\n<li>A pe\u00e7a de m\u00e3o grande possui um bot\u00e3o de press\u00e3o al\u00e9m do pedal, tornando o trabalho mais f\u00e1cil e r\u00e1pido para o terapeuta.<\/li>\n<\/ul>\n","protected":false},"excerpt":{"rendered":"<p>Extra &#8211; 618 (Crystal) &#8211; \u00e9 uma unidade de mesa leve e port\u00e1til adequada para f\u00e1cil transporte entre cl\u00ednicas. \u00c9 altamente adequado para tratamentos est\u00e9ticos d\u00e9rmicos como acne, rejuvenescimento da pele, depila\u00e7\u00e3o e muito mais. O Extra-618 \u00e9 o resultado de mais de uma d\u00e9cada de tratamentos e milhares de aparelhos operados em todo o [&hellip;]<\/p>\n","protected":false},"featured_media":1831,"template":"","meta":[],"product_brand":[],"product_cat":[1040,1151,1227,1054,1159,1229,1062,1161,1231,1068,1163,1233,1080,1165,1235,1082,1169,1239,1084,1171,1241,1086,1173,1243,1096,1195,1249,15,1099,1201,1251,1024,1101,1203,1255,1026,1107,1213,1257,1028,1121,1219,1259,1034,1131,1221,1379,1036,1135,1223,1038,1141,1225],"product_tag":[],"class_list":{"0":"post-1830","1":"product","2":"type-product","3":"status-publish","4":"has-post-thumbnail","6":"product_cat-corpo","7":"product_cat-remocao-de-pelos-indesejados","8":"product_cat-varizes","9":"product_cat-melasmas-manchas-castanhas-pt-pt","10":"product_cat-pes","11":"product_cat-unhas","12":"product_cat-pele-flacida-pt-pt","13":"product_cat-fungos","14":"product_cat-fungos-pt-pt","15":"product_cat-gluteos","16":"product_cat-manos","17":"product_cat-pescoco","18":"product_cat-gluteos-facidos-e-caidos","19":"product_cat-pele-envelhecida-pt-pt-2","20":"product_cat-pele-envelhecida-pt-pt-3","21":"product_cat-pouca-elasticidade-pt-pt","22":"product_cat-pouca-elasticidade-pt-pt-3","23":"product_cat-pouca-elasticidade-pt-pt-4","24":"product_cat-melasmas-manchas-castanhas-pt-pt-2","25":"product_cat-melasmas-manchas-castanhas-pt-pt-3","26":"product_cat-melasmas-manchas-castanahs","27":"product_cat-pele-flacida-pt-pt-2","28":"product_cat-pele-flacida-pt-pt-4","29":"product_cat-pele-flacida-pt-pt-6","30":"product_cat-cara","31":"product_cat-areas-intimas-pt-pt","32":"product_cat-decote","33":"product_cat-uncategorized","34":"product_cat-acne-pt-pt","35":"product_cat-hiper-pigmentacao","36":"product_cat-pele-envelhecida-pt-pt-4","37":"product_cat-areas-de-tratamentos-vs-produtos-tratamentos-com-equipamentos","38":"product_cat-pele-envelhecida-pt-pt","39":"product_cat-rejuvenescimento-e-branqueamento-da-pele-em-zonas-delicadas-pt-pt","40":"product_cat-pouca-elasticidade-pt-pt-5","41":"product_cat-bracos","42":"product_cat-rejuvenescimento-facial-completo","43":"product_cat-pernas","44":"product_cat-melasmas-manchas-castanhas-pt-pt-5","45":"product_cat-pele-envelhecida","46":"product_cat-estiramento-da-pele-do-rosto-lifting-facial","47":"product_cat-melasmas-manchas-castanhas-pt-pt-4","48":"product_cat-pele-flacida-pt-pt-7","49":"product_cat-pouca-elasticidade","50":"product_cat-melasmas-manchas-castanhas-hiperpigmentacao","51":"product_cat-pele-flacida-pt-pt-5","52":"product_cat-tatuagens","53":"product_cat-melasmas-manchas-castanhas","54":"product_cat-poros-abertos","55":"product_cat-aranhas-vasculares","56":"product_cat-pele-flacida","57":"product_cat-pele-flacida-pt-pt-3","58":"product_cat-cabelo-nao-desejado","60":"first","61":"instock","62":"taxable","63":"shipping-taxable","64":"purchasable","65":"product-type-simple"},"acf":{"display":[],"short_name":"","display_equipment_products":[],"short_name_equipment_products":"","confidential_information":{"text_block":false,"download_file":false}},"_links":{"self":[{"href":"https:\/\/www.therapmedic.com\/pt-pt\/wp-json\/wp\/v2\/product\/1830","targetHints":{"allow":["GET"]}}],"collection":[{"href":"https:\/\/www.therapmedic.com\/pt-pt\/wp-json\/wp\/v2\/product"}],"about":[{"href":"https:\/\/www.therapmedic.com\/pt-pt\/wp-json\/wp\/v2\/types\/product"}],"wp:featuredmedia":[{"embeddable":true,"href":"https:\/\/www.therapmedic.com\/pt-pt\/wp-json\/wp\/v2\/media\/1831"}],"wp:attachment":[{"href":"https:\/\/www.therapmedic.com\/pt-pt\/wp-json\/wp\/v2\/media?parent=1830"}],"wp:term":[{"taxonomy":"product_brand","embeddable":true,"href":"https:\/\/www.therapmedic.com\/pt-pt\/wp-json\/wp\/v2\/product_brand?post=1830"},{"taxonomy":"product_cat","embeddable":true,"href":"https:\/\/www.therapmedic.com\/pt-pt\/wp-json\/wp\/v2\/product_cat?post=1830"},{"taxonomy":"product_tag","embeddable":true,"href":"https:\/\/www.therapmedic.com\/pt-pt\/wp-json\/wp\/v2\/product_tag?post=1830"}],"curies":[{"name":"wp","href":"https:\/\/api.w.org\/{rel}","templated":true}]}}