{"id":1817,"date":"2022-12-01T19:50:31","date_gmt":"2022-12-01T19:50:31","guid":{"rendered":"https:\/\/www.therapmedic.com\/?post_type=product&#038;p=1817"},"modified":"2023-11-29T11:07:19","modified_gmt":"2023-11-29T11:07:19","slug":"golden-hair","status":"publish","type":"product","link":"https:\/\/www.therapmedic.com\/pt-pt\/produto\/golden-hair\/","title":{"rendered":"Golden Hair"},"content":{"rendered":"<p><b><i>Golden <\/i><\/b><b><i>Hair<\/i><\/b> <b>&#8211;\u00a0 tratamento para a queda de cabelo e <\/b><b>calvice<\/b><\/p>\n<p>A queda de cabelo \u00e9 um processo natural que faz parte do ciclo de crescimento dos fios e, por isso, \u00e9 normal a pessoa nem notar que perde entre 60 a 100 fios de cabelo por dia. No entanto, a queda de cabelo pode ser preocupante quando \u00e9 excessiva, ou seja, quando se perde mais do que 100 fios de cabelo por dia, pois pode ser causada por altera\u00e7\u00f5es hormonais na menopausa ou andropausa, estresse, alimenta\u00e7\u00e3o pobre em nutrientes e vitaminas ou anemia, por exemplo.<\/p>\n<p>Apresenta\u00e7\u00e3o: Caixa de 5 conjuntos (vial de p\u00f3 e respetivo solvente)<\/p>\n<p>O pre\u00e7o apresentado \u00e9 por conjunto frasco de p\u00f3 + solvente espec\u00edfico.<\/p>\n","protected":false},"excerpt":{"rendered":"<p>Golden Hair &#8211;\u00a0 tratamento para a queda de cabelo e calvice A queda de cabelo \u00e9 um processo natural que faz parte do ciclo de crescimento dos fios e, por isso, \u00e9 normal a pessoa nem notar que perde entre 60 a 100 fios de cabelo por dia. No entanto, a queda de cabelo pode [&hellip;]<\/p>\n","protected":false},"featured_media":1818,"template":"","meta":[],"product_brand":[],"product_cat":[15,944,950,1024,1179,1181],"product_tag":[],"class_list":{"0":"post-1817","1":"product","2":"type-product","3":"status-publish","4":"has-post-thumbnail","6":"product_cat-uncategorized","7":"product_cat-produtos-de-mesoterapia","8":"product_cat-produtos-biomimeticos","9":"product_cat-areas-de-tratamentos-vs-produtos-tratamentos-com-equipamentos","10":"product_cat-cabeca","11":"product_cat-calvice-ou-cabelo-muito-fraco","13":"first","14":"instock","15":"taxable","16":"shipping-taxable","17":"purchasable","18":"product-type-simple"},"acf":{"display":[],"short_name":"","display_equipment_products":[],"short_name_equipment_products":"","confidential_information":{"text_block":[{"title":"Ingredientes ativos","textarea":"<p>Golden Hair \u00e9 um produto que \u00e9 apresentado em dois viais, um com o p\u00f3 e outro com o solvente espec\u00edfico. Misture os dois para obter a reconstitui\u00e7\u00e3o do produto e use-o num espa\u00e7o de 4 horas. Ap\u00f3s disso os p\u00e9ptidos morrem e o produto deixa de fazer efeito.<\/p>\n<p><b>Frasco liofilizado<\/b>: manitol, octapept\u00eddeo-2, sh-polipept\u00eddeo-9, acetil tetrapept\u00eddeo-3, n-acetil carnosina, tripept\u00eddeo de cobre, acetil decapept\u00eddeo-3.<\/p>\n<p><b>Solvente espec\u00edfico<\/b>: Pantenol, Biotina, Cloreto de tiamina, extrato de ovo de Piscum (caviar), zinco, cloreto de arginina, metionina, ciste\u00edna<\/p>\n<p>&nbsp;<\/p>\n<p id=\"tw-target-text\" class=\"tw-data-text tw-text-large tw-ta\" dir=\"ltr\" data-placeholder=\"Tradu\u00e7\u00e3o\"><span class=\"Y2IQFc\" lang=\"pt\"><strong>Acetil decapept\u00eddeo-<\/strong>3<br \/>\nReduz e previne linhas e rugas ao gerar ativamente novas c\u00e9lulas da pele. Est\u00e1 envolvido no crescimento normal da pele, cicatriza\u00e7\u00e3o e repara\u00e7\u00e3o de feridas. Atua fortalecendo a elasticidade da pele induzindo a s\u00edntese de col\u00e1geno e elastina.<\/span><\/p>\n<p><strong>Acetil tetrapept\u00eddeo-3<\/strong><br \/>\nProjetado para prevenir e interromper o processo de queda de cabelo, estimular o crescimento do cabelo e reduzir a inflama\u00e7\u00e3o no couro cabeludo. \u00c9 um pept\u00eddeo de sinal biomim\u00e9tico (acetil tetrapept\u00eddeo-3)\u00a0estimula as prote\u00ednas da matriz extracelular da papila d\u00e9rmica e, portanto, tem um efeito direto no tamanho e na ancoragem do fol\u00edculo piloso<\/p>\n<p class=\"tw-data-text tw-text-large tw-ta\" dir=\"ltr\" data-placeholder=\"Tradu\u00e7\u00e3o\"><span class=\"Y2IQFc\" lang=\"pt\"><br \/>\nUm dos efeitos colaterais do horm\u00f4nio DTH \u00e9 a perda da integridade do tecido conjuntivo ao redor do fol\u00edculo piloso, al\u00e9m de haver um aumento da inflama\u00e7\u00e3o e do estresse oxidativo no couro cabeludo. O acetil tetrapept\u00eddeo-3 estimula as prote\u00ednas da matriz extracelular, refor\u00e7ando as estruturas ao redor dos fol\u00edculos pilosos, proporcionando ao cabelo uma fixa\u00e7\u00e3o mais firme e reduzindo os danos a ele.<\/span><\/p>\n<p class=\"tw-data-text tw-text-large tw-ta\" dir=\"ltr\" data-placeholder=\"Tradu\u00e7\u00e3o\"><span class=\"Y2IQFc\" lang=\"pt\"><br \/>\nO acetil tetrapept\u00eddeo-3 aumenta a s\u00edntese de col\u00e1geno tipo III, bem como o col\u00e1geno VII, um dos principais constituintes das fibrilas de ancoragem localizadas na membrana basal (DEJ) ao redor da papila capilar. O acetil tetrapept\u00eddeo-3 supostamente alonga a haste do cabelo e aumenta o comprimento do fol\u00edculo em 35% ap\u00f3s apenas oito dias de tratamento.<\/span><\/p>\n<p id=\"tw-target-text\" class=\"tw-data-text tw-text-large tw-ta\" dir=\"ltr\" data-placeholder=\"Tradu\u00e7\u00e3o\"><span class=\"Y2IQFc\" lang=\"pt\"><strong>Cobre Tripept\u00eddeo-1<\/strong><br \/>\nDesempenha um papel na matriz extracelular. Atua como pept\u00eddeo sinal e transportador, promove a s\u00edntese regular de col\u00e1geno, elastina, proteoglicano e glicosaminoglicano e fornece respostas anti-inflamat\u00f3rias e antioxidantes.<br \/>\nCu-GHK pode estimular o crescimento do cabelo. O complexo tripept\u00eddeo de cobre garante o alargamento folicular e ajuda a cobrir o fol\u00edculo com um cabelo felpudo; o efeito \u00e9 compar\u00e1vel ao do Minoxidil.<br \/>\nMelhorar a microcircula\u00e7\u00e3o dos vasos sangu\u00edneos da pele.<br \/>\nProduzir energia bioqu\u00edmica a partir de nutrientes no suprimento de sangue do corpo.<br \/>\nAumentar o mecanismo de defesa natural contra danos oxidativos,<br \/>\nEstimular a s\u00edntese de col\u00e1geno.<\/span><\/p>\n<p><strong>n-acetil carnosina<\/strong><br \/>\nA carnosina \u00e9 uma esp\u00e9cie reativa de oxig\u00eanio eliminadora, bem como um alde\u00eddo alfa-beta insaturado formado a partir da peroxida\u00e7\u00e3o de \u00e1cidos graxos da membrana celular durante o estresse oxidativo.<\/p>\n<p class=\"tw-data-text tw-text-large tw-ta\" dir=\"ltr\" data-placeholder=\"Tradu\u00e7\u00e3o\"><span class=\"Y2IQFc\" lang=\"pt\"><strong>Octapept\u00eddeo-2<\/strong><br \/>\nCadeia de 8 amino\u00e1cidos, ativa as c\u00e9lulas-tronco do fol\u00edculo piloso para promover o crescimento do cabelo.<br \/>\nAp\u00f3s 5 dias de tratamento, o cabelo \u00e9 visivelmente mais longo e mais grosso em compara\u00e7\u00e3o com o controle. promove o crescimento dentro das c\u00e9lulas-tronco do fol\u00edculo.<\/span><\/p>\n"},{"title":"Misturas poss\u00edveis","textarea":"<p>Nenhuma<\/p>\n"},{"title":"Protocolo de tratamentos","textarea":"<p><strong>Regras gerais<\/strong><\/p>\n<p>&nbsp;<\/p>\n<p>Passo 1: Lave a pele com um gel de limpeza transparente e seque. N\u00e3o use um creme, lo\u00e7\u00e3o ou limpador perolado, que pode deixar res\u00edduos.<\/p>\n<p>&nbsp;<\/p>\n<p>Passo 2: Desinfete a \u00e1rea com clorexidina ou similar<\/p>\n<p>&nbsp;<\/p>\n<p>Passo 3: Aplique uma pequena quantidade do produto em uma compressa de gaze e espalhe sobre a \u00e1rea desejada (ou use um pincel leque) se estiver usando mesoterapia virtual ou encha a seringa com o produto se estiver usando mesoterapia cl\u00e1ssica.<\/p>\n<p>&nbsp;<\/p>\n<p>Etapa 4: percorra a \u00e1rea com o instrumento seguindo as instru\u00e7\u00f5es do fabricante<\/p>\n<p>&nbsp;<\/p>\n<p>Passo 5: Reaplique a solu\u00e7\u00e3o conforme necess\u00e1rio para cobrir toda a \u00e1rea at\u00e9 que a pele esteja levemente \u00famida (no caso de mesoterapia virtual)<\/p>\n<p>&nbsp;<\/p>\n<p>Passo 6: Repita o passo 4.<\/p>\n<p>&nbsp;<\/p>\n<p>Etapa 7: enx\u00e1gue a solu\u00e7\u00e3o restante com \u00e1gua fria por 30 segundos. Seque suavemente a pele e aplique o soro hialur\u00f4nico hidratante p\u00f3s-peeling\/24 para nutrir a pele com ingredientes antienvelhecimento.<\/p>\n<p>&nbsp;<\/p>\n<p><b>Protocolo<\/b>: no in\u00edcio 3 sess\u00f5es separadas por 10 dias e depois uma sess\u00e3o a cada 15 dias. Ap\u00f3s 2 meses de tratamento, voc\u00ea come\u00e7ar\u00e1 a ver os resultados surpreendentes, mesmo em cabe\u00e7as completamente ousadas. Uma sess\u00e3o ap\u00f3s 4 meses \u00e9 aconselh\u00e1vel para manter os resultados.<\/p>\n<p id=\"tw-target-text\" class=\"tw-data-text tw-text-large tw-ta\" dir=\"ltr\" data-placeholder=\"Tradu\u00e7\u00e3o\"><span class=\"Y2IQFc\" lang=\"pt\"><strong>MESO PROTOCOLO<\/strong><br \/>\n<strong>Profundidade recomendada por \u00e1rea<\/strong><br \/>\nCouro cabeludo &#8230;&#8230;&#8230;&#8230;&#8230;&#8230;&#8230;.0,7-2,0 mm<\/span><\/p>\n<p><strong>Tempo recomendado por \u00e1rea<\/strong> usando sistemas de entrega transd\u00e9rmica (eletropora\u00e7\u00e3o)<br \/>\nCouro cabeludo &#8230;&#8230;&#8230;. 5 minutos <strong><br \/>\nTempo recomendado entre as sess\u00f5es<\/strong>&#8230;&#8230;&#8230;&#8230;.. intervalo de 10-15 dias<\/p>\n<p><strong>Numero de sess\u00f5es<\/strong><br \/>\nIniciando o tratamento &#8230;&#8230;&#8230;&#8230;&#8230;&#8230;&#8230;. 5<br \/>\nManuten\u00e7\u00e3o &#8230;&#8230;&#8230;&#8230;&#8230;&#8230;&#8230;. a cada 4-5 meses<\/p>\n"}],"download_file":false}},"_links":{"self":[{"href":"https:\/\/www.therapmedic.com\/pt-pt\/wp-json\/wp\/v2\/product\/1817","targetHints":{"allow":["GET"]}}],"collection":[{"href":"https:\/\/www.therapmedic.com\/pt-pt\/wp-json\/wp\/v2\/product"}],"about":[{"href":"https:\/\/www.therapmedic.com\/pt-pt\/wp-json\/wp\/v2\/types\/product"}],"wp:featuredmedia":[{"embeddable":true,"href":"https:\/\/www.therapmedic.com\/pt-pt\/wp-json\/wp\/v2\/media\/1818"}],"wp:attachment":[{"href":"https:\/\/www.therapmedic.com\/pt-pt\/wp-json\/wp\/v2\/media?parent=1817"}],"wp:term":[{"taxonomy":"product_brand","embeddable":true,"href":"https:\/\/www.therapmedic.com\/pt-pt\/wp-json\/wp\/v2\/product_brand?post=1817"},{"taxonomy":"product_cat","embeddable":true,"href":"https:\/\/www.therapmedic.com\/pt-pt\/wp-json\/wp\/v2\/product_cat?post=1817"},{"taxonomy":"product_tag","embeddable":true,"href":"https:\/\/www.therapmedic.com\/pt-pt\/wp-json\/wp\/v2\/product_tag?post=1817"}],"curies":[{"name":"wp","href":"https:\/\/api.w.org\/{rel}","templated":true}]}}