{"id":1813,"date":"2022-12-01T19:20:59","date_gmt":"2022-12-01T19:20:59","guid":{"rendered":"https:\/\/www.therapmedic.com\/?post_type=product&#038;p=1813"},"modified":"2023-11-29T11:08:26","modified_gmt":"2023-11-29T11:08:26","slug":"scar-free","status":"publish","type":"product","link":"https:\/\/www.therapmedic.com\/pt-pt\/produto\/scar-free\/","title":{"rendered":"Scar Free"},"content":{"rendered":"<p><b><i>Scar<\/i><\/b><b><i> Free \u2013 pack tratamento para fibrose p\u00f3s <\/i><\/b><b><i>cirugica<\/i><\/b><b><i> em especial para depois de <\/i><\/b><b><i>liposuc\u00e7\u00f5es<\/i><\/b><\/p>\n<p>F\u00f3rmula preparada para ajudar a suavizar e reduzir o aparecimento de cicatrizes. A colagenase presente ajuda a quebrar as liga\u00e7\u00f5es pept\u00eddicas do col\u00e1geno, quebrando-o e facilitando sua reabsor\u00e7\u00e3o.<\/p>\n<p>F\u00f3rmula preparada para ajudar a suavizar e reduzir o aparecimento de cicatrizes. A\u00a0presen\u00e7a de colagenase ajuda a quebrar as liga\u00e7\u00f5es pept\u00eddicas do col\u00e1geno, quebrando-o e facilitando sua reabsor\u00e7\u00e3o.<\/p>\n<p>Apresenta\u00e7\u00e3o: caixa com viais numerados de 1 a 5 para serem aplicados semanalmente na sequ\u00eancia<\/p>\n<p>O pre\u00e7o apresentado \u00e9 por caixa com os 5 frascos sequenciais do tratamento.<\/p>\n","protected":false},"excerpt":{"rendered":"<p>Scar Free \u2013 pack tratamento para fibrose p\u00f3s cirugica em especial para depois de liposuc\u00e7\u00f5es F\u00f3rmula preparada para ajudar a suavizar e reduzir o aparecimento de cicatrizes. A colagenase presente ajuda a quebrar as liga\u00e7\u00f5es pept\u00eddicas do col\u00e1geno, quebrando-o e facilitando sua reabsor\u00e7\u00e3o. F\u00f3rmula preparada para ajudar a suavizar e reduzir o aparecimento de cicatrizes. [&hellip;]<\/p>\n","protected":false},"featured_media":1814,"template":"","meta":[],"product_brand":[],"product_cat":[1056,1068,1078,1096,1137,15,944,961,1024,1040],"product_tag":[],"class_list":{"0":"post-1813","1":"product","2":"type-product","3":"status-publish","4":"has-post-thumbnail","6":"product_cat-fibrose-pos-lipo","7":"product_cat-gluteos","8":"product_cat-fibrose-nos-gluteos","9":"product_cat-cara","10":"product_cat-fibrose-pos-lipo-pt-pt","11":"product_cat-uncategorized","12":"product_cat-produtos-de-mesoterapia","13":"product_cat-pacotes-progressivos","14":"product_cat-areas-de-tratamentos-vs-produtos-tratamentos-com-equipamentos","15":"product_cat-corpo","17":"first","18":"instock","19":"taxable","20":"shipping-taxable","21":"purchasable","22":"product-type-simple"},"acf":{"display":[],"short_name":"","display_equipment_products":[],"short_name_equipment_products":"","confidential_information":{"text_block":[{"title":"Ingredientes ativos","textarea":"<p>Vial #1 &#8211; Manitol, Hyaluronidase, Collagenase, EDTA, EDTA<\/p>\n<p>Vial #2 &#8211; Aqua, Caffeine, EDTA, Retinol myristate, Hypericum perforatum extract, Methylsilanetriol, Ascorbic acid<\/p>\n<p>Vial #3 &#8211; Manitol, Collagenase, Hyaluronidase, EDTA<\/p>\n<p>Vial #4 &#8211; Aqua, Caffeine, EDTA, Retinol myristate, Hypericum perforatum extract, Methylsilanetril, Ascorbic acid<\/p>\n<p>Vial #5 &#8211; Aqua, Hyalurinic acid, DMAE, Collagen, Ascorbic Acid, Elastin<\/p>\n"},{"title":"Misturas poss\u00edveis","textarea":"<p>Nenhuma. Seguir a ordem indicada:<\/p>\n<p>Semana 1 &#8211; Vial #1<\/p>\n<p>Semana 2 &#8211; Vial #2<\/p>\n<p>Semana 3 &#8211; Vial #3<\/p>\n<p>Semana 4 &#8211; Vial #4<\/p>\n<p>Semana 5 &#8211; Vial #5<\/p>\n"},{"title":"Protocolo de tratamentos","textarea":"<p><strong>Regras gerais<\/strong><\/p>\n<p>&nbsp;<\/p>\n<p>Passo 1: Lave a pele com um gel de limpeza transparente e seque. N\u00e3o use um creme, lo\u00e7\u00e3o ou limpador perolado, que pode deixar res\u00edduos.<\/p>\n<p>&nbsp;<\/p>\n<p>Passo 2: Desinfete a \u00e1rea com clorexidina ou similar<\/p>\n<p>&nbsp;<\/p>\n<p>Passo 3: Aplique uma pequena quantidade do produto em uma compressa de gaze e espalhe sobre a \u00e1rea desejada (ou use um pincel leque) se estiver usando mesoterapia virtual ou encha a seringa com o produto se estiver usando mesoterapia cl\u00e1ssica.<\/p>\n<p>&nbsp;<\/p>\n<p>Etapa 4: percorra a \u00e1rea com o instrumento seguindo as instru\u00e7\u00f5es do fabricante<\/p>\n<p>&nbsp;<\/p>\n<p>Passo 5: Reaplique a solu\u00e7\u00e3o conforme necess\u00e1rio para cobrir toda a \u00e1rea at\u00e9 que a pele esteja levemente \u00famida (no caso de mesoterapia virtual)<\/p>\n<p>&nbsp;<\/p>\n<p>Passo 6: Repita o passo 4.<\/p>\n<p>&nbsp;<\/p>\n<p>Etapa 7: enx\u00e1gue a solu\u00e7\u00e3o restante com \u00e1gua fria por 30 segundos. Seque suavemente a pele e aplique o soro hialur\u00f4nico hidratante p\u00f3s-peeling\/24 para nutrir a pele com ingredientes antienvelhecimento.<\/p>\n<p>&nbsp;<\/p>\n<p><strong>\u00a0<\/strong><\/p>\n<p><strong>\u00a0<\/strong><\/p>\n<p><strong>PROTOCOLO MESO<\/strong><\/p>\n<p><strong>Profundidade recomendada&#8230;&#8230;&#8230;&#8230;&#8230;<\/strong> 0,25-1,5 mm dependendo da zona<\/p>\n<p>&nbsp;<\/p>\n<p><strong>Tempo recomendado pela<\/strong> \u00e1rea<\/p>\n<p>utilizando Sistemas de Entrega Transd\u00e9rmicos (Eletropora\u00e7\u00e3o, Iontoforese, Ultrasonidos,&#8230;&#8230; 5 minutos<\/p>\n<p><strong>Tempo recomendado entre sess\u00f5es<\/strong> &#8230;&#8230;&#8230;&#8230;&#8230;&#8230;&#8230;. Intervalo de 10-15 dias<\/p>\n<p><strong>N\u00famero de sess\u00f5es<\/strong><\/p>\n<p>In\u00edcio do tratamento &#8230;&#8230;&#8230;&#8230;&#8230;&#8230;&#8230;. 4-6<\/p>\n<p>Manuten\u00e7\u00e3o &#8230;&#8230;&#8230;&#8230;&#8230;&#8230;&#8230;&#8230;&#8230;&#8230;&#8230;. a cada 4-5 meses<\/p>\n<p>&nbsp;<\/p>\n<p><u><b>DIRETRIZES DE TRATAMENTO<\/b><\/u><\/p>\n<p>Tratamento inicial 5 sess\u00f5es<\/p>\n<p>Intervalos entre as sess\u00f5es 10-15 dias<\/p>\n<p>Sess\u00e3o de manuten\u00e7\u00e3o 4 meses ap\u00f3s terminar o tratamento inicial<\/p>\n<p>N\u00famero de sess\u00f5es de manuten\u00e7\u00e3o 2-3<\/p>\n<p>Produtos recomendados Colagenase<\/p>\n"}],"download_file":false}},"_links":{"self":[{"href":"https:\/\/www.therapmedic.com\/pt-pt\/wp-json\/wp\/v2\/product\/1813","targetHints":{"allow":["GET"]}}],"collection":[{"href":"https:\/\/www.therapmedic.com\/pt-pt\/wp-json\/wp\/v2\/product"}],"about":[{"href":"https:\/\/www.therapmedic.com\/pt-pt\/wp-json\/wp\/v2\/types\/product"}],"wp:featuredmedia":[{"embeddable":true,"href":"https:\/\/www.therapmedic.com\/pt-pt\/wp-json\/wp\/v2\/media\/1814"}],"wp:attachment":[{"href":"https:\/\/www.therapmedic.com\/pt-pt\/wp-json\/wp\/v2\/media?parent=1813"}],"wp:term":[{"taxonomy":"product_brand","embeddable":true,"href":"https:\/\/www.therapmedic.com\/pt-pt\/wp-json\/wp\/v2\/product_brand?post=1813"},{"taxonomy":"product_cat","embeddable":true,"href":"https:\/\/www.therapmedic.com\/pt-pt\/wp-json\/wp\/v2\/product_cat?post=1813"},{"taxonomy":"product_tag","embeddable":true,"href":"https:\/\/www.therapmedic.com\/pt-pt\/wp-json\/wp\/v2\/product_tag?post=1813"}],"curies":[{"name":"wp","href":"https:\/\/api.w.org\/{rel}","templated":true}]}}