{"id":1806,"date":"2022-12-01T18:27:03","date_gmt":"2022-12-01T18:27:03","guid":{"rendered":"https:\/\/www.therapmedic.com\/?post_type=product&#038;p=1806"},"modified":"2023-11-29T11:11:17","modified_gmt":"2023-11-29T11:11:17","slug":"passion-lips","status":"publish","type":"product","link":"https:\/\/www.therapmedic.com\/pt-pt\/produto\/passion-lips\/","title":{"rendered":"Passion lips"},"content":{"rendered":"<p><b><i>Passion<\/i><\/b> <b><i>Lips<\/i><\/b><b><i> \u2013 pack tratamento para l\u00e1bios belos e perfeitos<\/i><\/b><\/p>\n<p>Esta formula\u00e7\u00e3o de produto baseia-se nos componentes Lovely lips e de acido hialur\u00f3nico de nutri\u00e7\u00e3o. Como resultado ajuda a aumentar a hidrata\u00e7\u00e3o e o volume natural dos l\u00e1bios, a reformar a estrutura da pele e corrigir a apar\u00eancia devido \u00e0 perda de elastina. Previne l\u00e1bios rachados.<\/p>\n<p>Apresenta\u00e7\u00e3o: caixa com viais numerados de 1 a 5 para serem aplicados semanalmente na sequ\u00eancia<\/p>\n<p>O pre\u00e7o apresentado \u00e9 por caixa com os 5 frascos sequenciais do tratamento.<\/p>\n","protected":false},"excerpt":{"rendered":"<p>Passion Lips \u2013 pack tratamento para l\u00e1bios belos e perfeitos Esta formula\u00e7\u00e3o de produto baseia-se nos componentes Lovely lips e de acido hialur\u00f3nico de nutri\u00e7\u00e3o. Como resultado ajuda a aumentar a hidrata\u00e7\u00e3o e o volume natural dos l\u00e1bios, a reformar a estrutura da pele e corrigir a apar\u00eancia devido \u00e0 perda de elastina. Previne l\u00e1bios [&hellip;]<\/p>\n","protected":false},"featured_media":1807,"template":"","meta":[],"product_brand":[],"product_cat":[15,944,961,1024,1096,1147,1153],"product_tag":[],"class_list":{"0":"post-1806","1":"product","2":"type-product","3":"status-publish","4":"has-post-thumbnail","6":"product_cat-uncategorized","7":"product_cat-produtos-de-mesoterapia","8":"product_cat-pacotes-progressivos","9":"product_cat-areas-de-tratamentos-vs-produtos-tratamentos-com-equipamentos","10":"product_cat-cara","11":"product_cat-labios-finos","12":"product_cat-labios-enrrugados","14":"first","15":"instock","16":"taxable","17":"shipping-taxable","18":"purchasable","19":"product-type-simple"},"acf":{"display":["home"],"short_name":"","display_equipment_products":[],"short_name_equipment_products":"","confidential_information":{"text_block":[{"title":"Ingredientes ativos","textarea":"<p>Vial #1 &#8211; Aqua, Elastine, Caffeine, Ascorbic acid, Ginkgo biloba extract, Sodium hyaluronate, Tocopheryl acetate, PEG 3 5 Castor oil, Piscum ovum extract, DMAE<\/p>\n<p>Vial #2 &#8211; Aqua, Sodium hyaluronate, Elastine, Caffeine, Ascorbic acid, Ginkgo biloba extract, Tocopheryl acetate, PEG 3 5 Castor oil, Piscum ovum extract<\/p>\n<p>Vial #3 &#8211; Aqua, Elastine, Caffeine, Ascorbic acid, Ginkogo biloba extract, Sodium hyaluronate, Tocopheryl acetate, PEG 3 5 Castor oil, Piscum ovum extract, DMAE<\/p>\n<p>Vial #4 &#8211; Sodium hyaluronate, Aqua, Elastine, Caffeine, Ascorbic acid, Ginkgo biloba extract, Sodium hyaluronate, Tocopheryl\u00a0 acetate, PEG 3 5 Castor oil, Piscum ovum extract, DMAE<\/p>\n<p>Vial #5 &#8211; Aqua, Elastine, Caffeine, Ascorbic acid, Ginkgo biloba extrac, Sodium hyaluronate, Tocopheryl acetate, PEG 3 5 Castor oil, Piscum ovum extract, DMAE<\/p>\n"},{"title":"Misturas poss\u00edveis","textarea":"<p>Nenhuma. Seguir a ordem indicada:<\/p>\n<p>Semana 1 &#8211; Vial #1<\/p>\n<p>Semana 2 &#8211; Vial #2<\/p>\n<p>Semana 3 &#8211; Vial #3<\/p>\n<p>Semana 4 &#8211; Vial #4<\/p>\n<p>Semana 5 &#8211; Vial #5<\/p>\n"},{"title":"Protocolos de tratamentos","textarea":"<p><strong>Regras gerais<\/strong><\/p>\n<p>&nbsp;<\/p>\n<p>Passo 1: Lave a pele com um gel de limpeza transparente e seque. N\u00e3o use um creme, lo\u00e7\u00e3o ou limpador perolado, que pode deixar res\u00edduos.<\/p>\n<p>&nbsp;<\/p>\n<p>Passo 2: Desinfete a \u00e1rea com clorexidina ou similar<\/p>\n<p>&nbsp;<\/p>\n<p>Passo 3: Aplique uma pequena quantidade do produto em uma compressa de gaze e espalhe sobre a \u00e1rea desejada (ou use um pincel leque) se estiver usando mesoterapia virtual ou encha a seringa com o produto se estiver usando mesoterapia cl\u00e1ssica.<\/p>\n<p>&nbsp;<\/p>\n<p>Etapa 4: percorra a \u00e1rea com o instrumento seguindo as instru\u00e7\u00f5es do fabricante<\/p>\n<p>&nbsp;<\/p>\n<p>Passo 5: Reaplique a solu\u00e7\u00e3o conforme necess\u00e1rio para cobrir toda a \u00e1rea at\u00e9 que a pele esteja levemente \u00famida (no caso de mesoterapia virtual)<\/p>\n<p>&nbsp;<\/p>\n<p>Passo 6: Repita o passo 4.<\/p>\n<p>&nbsp;<\/p>\n<p>Etapa 7: enx\u00e1gue a solu\u00e7\u00e3o restante com \u00e1gua fria por 30 segundos. Seque suavemente a pele e aplique o soro hialur\u00f4nico hidratante p\u00f3s-peeling\/24 para nutrir a pele com ingredientes antienvelhecimento.<\/p>\n<p>&nbsp;<\/p>\n<pre id=\"tw-target-text\" class=\"tw-data-text tw-text-large tw-ta\" dir=\"ltr\" data-placeholder=\"Tradu\u00e7\u00e3o\"><span class=\"Y2IQFc\" lang=\"pt\"><strong>Profundidade recomendada por \u00e1rea<\/strong> (outras \u00e1reas al\u00e9m dos l\u00e1bios)\r\n\r\n\r\nFrente ......................... 0,75-1 mm\r\n\r\n\r\nBochechas ......................\u00a0 1-1,5 mm\r\n\r\n\r\nMand\u00edbula e queixo ..........1,5-2 mm\r\n\r\n\r\nM\u00e3os .......................1-1,5 mm\r\n\r\n\r\nCouro cabeludo ......................0,5-1,5 mm\r\n\r\n\r\n\r\n<strong>Tempo recomendado entre as sess\u00f5es<\/strong>\r\n\r\n\r\n....... intervalo de 10-15 dias\r\n\r\n\r\n\r\n<strong>N\u00famero de sess\u00f5es<\/strong>\r\n\r\n\r\nIniciando o tratamento...........................4-6 sess\u00f5es.\r\n\r\n\r\nAcompanhamento .............................. a cada 4-6 meses\r\n\r\n\r\n\r\n<strong>Resultados esperados<\/strong>\r\n\r\n\r\nDepois ...................................... 2- 3 meses<\/span><\/pre>\n<p>&nbsp;<\/p>\n<p>&nbsp;<\/p>\n<p><u><b>DIRETRIZES DE TRATAMENTO<\/b><\/u><\/p>\n<p>Tratamento inicial 5 sess\u00f5es<\/p>\n<p>Intervalos entre as sess\u00f5es 18-21 dias<\/p>\n<p>Sess\u00e3o de manuten\u00e7\u00e3o 6 meses ap\u00f3s terminar o tratamento inicial<\/p>\n<p>N\u00famero de sess\u00f5es de manuten\u00e7\u00e3o 1-2<\/p>\n<p>Produtos recomendados Lovable Lips<\/p>\n"}],"download_file":false}},"_links":{"self":[{"href":"https:\/\/www.therapmedic.com\/pt-pt\/wp-json\/wp\/v2\/product\/1806","targetHints":{"allow":["GET"]}}],"collection":[{"href":"https:\/\/www.therapmedic.com\/pt-pt\/wp-json\/wp\/v2\/product"}],"about":[{"href":"https:\/\/www.therapmedic.com\/pt-pt\/wp-json\/wp\/v2\/types\/product"}],"wp:featuredmedia":[{"embeddable":true,"href":"https:\/\/www.therapmedic.com\/pt-pt\/wp-json\/wp\/v2\/media\/1807"}],"wp:attachment":[{"href":"https:\/\/www.therapmedic.com\/pt-pt\/wp-json\/wp\/v2\/media?parent=1806"}],"wp:term":[{"taxonomy":"product_brand","embeddable":true,"href":"https:\/\/www.therapmedic.com\/pt-pt\/wp-json\/wp\/v2\/product_brand?post=1806"},{"taxonomy":"product_cat","embeddable":true,"href":"https:\/\/www.therapmedic.com\/pt-pt\/wp-json\/wp\/v2\/product_cat?post=1806"},{"taxonomy":"product_tag","embeddable":true,"href":"https:\/\/www.therapmedic.com\/pt-pt\/wp-json\/wp\/v2\/product_tag?post=1806"}],"curies":[{"name":"wp","href":"https:\/\/api.w.org\/{rel}","templated":true}]}}