{"id":1800,"date":"2022-12-01T17:45:50","date_gmt":"2022-12-01T17:45:50","guid":{"rendered":"https:\/\/www.therapmedic.com\/?post_type=product&#038;p=1800"},"modified":"2023-11-29T11:13:05","modified_gmt":"2023-11-29T11:13:05","slug":"skin-flash","status":"publish","type":"product","link":"https:\/\/www.therapmedic.com\/pt-pt\/produto\/skin-flash\/","title":{"rendered":"Skin Flash"},"content":{"rendered":"<p><b><i>Skin Flash\u2013 pack de Hidrata\u00e7\u00e3o profunda<\/i><\/b><\/p>\n<p>Baseado nos activos dos produtos Miami Skin, Fitness body, Vitamin C, Anti-aging com Vitamina C e \u00e1cido hialur\u00f3nico de nutri\u00e7\u00e3o, este coquetel de vitaminas A, B, C e E \u00e9 o complemento ideal para o tratamento contra o envelhecimento, pigmenta\u00e7\u00e3o e clareamento da pele. Previne os danos dos radicais livres.<\/p>\n<p>Apresenta\u00e7\u00e3o: caixa com viais numerados de 1 a 5 para serem aplicados semanalmente na sequ\u00eancia<\/p>\n<p>O pre\u00e7o apresentado \u00e9 por caixa com os 5 frascos sequenciais do tratamento.<\/p>\n","protected":false},"excerpt":{"rendered":"<p>Skin Flash\u2013 pack de Hidrata\u00e7\u00e3o profunda Baseado nos activos dos produtos Miami Skin, Fitness body, Vitamin C, Anti-aging com Vitamina C e \u00e1cido hialur\u00f3nico de nutri\u00e7\u00e3o, este coquetel de vitaminas A, B, C e E \u00e9 o complemento ideal para o tratamento contra o envelhecimento, pigmenta\u00e7\u00e3o e clareamento da pele. Previne os danos dos radicais [&hellip;]<\/p>\n","protected":false},"featured_media":1802,"template":"","meta":[],"product_brand":[],"product_cat":[1127,1163,1165,1167,1233,1235,1239,1249,1251,1255,15,1257,944,961,1024,1096,1119],"product_tag":[],"class_list":{"0":"post-1800","1":"product","2":"type-product","3":"status-publish","4":"has-post-thumbnail","6":"product_cat-melhoria-do-contorno-facial","7":"product_cat-manos","8":"product_cat-pele-envelhecida-pt-pt-2","9":"product_cat-secura-pele-desidratada-pt-pt-2","10":"product_cat-pescoco","11":"product_cat-pele-envelhecida-pt-pt-3","12":"product_cat-pouca-elasticidade-pt-pt-4","13":"product_cat-decote","14":"product_cat-pele-envelhecida-pt-pt-4","15":"product_cat-pouca-elasticidade-pt-pt-5","16":"product_cat-uncategorized","17":"product_cat-melasmas-manchas-castanhas-pt-pt-5","18":"product_cat-produtos-de-mesoterapia","19":"product_cat-pacotes-progressivos","20":"product_cat-areas-de-tratamentos-vs-produtos-tratamentos-com-equipamentos","21":"product_cat-cara","22":"product_cat-pele-opaca-sem-brilho","24":"first","25":"instock","26":"taxable","27":"shipping-taxable","28":"purchasable","29":"product-type-simple"},"acf":{"display":[],"short_name":"","display_equipment_products":[],"short_name_equipment_products":"","confidential_information":{"text_block":[{"title":"Ingredientes ativos","textarea":"<p>Vial #1 &#8211; Aqua,\u00a0 Ascorbic Acid, Niacinamide, Panthenol, Pyridoxine, Tocopheryl acetate, PEG 35 Castor Oil, Thiamine chloride, Retinyl palmitate<\/p>\n<p>Vial #2 &#8211; Aqua, Ascorbic acid, Glutathione, Tocopheryl acetate, PEG 35 Castor oil<\/p>\n<p>Vial#3 &#8211; Aqua,\u00a0 Ascorbic acid, Niacinamide, Panthenol, Pyridoxine, Tocopheryl acetate, PEG 35 Castor Oil, Thiamine chloride, Retinyl palmitate<\/p>\n<p>Vial #4 &#8211; Aqua, Ascorbic acid, Sodium hyaluronate<\/p>\n<p>Vial #5 &#8211; Aqua, Ascorbic Acid, Niacinamide, Panthenol, Pyridoxine, Thiamine chloride, Retinyl palmitate<\/p>\n<p>&nbsp;<\/p>\n"},{"title":"Misturas poss\u00edveis","textarea":"<p>Nenhuma. Seguir a ordem indicada:<\/p>\n<p>Semana 1 &#8211; Vial #1<\/p>\n<p>Semana 2 &#8211; Vial #2<\/p>\n<p>Semana 3 &#8211; Vial #3<\/p>\n<p>Semana 4 &#8211; Vial #4<\/p>\n<p>Semana 5 &#8211; Vial #5<\/p>\n"},{"title":"Protocolos de tratamentos","textarea":"<p><strong>Regras gerais<\/strong><\/p>\n<p>&nbsp;<\/p>\n<p>Passo 1: Lave a pele com um gel de limpeza transparente e seque. N\u00e3o use um creme, lo\u00e7\u00e3o ou limpador perolado, que pode deixar res\u00edduos.<\/p>\n<p>&nbsp;<\/p>\n<p>Passo 2: Desinfete a \u00e1rea com clorexidina ou similar<\/p>\n<p>&nbsp;<\/p>\n<p>Passo 3: Aplique uma pequena quantidade do produto em uma compressa de gaze e espalhe sobre a \u00e1rea desejada (ou use um pincel leque) se estiver usando mesoterapia virtual ou encha a seringa com o produto se estiver usando mesoterapia cl\u00e1ssica.<\/p>\n<p>&nbsp;<\/p>\n<p>Etapa 4: percorra a \u00e1rea com o instrumento seguindo as instru\u00e7\u00f5es do fabricante<\/p>\n<p>&nbsp;<\/p>\n<p>Passo 5: Reaplique a solu\u00e7\u00e3o conforme necess\u00e1rio para cobrir toda a \u00e1rea at\u00e9 que a pele esteja levemente \u00famida (no caso de mesoterapia virtual)<\/p>\n<p>&nbsp;<\/p>\n<p>Passo 6: Repita o passo 4.<\/p>\n<p>&nbsp;<\/p>\n<p>Etapa 7: enx\u00e1gue a solu\u00e7\u00e3o restante com \u00e1gua fria por 30 segundos. Seque suavemente a pele e aplique o soro hialur\u00f4nico hidratante p\u00f3s-peeling\/24 para nutrir a pele com ingredientes antienvelhecimento.<\/p>\n<p>&nbsp;<\/p>\n<p>&nbsp;<\/p>\n<p id=\"tw-target-text\" class=\"tw-data-text tw-text-large tw-ta\" dir=\"ltr\" data-placeholder=\"Tradu\u00e7\u00e3o\"><span class=\"Y2IQFc\" lang=\"pt\"><strong>Profundidade recomendada por \u00e1rea<\/strong><br \/>\nFrente &#8230;&#8230;&#8230;&#8230;&#8230;&#8230;&#8230;&#8230;. 0,75-1 mm<br \/>\nBochechas &#8230;&#8230;&#8230;&#8230;&#8230;&#8230;&#8230;.\u00a0 1-1,5 mm<br \/>\nMand\u00edbula e queixo &#8230;&#8230;&#8230;.1,5-2 mm<br \/>\nM\u00e3os &#8230;&#8230;&#8230;&#8230;&#8230;&#8230;&#8230;..1-1,5 mm<br \/>\nCouro cabeludo &#8230;&#8230;&#8230;&#8230;&#8230;&#8230;&#8230;.0,5-1,5 mm<\/span><\/p>\n<p><strong>Tempo recomendado entre as sess\u00f5es<\/strong>&#8230;&#8230;. intervalo de 10-15 dias <strong> N\u00famero de sess\u00f5es<\/strong><br \/>\nIniciando o tratamento&#8230;&#8230;&#8230;&#8230;&#8230;&#8230;&#8230;&#8230;&#8230;4-6 sess\u00f5es.<br \/>\nAcompanhamento &#8230;&#8230;&#8230;&#8230;&#8230;&#8230;&#8230;&#8230;&#8230;&#8230; a cada 4-6 meses<\/p>\n<p>&nbsp;<\/p>\n<p>&nbsp;<\/p>\n<p>&nbsp;<\/p>\n<p><u><b>Diretrizes de tratamento:<\/b><\/u><\/p>\n<ul>\n<li>Tratamento inicial 5 sess\u00f5es<\/li>\n<li>Intervalos entre as sess\u00f5es 7-10 dias<\/li>\n<li>Sess\u00e3o de manuten\u00e7\u00e3o 6-8 meses ap\u00f3s terminar o tratamento inicial<\/li>\n<li>N\u00famero de sess\u00f5es de manuten\u00e7\u00e3o 1-2<\/li>\n<li>Produtos recomendados para as sess\u00f5es de manuten\u00e7\u00e3o: Revital Mix<\/li>\n<\/ul>\n"}],"download_file":false}},"_links":{"self":[{"href":"https:\/\/www.therapmedic.com\/pt-pt\/wp-json\/wp\/v2\/product\/1800","targetHints":{"allow":["GET"]}}],"collection":[{"href":"https:\/\/www.therapmedic.com\/pt-pt\/wp-json\/wp\/v2\/product"}],"about":[{"href":"https:\/\/www.therapmedic.com\/pt-pt\/wp-json\/wp\/v2\/types\/product"}],"wp:featuredmedia":[{"embeddable":true,"href":"https:\/\/www.therapmedic.com\/pt-pt\/wp-json\/wp\/v2\/media\/1802"}],"wp:attachment":[{"href":"https:\/\/www.therapmedic.com\/pt-pt\/wp-json\/wp\/v2\/media?parent=1800"}],"wp:term":[{"taxonomy":"product_brand","embeddable":true,"href":"https:\/\/www.therapmedic.com\/pt-pt\/wp-json\/wp\/v2\/product_brand?post=1800"},{"taxonomy":"product_cat","embeddable":true,"href":"https:\/\/www.therapmedic.com\/pt-pt\/wp-json\/wp\/v2\/product_cat?post=1800"},{"taxonomy":"product_tag","embeddable":true,"href":"https:\/\/www.therapmedic.com\/pt-pt\/wp-json\/wp\/v2\/product_tag?post=1800"}],"curies":[{"name":"wp","href":"https:\/\/api.w.org\/{rel}","templated":true}]}}