{"id":1796,"date":"2022-12-01T15:59:46","date_gmt":"2022-12-01T15:59:46","guid":{"rendered":"https:\/\/www.therapmedic.com\/?post_type=product&#038;p=1796"},"modified":"2023-11-28T15:46:29","modified_gmt":"2023-11-28T15:46:29","slug":"fat-preventor","status":"publish","type":"product","link":"https:\/\/www.therapmedic.com\/pt-pt\/produto\/fat-preventor\/","title":{"rendered":"Fat Preventor"},"content":{"rendered":"<p><b><i>Fat<\/i><\/b><b><i> preventor <\/i><\/b>&#8211; Remodela e define a forma do corpo. Solu\u00e7\u00e3o lipol\u00edtica. (&#8220;queimador de gordura&#8221;)<\/p>\n<p>Esta solu\u00e7\u00e3o de mesoterapia remodela define a forma do corpo. Com efeito \u201cqueimador de gordura\u201d.<\/p>\n<p><b><i>Fat<\/i><\/b><b><i> Preventor <\/i><\/b>\u00e9 uma solu\u00e7\u00e3o lipol\u00edtica projetada para emagrecer o corpo. Renova e define ativamente a forma do corpo. Esta solu\u00e7\u00e3o \u00e9 uma mistura especial de vitaminas, extratos vegetais e tamb\u00e9m elementos minerais que refor\u00e7am a microcircula\u00e7\u00e3o b\u00e1sica quando a lip\u00f3lise \u00e9 ativada. Solu\u00e7\u00e3o \u00e0 base de produtos com conhecida atividade lipol\u00edtica que atuam sinergicamente. <b><i>Fat<\/i><\/b><b><i> Preventor<\/i><\/b> atua como aumento da demanda de energia, (&#8220;queimadores de gordura&#8221;).<\/p>\n<p><u><b>Apresenta\u00e7\u00e3o<\/b><\/u>: caixa com 5 viais de 10 ml cada<\/p>\n<p>O pre\u00e7o apresentado \u00e9 por caixa de 5 frascos.<\/p>\n","protected":false},"excerpt":{"rendered":"<p>Fat preventor &#8211; Remodela e define a forma do corpo. Solu\u00e7\u00e3o lipol\u00edtica. (&#8220;queimador de gordura&#8221;) Esta solu\u00e7\u00e3o de mesoterapia remodela define a forma do corpo. Com efeito \u201cqueimador de gordura\u201d. Fat Preventor \u00e9 uma solu\u00e7\u00e3o lipol\u00edtica projetada para emagrecer o corpo. Renova e define ativamente a forma do corpo. Esta solu\u00e7\u00e3o \u00e9 uma mistura especial [&hellip;]<\/p>\n","protected":false},"featured_media":1797,"template":"","meta":[],"product_brand":[],"product_cat":[1068,1070,1076,1096,1115,15,1213,944,1215,957,1217,1024,1026,1030,1032,1040,1042,1050,1058],"product_tag":[],"class_list":{"0":"post-1796","1":"product","2":"type-product","3":"status-publish","4":"has-post-thumbnail","6":"product_cat-gluteos","7":"product_cat-adiposidade-nos-gluteos","8":"product_cat-celulite-pt-pt-2","9":"product_cat-cara","10":"product_cat-queixo-duplo-papada","11":"product_cat-uncategorized","12":"product_cat-pernas","13":"product_cat-produtos-de-mesoterapia","14":"product_cat-adiposidade-entre-as-pernas","15":"product_cat-lipoliticos-anti-gordura","16":"product_cat-celulite-pt-pt-3","17":"product_cat-areas-de-tratamentos-vs-produtos-tratamentos-com-equipamentos","18":"product_cat-bracos","19":"product_cat-celulite","20":"product_cat-adiposidade-nos-antebracos","21":"product_cat-corpo","22":"product_cat-celulite-pt-pt","23":"product_cat-adiposidade-localizada","24":"product_cat-remoldeamento-da-silhueta","26":"first","27":"instock","28":"taxable","29":"shipping-taxable","30":"purchasable","31":"product-type-simple"},"acf":{"display":["home"],"short_name":"","display_equipment_products":[],"short_name_equipment_products":"","confidential_information":{"text_block":[{"title":"Ingredientes ativos","textarea":"<p><b>L-Carnitina &#8211; <\/b>A L-carnitina ajuda a transformar a gordura em energia. Possui propriedades anti-inflamat\u00f3rias e antioxidantes. Pode ajudar a reduzir o excesso de sebo. inclu\u00eddo em produtos de cuidados da pele projetados<\/p>\n<p>para tratar a pele oleosa. Controle da celulite. Para melhorar ou curar as condi\u00e7\u00f5es da pele, incluindo rugas, pele seca ou descamada e queimaduras (por exemplo, queimaduras de sol) e na cura e preven\u00e7\u00e3o da forma\u00e7\u00e3o de cicatrizes.<\/p>\n<p><b>Cafe\u00edna<\/b> &#8211; Os efeitos estimulantes podem ser vistos por via t\u00f3pica. Propriedades antioxidantes. Aumenta a s\u00edntese de Aquaporina-3, Col\u00e1geno (tipos I, III, IV, VII) Citoqueratina 1 Fibras el\u00e1sticas, Fibrilina, \u00c1cido hialur\u00f3nico e Integrina. Ativa a lip\u00f3lise. Inibe a lipog\u00eanese.<\/p>\n<p><b>Extrato de <\/b><b>Cynara<\/b> <b>Scolymus<\/b> &#8211; Agente condicionador da pele. Combate rugas, tom avermelhado e sinais de envelhecimento da pele. Ajuda a prevenir rugas. Normaliza o crescimento dos queratin\u00f3citos restaurando a express\u00e3o do receptor do fator de crescimento epid\u00e9rmico e mant\u00e9m a estrutura da matriz d\u00e9rmica estimulando a s\u00edntese dos componentes da matriz e limitando a quebra da matriz. Mant\u00e9m a espessura da pele, aumenta a hidrata\u00e7\u00e3o e suaviza as rugas.<\/p>\n<p><b>Acetato de tocoferol, Vitamina E <\/b>&#8211; O acetato de tocoferol \u00e9 uma forma de vitamina E. Antioxidante; Agente condicionador da pele. Ele protege as membranas celulares de danos por radicais livres de oxig\u00eanio<\/p>\n<p><b>Manuronato<\/b><b> de <\/b><b>metilsilano<\/b> &#8211; Vincula a hidrata\u00e7\u00e3o na epiderme, firmando e fortalecendo a pele. Agente condicionador da pele. Ajuda no combate \u00e0 deteriora\u00e7\u00e3o das fibras de col\u00e1geno e elastina, conferindo \u00e0 pele propriedades firmadoras; combate os radicais livres.<\/p>\n"},{"title":"Misturas poss\u00edveis","textarea":"<p>Nenhuma<\/p>\n"},{"title":"Protocolos de tratamentos","textarea":"<p><strong>Regras gerais<\/strong><\/p>\n<p>&nbsp;<\/p>\n<p>Passo 1: Lave a pele com um gel de limpeza transparente e seque. N\u00e3o use um creme, lo\u00e7\u00e3o ou limpador perolado, que pode deixar res\u00edduos.<\/p>\n<p>&nbsp;<\/p>\n<p>Passo 2: Desinfete a \u00e1rea com clorexidina ou similar<\/p>\n<p>&nbsp;<\/p>\n<p>Passo 3: Aplique uma pequena quantidade do produto em uma compressa de gaze e espalhe sobre a \u00e1rea desejada (ou use um pincel leque) se estiver usando mesoterapia virtual ou encha a seringa com o produto se estiver usando mesoterapia cl\u00e1ssica.<\/p>\n<p>&nbsp;<\/p>\n<p>Etapa 4: percorra a \u00e1rea com o instrumento seguindo as instru\u00e7\u00f5es do fabricante<\/p>\n<p>&nbsp;<\/p>\n<p>Passo 5: Reaplique a solu\u00e7\u00e3o conforme necess\u00e1rio para cobrir toda a \u00e1rea at\u00e9 que a pele esteja levemente \u00famida (no caso de mesoterapia virtual)<\/p>\n<p>&nbsp;<\/p>\n<p>Passo 6: Repita o passo 4.<\/p>\n<p>&nbsp;<\/p>\n<p>Etapa 7: enx\u00e1gue a solu\u00e7\u00e3o restante com \u00e1gua fria por 30 segundos. Seque suavemente a pele e aplique o soro hialur\u00f4nico hidratante p\u00f3s-peeling\/24 para nutrir a pele com ingredientes antienvelhecimento.<\/p>\n<p>&nbsp;<\/p>\n<p>&nbsp;<\/p>\n<p><b>PROTOCOLO MESO<\/b>: Profundidade recomendada por \u00e1rea<\/p>\n<p>est\u00f4mago &#8230;&#8230;&#8230;&#8230;&#8230;&#8230;&#8230;&#8230;&#8230;&#8230;&#8230;&#8230;&#8230;&#8230;&#8230;&#8230;&#8230;&#8230;&#8230;&#8230;&#8230;&#8230;&#8230;&#8230;&#8230;. mais de 2,5 mm<\/p>\n<p>parte superior das coxas, \u00e1reas internas das coxas &#8230;&#8230;&#8230;.. mais de 2,5 mm<\/p>\n<p>joelhos internos &#8230;&#8230;&#8230;&#8230;&#8230;&#8230;&#8230;&#8230;&#8230;&#8230;&#8230;&#8230;&#8230;&#8230;&#8230;&#8230;&#8230;&#8230;&#8230;&#8230;&#8230;&#8230; mais de 2,5 mm<\/p>\n<p>n\u00e1degas &#8230;&#8230;&#8230;&#8230;&#8230;&#8230;&#8230;&#8230;&#8230;&#8230;&#8230;&#8230;&#8230;&#8230;&#8230;&#8230;&#8230;&#8230;&#8230;&#8230;&#8230;&#8230;&#8230;&#8230;&#8230;&#8230;. mais de 2,5 mm<\/p>\n<p><b>Tempo recomendado por \u00e1rea <\/b><\/p>\n<p><b>usando sistemas de aplica\u00e7\u00e3o <\/b><b>transd\u00e9rmica<\/b><b> (<\/b><b>eletropora\u00e7\u00e3o<\/b><b>, iontoforese, ultrassom, correntes galv\u00e2nicas, correntes cont\u00ednuas, radiofrequ\u00eancia, termoterapia)<\/b><\/p>\n<p>est\u00f4mago &#8230;&#8230;&#8230;&#8230;&#8230;&#8230;&#8230;&#8230;&#8230;&#8230;&#8230;&#8230;&#8230;&#8230;&#8230;&#8230;&#8230;&#8230;&#8230;&#8230;&#8230;&#8230;&#8230;&#8230; 5-6 minutos<\/p>\n<p>parte superior das coxas, \u00e1reas internas das coxas &#8230;&#8230;.. 6-7 minutos<\/p>\n<p>joelhos internos &#8230;&#8230;&#8230;&#8230;&#8230;&#8230;&#8230;&#8230;&#8230;&#8230;&#8230;&#8230;&#8230;&#8230;&#8230;&#8230;&#8230;&#8230;&#8230;&#8230;.. 6-7 minutos<\/p>\n<p>n\u00e1degas &#8230;&#8230;&#8230;&#8230;&#8230;&#8230;&#8230;&#8230;&#8230;&#8230;&#8230;&#8230;&#8230;&#8230;&#8230;&#8230;&#8230;&#8230;&#8230;&#8230;&#8230;&#8230;&#8230;&#8230;&#8230; 6-7 minutos<\/p>\n<p><b>Tempo recomendado entre as sess\u00f5es<\/b>:<\/p>\n<p>Usando TDS &#8230;&#8230;&#8230;&#8230;&#8230;&#8230;&#8230;&#8230;&#8230;&#8230;&#8230;&#8230;&#8230;&#8230;&#8230;&#8230; intervalos de 6 a 7 dias<\/p>\n<p>Usando meso-caneta ou meso-rolo &#8230;&#8230;&#8230;.. intervalo de 8 a 10 dias<\/p>\n<p>Tradicional &#8230;&#8230;&#8230;&#8230;&#8230;&#8230;&#8230;&#8230;&#8230;&#8230;&#8230;&#8230;&#8230;&#8230;&#8230;&#8230;.. intervalo de 7 a 10 dias<\/p>\n<p><b>N\u00famero de sess\u00f5es<\/b><\/p>\n<p>Iniciando o tratamento &#8230;&#8230;&#8230;&#8230;&#8230;&#8230;&#8230;.. 6-8<\/p>\n<p>Manuten\u00e7\u00e3o &#8230;&#8230;&#8230;&#8230;&#8230;&#8230;&#8230;&#8230;&#8230;&#8230;&#8230;&#8230;&#8230;. a cada 3-4 meses<\/p>\n"}],"download_file":false}},"_links":{"self":[{"href":"https:\/\/www.therapmedic.com\/pt-pt\/wp-json\/wp\/v2\/product\/1796","targetHints":{"allow":["GET"]}}],"collection":[{"href":"https:\/\/www.therapmedic.com\/pt-pt\/wp-json\/wp\/v2\/product"}],"about":[{"href":"https:\/\/www.therapmedic.com\/pt-pt\/wp-json\/wp\/v2\/types\/product"}],"wp:featuredmedia":[{"embeddable":true,"href":"https:\/\/www.therapmedic.com\/pt-pt\/wp-json\/wp\/v2\/media\/1797"}],"wp:attachment":[{"href":"https:\/\/www.therapmedic.com\/pt-pt\/wp-json\/wp\/v2\/media?parent=1796"}],"wp:term":[{"taxonomy":"product_brand","embeddable":true,"href":"https:\/\/www.therapmedic.com\/pt-pt\/wp-json\/wp\/v2\/product_brand?post=1796"},{"taxonomy":"product_cat","embeddable":true,"href":"https:\/\/www.therapmedic.com\/pt-pt\/wp-json\/wp\/v2\/product_cat?post=1796"},{"taxonomy":"product_tag","embeddable":true,"href":"https:\/\/www.therapmedic.com\/pt-pt\/wp-json\/wp\/v2\/product_tag?post=1796"}],"curies":[{"name":"wp","href":"https:\/\/api.w.org\/{rel}","templated":true}]}}