{"id":1792,"date":"2022-12-01T15:41:39","date_gmt":"2022-12-01T15:41:39","guid":{"rendered":"https:\/\/www.therapmedic.com\/?post_type=product&#038;p=1792"},"modified":"2026-05-08T11:27:02","modified_gmt":"2026-05-08T11:27:02","slug":"thin-body","status":"publish","type":"product","link":"https:\/\/www.therapmedic.com\/pt-pt\/produto\/thin-body\/","title":{"rendered":"Thin Body"},"content":{"rendered":"<p><b><i>Thin<\/i><\/b><b><i> Body<\/i><\/b> &#8211; Solu\u00e7\u00e3o lipol\u00edtica: remodela e define a forma do corpo<\/p>\n<p>A mesoterapia \u00e9 um processo eficaz que reduz enzimaticamente a gordura e a celulite por meio de uma s\u00e9rie de inje\u00e7\u00f5es. O procedimento envolve pequenas inje\u00e7\u00f5es na mesoderme (camada de gordura sob a pele), camada onde o excesso de gordura, ondula\u00e7\u00f5es ou celulite incomodam o paciente. O excesso de gordura \u00e9 armazenado no corpo e os adip\u00f3citos cheios que podem crescer at\u00e9 50 vezes seu volume original.<\/p>\n<p>Esta solu\u00e7\u00e3o lipol\u00edtica de mesoterapia remodela e define a forma do corpo. Pode ajudar a remodelar a silhueta, com efeito sabonete.<\/p>\n<p>Trata-se de solu\u00e7\u00f5es Lipoliticas baseadas em produtos com conhecida atividade lipol\u00edtica que atuam sinergicamente.<\/p>\n<p><u><b>Apresenta\u00e7\u00e3o<\/b><\/u>: caixa com 5 viais de 10 ml cada<\/p>\n<p>O pre\u00e7o apresentado \u00e9 por caixa de 5 frascos.<\/p>\n","protected":false},"excerpt":{"rendered":"<p>Thin Body &#8211; Solu\u00e7\u00e3o lipol\u00edtica: remodela e define a forma do corpo A mesoterapia \u00e9 um processo eficaz que reduz enzimaticamente a gordura e a celulite por meio de uma s\u00e9rie de inje\u00e7\u00f5es. O procedimento envolve pequenas inje\u00e7\u00f5es na mesoderme (camada de gordura sob a pele), camada onde o excesso de gordura, ondula\u00e7\u00f5es ou celulite [&hellip;]<\/p>\n","protected":false},"featured_media":8779,"template":"","meta":[],"product_brand":[],"product_cat":[1024,1040,1050,1058,1068,1070,15,944,957],"product_tag":[],"class_list":{"0":"post-1792","1":"product","2":"type-product","3":"status-publish","4":"has-post-thumbnail","6":"product_cat-areas-de-tratamentos-vs-produtos-tratamentos-com-equipamentos","7":"product_cat-corpo","8":"product_cat-adiposidade-localizada","9":"product_cat-remoldeamento-da-silhueta","10":"product_cat-gluteos","11":"product_cat-adiposidade-nos-gluteos","12":"product_cat-uncategorized","13":"product_cat-produtos-de-mesoterapia","14":"product_cat-lipoliticos-anti-gordura","16":"first","17":"instock","18":"taxable","19":"shipping-taxable","20":"purchasable","21":"product-type-simple"},"acf":{"display":[],"short_name":"","display_equipment_products":[],"short_name_equipment_products":"","confidential_information":{"text_block":[{"title":"Ingredientes ativos","textarea":"<p><b>Extrato de <\/b><b>Hamamelis<\/b><b> virginiana <\/b>&#8211; O adstringente permite ser um tratamento t\u00f3pico eficaz para hematomas, dores musculares, varizes e inflama\u00e7\u00f5es. Propriedades anti-inflamat\u00f3rias. Propriedades bacteriost\u00e1ticas.<\/p>\n<p><b>Extrato de <\/b><b>quillaia<\/b><b> sapon\u00e1ria <\/b>&#8211; Rico em flavon\u00f3ides. Traz uma a\u00e7\u00e3o tensora imediata e duradoura. Este produto pode ser usado em cuidados anti-envelhecimento da pele. Cont\u00e9m saponinas (surfactantes). Preven\u00e7\u00e3o do acne, anti-inflamat\u00f3rio.<\/p>\n<p><b>Extrato de <\/b><b>Ruscus<\/b> <b>aculeatus<\/b> &#8211; Cont\u00e9m ester\u00f3ides e saponinas. Propriedades adstringentes e fortificantes. Atua como vasoconstritor.<\/p>\n<p><b>Desoxicolato<\/b><b> de s\u00f3dio &#8211; <\/b>\u00e9 o sal de s\u00f3dio do \u00e1cido desoxic\u00f3lico, um ingrediente frequentemente usado em inje\u00e7\u00f5es de mesoterapia para quebrar c\u00e9lulas de gordura, potencialmente tratando a celulite. o \u00e1cido desoxic\u00f3lico &#8220;atinge as c\u00e9lulas de gordura adiposa induzindo a lip\u00f3lise, ruptura e morte celular entre os adip\u00f3citos. O desoxicolato de s\u00f3dio \u00e9 encontrado como um emulsificante natural no corpo.<\/p>\n<p><b>Acetato de tocoferol, Vitamina E <\/b>&#8211; O acetato de tocoferol \u00e9 uma forma de vitamina E. Antioxidante; Agente condicionador da pele. Ele protege as membranas celulares dos danos causados \u200b\u200bpelos radicais livres de oxig\u00eanio.<\/p>\n<p><b>Ur\u00e9ia<\/b> &#8211; Maior absor\u00e7\u00e3o pela pele. \u00e9 um dos ingredientes hidratantes mais eficazes na qu\u00edmica cosm\u00e9tica. O papel da ureia na pele \u00e9 manter um equil\u00edbrio de hidrata\u00e7\u00e3o saud\u00e1vel, mantendo-a macia, flex\u00edvel e jovem, trazendo o al\u00edvio t\u00e3o necess\u00e1rio para uma pele seca .. \u00e9 um componente natural dos tecidos da pele e constitui 7% do nosso fator de hidrata\u00e7\u00e3o natural que diminui com a idade.<\/p>\n<section class=\"text-token-text-primary w-full focus:outline-none [--shadow-height:45px] has-data-writing-block:pointer-events-none has-data-writing-block:-mt-(--shadow-height) has-data-writing-block:pt-(--shadow-height) [&amp;:has([data-writing-block])&gt;*]:pointer-events-auto [content-visibility:auto] supports-[content-visibility:auto]:[contain-intrinsic-size:auto_100lvh] R6Vx5W_threadScrollVars scroll-mb-[calc(var(--scroll-root-safe-area-inset-bottom,0px)+var(--thread-response-height))] scroll-mt-[calc(var(--header-height)+min(200px,max(70px,20svh)))]\" dir=\"auto\" data-turn-id=\"request-WEB:9b7c2900-eb0d-4643-9eee-89e911ba299f-183\" data-testid=\"conversation-turn-34\" data-scroll-anchor=\"false\" data-turn=\"assistant\">\n<div class=\"text-base my-auto mx-auto pb-10 [--thread-content-margin:var(--thread-content-margin-xs,calc(var(--spacing)*4))] @w-sm\/main:[--thread-content-margin:var(--thread-content-margin-sm,calc(var(--spacing)*6))] @w-lg\/main:[--thread-content-margin:var(--thread-content-margin-lg,calc(var(--spacing)*16))] px-(--thread-content-margin)\">\n<div class=\"[--thread-content-max-width:40rem] @w-lg\/main:[--thread-content-max-width:48rem] mx-auto max-w-(--thread-content-max-width) flex-1 group\/turn-messages focus-visible:outline-hidden relative flex w-full min-w-0 flex-col agent-turn\">\n<div class=\"flex max-w-full flex-col gap-4 grow\">\n<div class=\"min-h-8 text-message relative flex w-full flex-col items-end gap-2 text-start break-words whitespace-normal outline-none keyboard-focused:focus-ring [.text-message+&amp;]:mt-1\" dir=\"auto\" tabindex=\"0\" data-message-author-role=\"assistant\" data-message-id=\"f017a732-faed-41e5-b71e-7aba2948e2d3\" data-message-model-slug=\"gpt-5-5\" data-turn-start-message=\"true\">\n<div class=\"flex w-full flex-col gap-1 empty:hidden\">\n<div class=\"markdown prose dark:prose-invert w-full wrap-break-word light markdown-new-styling\">\n<h1 data-section-id=\"d1s5qq\" data-start=\"0\" data-end=\"45\">THIN BODY \u2013 Ingredientes Activos &amp; Sinergia<\/h1>\n<h2 data-section-id=\"11sg71u\" data-start=\"47\" data-end=\"91\">\ud83d\udd2c Ingredientes Principais &amp; Seus Efeitos<\/h2>\n<h3 data-section-id=\"dzjcq7\" data-start=\"93\" data-end=\"121\">\ud83d\udfe1 Desoxicolato de S\u00f3dio<\/h3>\n<p data-start=\"122\" data-end=\"335\">Potente activo lipol\u00edtico<br data-start=\"147\" data-end=\"150\" \/>Ajuda a quebrar e eliminar gordura localizada<br data-start=\"195\" data-end=\"198\" \/>Favorece a destrui\u00e7\u00e3o dos adip\u00f3citos<br data-start=\"234\" data-end=\"237\" \/>Contribui para remodela\u00e7\u00e3o do contorno corporal<br data-start=\"284\" data-end=\"287\" \/>Ajuda na redu\u00e7\u00e3o de zonas adiposas resistentes<\/p>\n<p data-start=\"337\" data-end=\"388\">\ud83d\udc49 Fun\u00e7\u00e3o: Lip\u00f3lise + redu\u00e7\u00e3o de gordura localizada<\/p>\n<hr data-start=\"390\" data-end=\"393\" \/>\n<h3 data-section-id=\"xoe3y6\" data-start=\"395\" data-end=\"413\">\ud83d\udfe1 L-Carnitina<\/h3>\n<p data-start=\"414\" data-end=\"641\">Estimula o metabolismo das gorduras<br data-start=\"449\" data-end=\"452\" \/>Ajuda no transporte dos \u00e1cidos gordos para produ\u00e7\u00e3o de energia<br data-start=\"514\" data-end=\"517\" \/>Favorece a elimina\u00e7\u00e3o de gordura acumulada<br data-start=\"559\" data-end=\"562\" \/>Contribui para redefini\u00e7\u00e3o corporal<br data-start=\"597\" data-end=\"600\" \/>Melhora o metabolismo local dos tecidos<\/p>\n<p data-start=\"643\" data-end=\"694\">\ud83d\udc49 Fun\u00e7\u00e3o: Queima de gordura + activa\u00e7\u00e3o metab\u00f3lica<\/p>\n<hr data-start=\"696\" data-end=\"699\" \/>\n<h3 data-section-id=\"12bzgfy\" data-start=\"701\" data-end=\"718\">\ud83d\udfe1 Vitamina E<\/h3>\n<p data-start=\"719\" data-end=\"941\">Poderoso antioxidante<br data-start=\"740\" data-end=\"743\" \/>Protege os tecidos contra radicais livres<br data-start=\"784\" data-end=\"787\" \/>Ajuda a melhorar elasticidade e hidrata\u00e7\u00e3o da pele<br data-start=\"837\" data-end=\"840\" \/>Contribui para prevenir flacidez ap\u00f3s redu\u00e7\u00e3o de gordura<br data-start=\"896\" data-end=\"899\" \/>Favorece regenera\u00e7\u00e3o e qualidade cut\u00e2nea<\/p>\n<p data-start=\"943\" data-end=\"993\">\ud83d\udc49 Fun\u00e7\u00e3o: Prote\u00e7\u00e3o antioxidante + firmeza da pele<\/p>\n<hr data-start=\"995\" data-end=\"998\" \/>\n<h1 data-section-id=\"1q4ozab\" data-start=\"1000\" data-end=\"1053\">\u26a1 Efeito Sin\u00e9rgico (O Que Torna THIN BODY Poderoso)<\/h1>\n<p data-start=\"1055\" data-end=\"1254\">O poder do THIN BODY est\u00e1 na combina\u00e7\u00e3o inteligente de activos lipol\u00edticos, metabolizadores de gordura e antioxidantes que trabalham em conjunto para remodelar o corpo e melhorar a qualidade da pele.<\/p>\n<hr data-start=\"1256\" data-end=\"1259\" \/>\n<h2 data-section-id=\"z9m2xn\" data-start=\"1261\" data-end=\"1320\">\ud83d\udd39 1. Lip\u00f3lise Intensiva + Redu\u00e7\u00e3o de Gordura Localizada<\/h2>\n<p data-start=\"1322\" data-end=\"1423\">Desoxicolato de S\u00f3dio quebra os adip\u00f3citos<br data-start=\"1364\" data-end=\"1367\" \/>L-Carnitina acelera utiliza\u00e7\u00e3o da gordura como energia<\/p>\n<p data-start=\"1425\" data-end=\"1524\">\ud83d\udc49 Resultado:<br \/>\n\u2714 Redu\u00e7\u00e3o de gordura localizada<br data-start=\"1470\" data-end=\"1473\" \/>\u2714 Remodela\u00e7\u00e3o corporal<br data-start=\"1495\" data-end=\"1498\" \/>\u2714 Contornos mais definidos<\/p>\n<hr data-start=\"1526\" data-end=\"1529\" \/>\n<h2 data-section-id=\"h2i9b7\" data-start=\"1531\" data-end=\"1580\">\ud83d\udd39 2. Activa\u00e7\u00e3o Metab\u00f3lica + Queima de Gordura<\/h2>\n<p data-start=\"1582\" data-end=\"1676\">L-Carnitina melhora metabolismo dos \u00e1cidos gordos<br data-start=\"1631\" data-end=\"1634\" \/>Desoxicolato favorece elimina\u00e7\u00e3o adiposa<\/p>\n<p data-start=\"1678\" data-end=\"1691\">\ud83d\udc49 Resultado:<\/p>\n<ul data-start=\"1692\" data-end=\"1783\">\n<li data-section-id=\"1tanwfv\" data-start=\"1692\" data-end=\"1721\">Maior efici\u00eancia lipol\u00edtica<\/li>\n<li data-section-id=\"1yn64xa\" data-start=\"1722\" data-end=\"1752\">Redu\u00e7\u00e3o de zonas resistentes<\/li>\n<li data-section-id=\"1w6pw63\" data-start=\"1753\" data-end=\"1783\">Melhoria do aspecto corporal<\/li>\n<\/ul>\n<hr data-start=\"1785\" data-end=\"1788\" \/>\n<h2 data-section-id=\"avf3lw\" data-start=\"1790\" data-end=\"1839\">\ud83d\udd39 3. Prote\u00e7\u00e3o Cut\u00e2nea + Preven\u00e7\u00e3o da Flacidez<\/h2>\n<p data-start=\"1841\" data-end=\"2011\">Vitamina E protege os tecidos contra stress oxidativo<br data-start=\"1894\" data-end=\"1897\" \/>Ajuda a melhorar elasticidade e qualidade da pele<br data-start=\"1946\" data-end=\"1949\" \/>Contribui para uma apar\u00eancia mais firme ap\u00f3s redu\u00e7\u00e3o adiposa<\/p>\n<p data-start=\"2013\" data-end=\"2096\">\ud83d\udc49 Resultado:<br \/>\n\u2714 Pele mais firme<br data-start=\"2044\" data-end=\"2047\" \/>\u2714 Melhor elasticidade<br data-start=\"2068\" data-end=\"2071\" \/>\u2714 Menor risco de flacidez<\/p>\n<hr data-start=\"2098\" data-end=\"2101\" \/>\n<h2 data-section-id=\"e45yjg\" data-start=\"2103\" data-end=\"2139\">\ud83d\udd39 4. Remodela\u00e7\u00e3o Corporal Global<\/h2>\n<p data-start=\"2141\" data-end=\"2156\">A\u00e7\u00e3o combinada:<\/p>\n<ul data-start=\"2157\" data-end=\"2236\">\n<li data-section-id=\"194tscl\" data-start=\"2157\" data-end=\"2176\">Quebra da gordura<\/li>\n<li data-section-id=\"1y08lqy\" data-start=\"2177\" data-end=\"2201\">Metaboliza\u00e7\u00e3o lip\u00eddica<\/li>\n<li data-section-id=\"blxc7f\" data-start=\"2202\" data-end=\"2236\">Prote\u00e7\u00e3o e revitaliza\u00e7\u00e3o da pele<\/li>\n<\/ul>\n<p data-start=\"2238\" data-end=\"2251\">\ud83d\udc49 Resultado:<\/p>\n<ul data-start=\"2252\" data-end=\"2326\">\n<li data-section-id=\"t5e9gd\" data-start=\"2252\" data-end=\"2273\">Corpo mais definido<\/li>\n<li data-section-id=\"2xq0dp\" data-start=\"2274\" data-end=\"2300\">Melhor contorno corporal<\/li>\n<li data-section-id=\"2b2v2z\" data-start=\"2301\" data-end=\"2326\">Aspecto mais tonificado<\/li>\n<\/ul>\n<hr data-start=\"2328\" data-end=\"2331\" \/>\n<h2 data-section-id=\"12r6l5n\" data-start=\"2333\" data-end=\"2371\">\ud83d\udd39 5. Melhoria da Qualidade da Pele<\/h2>\n<p data-start=\"2373\" data-end=\"2531\">Vitamina E melhora hidrata\u00e7\u00e3o e suavidade<br data-start=\"2414\" data-end=\"2417\" \/>A redu\u00e7\u00e3o do volume adiposo melhora textura corporal<br data-start=\"2469\" data-end=\"2472\" \/>A activa\u00e7\u00e3o metab\u00f3lica favorece revitaliza\u00e7\u00e3o dos tecidos<\/p>\n<p data-start=\"2533\" data-end=\"2628\">\ud83d\udc49 Resultado:<br \/>\n\u2714 Pele mais suave<br data-start=\"2564\" data-end=\"2567\" \/>\u2714 Melhor aspecto cut\u00e2neo<br data-start=\"2591\" data-end=\"2594\" \/>\u2714 Apar\u00eancia corporal rejuvenescida<\/p>\n<hr data-start=\"2630\" data-end=\"2633\" \/>\n<h1 data-section-id=\"1h5xygg\" data-start=\"2635\" data-end=\"2650\">\ud83d\udca1 Resumindo:<\/h1>\n<p data-start=\"2652\" data-end=\"2797\">\ud83d\udc49 \u201cTHIN BODY combina activos lipol\u00edticos e metabolizadores de gordura para ajudar a reduzir gordura localizada e redefinir o contorno corporal.\u201d<\/p>\n<p data-start=\"2799\" data-end=\"2969\" data-is-last-node=\"\" data-is-only-node=\"\">\ud83d\udc49 \u201cUma f\u00f3rmula sin\u00e9rgica avan\u00e7ada desenvolvida para estimular a lip\u00f3lise, melhorar o metabolismo das gorduras e proporcionar um corpo mais definido, firme e harmonioso.\u201d<\/p>\n<\/div>\n<\/div>\n<\/div>\n<\/div>\n<div class=\"z-0 flex min-h-[46px] justify-start\"><\/div>\n<div class=\"mt-3 w-full empty:hidden\">\n<div class=\"text-center\"><\/div>\n<\/div>\n<\/div>\n<\/div>\n<\/section>\n<div class=\"pointer-events-none -mt-px h-px translate-y-[calc(var(--scroll-root-safe-area-inset-bottom)-14*var(--spacing))]\" aria-hidden=\"true\"><\/div>\n<p>&nbsp;<\/p>\n"},{"title":"Misturas poss\u00edveis","textarea":"<p>Nenhuma,apenas com atenuantes de dor, Soft Skin ou solu\u00e7\u00e3o salina 0,9%<\/p>\n"},{"title":"Protocolo de tratamentos","textarea":"<p><strong>Regras gerais<\/strong><\/p>\n<p>&nbsp;<\/p>\n<p>Passo 1: Lave a pele com um gel de limpeza transparente e seque. N\u00e3o use um creme, lo\u00e7\u00e3o ou limpador perolado, que pode deixar res\u00edduos.<\/p>\n<p>&nbsp;<\/p>\n<p>Passo 2: Desinfete a \u00e1rea com clorexidina ou similar<\/p>\n<p>&nbsp;<\/p>\n<p>Passo 3: Aplique uma pequena quantidade do produto em uma compressa de gaze e espalhe sobre a \u00e1rea desejada (ou use um pincel leque) se estiver usando mesoterapia virtual ou encha a seringa com o produto se estiver usando mesoterapia cl\u00e1ssica.<\/p>\n<p>&nbsp;<\/p>\n<p>Etapa 4: percorra a \u00e1rea com o instrumento seguindo as instru\u00e7\u00f5es do fabricante<\/p>\n<p>&nbsp;<\/p>\n<p>Passo 5: Reaplique a solu\u00e7\u00e3o conforme necess\u00e1rio para cobrir toda a \u00e1rea at\u00e9 que a pele esteja levemente \u00famida (no caso de mesoterapia virtual)<\/p>\n<p>&nbsp;<\/p>\n<p>Passo 6: Repita o passo 4.<\/p>\n<p>&nbsp;<\/p>\n<p>Etapa 7: enx\u00e1gue a solu\u00e7\u00e3o restante com \u00e1gua fria por 30 segundos. Seque suavemente a pele e aplique o soro hialur\u00f4nico hidratante p\u00f3s-peeling\/24 para nutrir a pele com ingredientes antienvelhecimento.<\/p>\n<p>&nbsp;<\/p>\n<p id=\"tw-target-text\" class=\"tw-data-text tw-text-large tw-ta\" dir=\"ltr\" data-placeholder=\"Tradu\u00e7\u00e3o\"><span class=\"Y2IQFc\" lang=\"pt\"><strong>Protocolo Thin Body<\/strong><br \/>\nThin Body. Cont\u00e9m 25 mg ou \u00e1cido deoxic\u00f3lico por ml.<br \/>\nThin Body vem em frascos de 10ml O Thin Body DEVE SER DILU\u00cdDO da seguinte forma: Para o abd\u00f4men diluir 2 ml do Thin Body (o frasco cont\u00e9m 10ml) com 4ml de soro fisiol\u00f3gico a 0,9%. Em seguida, adicione 1 ml de lidoca\u00edna ou proca\u00edna a isso.<br \/>\n<\/span><\/p>\n<p class=\"tw-data-text tw-text-large tw-ta\" dir=\"ltr\" data-placeholder=\"Tradu\u00e7\u00e3o\"><span class=\"Y2IQFc\" lang=\"pt\">Voc\u00ea deve criar como uma matriz na \u00e1rea a ser tratada de modo que 2cm para cada inje\u00e7\u00e3o subcut\u00e2nea (com 30g 1\/2) a 10mm de profundidade (toda a agulha a 90 graus. Isso vai doer, ficar avermelhado e inchado por 24 a 48h . Este ser\u00e1 o \u00e1cido deoxic\u00f3lico destruindo as c\u00e9lulas de gordura que ser\u00e3o expelidas do corpo dela atrav\u00e9s do sistema linf\u00e1tico. Ap\u00f3s 10 dias fa\u00e7a a sess\u00e3o seguinte da mesma forma e ver\u00e1 a progress\u00e3o da redu\u00e7\u00e3o. Normalmente para este tipo de casos voc\u00ea deve vender um pacote de 10 sess\u00f5es para reduzir 10cm no di\u00e2metro da barriga.Ap\u00f3s este pacote de 10 sess\u00f5es voc\u00ea deve avaliar e ver se deve fazer mais sess\u00f5es ou n\u00e3o.<br \/>\n<\/span><\/p>\n<p class=\"tw-data-text tw-text-large tw-ta\" dir=\"ltr\" data-placeholder=\"Tradu\u00e7\u00e3o\"><span class=\"Y2IQFc\" lang=\"pt\">Uma vez que a gordura \u00e9 reduzida, voc\u00ea deve usar o Fitness Body para tensionar a pele e eliminar a flacidez causada pela perda de gordura.<br \/>\n<\/span><\/p>\n<p class=\"tw-data-text tw-text-large tw-ta\" dir=\"ltr\" data-placeholder=\"Tradu\u00e7\u00e3o\"><span class=\"Y2IQFc\" lang=\"pt\">Depois de eliminar a gordura e eliminar a flacidez \u00e9 hora de avaliar se a paciente deseja aumentar o volume dos gluteos ou se j\u00e1 est\u00e1 satisfeita com os resultados.<br \/>\n<\/span><\/p>\n<p class=\"tw-data-text tw-text-large tw-ta\" dir=\"ltr\" data-placeholder=\"Tradu\u00e7\u00e3o\"><span class=\"Y2IQFc\" lang=\"pt\">Caso contr\u00e1rio, voc\u00ea pode usar Sculptra dilu\u00edda em 10ml de solu\u00e7\u00e3o salina e depois injetar profundamente com uma agulha de 30g 1\/2 como uma circunfer\u00eancia (temos v\u00eddeos disso, se voc\u00ea quiser)<\/span><\/p>\n<p>&nbsp;<\/p>\n<p>&nbsp;<\/p>\n<p><b>PROTOCOLO MESO:<\/b> Use Thin Body apenas em \u00e1reas onde a pin\u00e7a apresenta pelo menos 3cm de gordura.<\/p>\n<p>A t\u00e9cnica de aplica\u00e7\u00e3o \u00e9 a infiltra\u00e7\u00e3o subcut\u00e2nea e n\u00e3o a infiltra\u00e7\u00e3o intrad\u00e9rmica (mesoterapia), com agulha hipod\u00e9rmica 30 G ou 30 1\/2 G 13 x 0,3 mm.<\/p>\n<p>A inje\u00e7\u00e3o deve ser realizada com a agulha perpendicular \u00e0 pele, a uma profundidade de 12 ou 13 mm, injetando 0,1 a 0,2 ml por ponto, a uma dist\u00e2ncia de 2 a 3 cm entre cada ponto.<\/p>\n<p>Deve-se ter cuidado especial para n\u00e3o colocar a agulha em superf\u00edcie a uma profundidade inferior a 4 mm (aplica\u00e7\u00e3o intrad\u00e9rmica), pois h\u00e1 risco de necrose da pele.<\/p>\n<p>Nunca administre mais de 20ml por sess\u00e3o no corpo, pois o corpo n\u00e3o pode absorver tanto!<\/p>\n<p><b>Tempo recomendado entre as sess\u00f5es<\/b><\/p>\n<p>Tradicional &#8230;&#8230;&#8230;&#8230;&#8230;&#8230;&#8230;&#8230;&#8230;&#8230;&#8230;&#8230;&#8230; 3 semanas ou intervalo m\u00ednimo de 15 dias, dependendo do paciente<\/p>\n<p><b>N\u00famero de sess\u00f5es<\/b>:<\/p>\n<p>Iniciando o tratamento &#8230;&#8230;&#8230;&#8230;&#8230;&#8230;&#8230;.. 6 a 8 dependendo da quantidade de gordura<\/p>\n<p>Manuten\u00e7\u00e3o &#8230;&#8230;&#8230;&#8230;&#8230;&#8230;&#8230; a cada 6-8 meses com 1 ou 2 sess\u00f5es<\/p>\n"}],"download_file":false}},"_links":{"self":[{"href":"https:\/\/www.therapmedic.com\/pt-pt\/wp-json\/wp\/v2\/product\/1792","targetHints":{"allow":["GET"]}}],"collection":[{"href":"https:\/\/www.therapmedic.com\/pt-pt\/wp-json\/wp\/v2\/product"}],"about":[{"href":"https:\/\/www.therapmedic.com\/pt-pt\/wp-json\/wp\/v2\/types\/product"}],"wp:featuredmedia":[{"embeddable":true,"href":"https:\/\/www.therapmedic.com\/pt-pt\/wp-json\/wp\/v2\/media\/8779"}],"wp:attachment":[{"href":"https:\/\/www.therapmedic.com\/pt-pt\/wp-json\/wp\/v2\/media?parent=1792"}],"wp:term":[{"taxonomy":"product_brand","embeddable":true,"href":"https:\/\/www.therapmedic.com\/pt-pt\/wp-json\/wp\/v2\/product_brand?post=1792"},{"taxonomy":"product_cat","embeddable":true,"href":"https:\/\/www.therapmedic.com\/pt-pt\/wp-json\/wp\/v2\/product_cat?post=1792"},{"taxonomy":"product_tag","embeddable":true,"href":"https:\/\/www.therapmedic.com\/pt-pt\/wp-json\/wp\/v2\/product_tag?post=1792"}],"curies":[{"name":"wp","href":"https:\/\/api.w.org\/{rel}","templated":true}]}}