{"id":1790,"date":"2022-12-01T15:34:17","date_gmt":"2022-12-01T15:34:17","guid":{"rendered":"https:\/\/www.therapmedic.com\/?post_type=product&#038;p=1790"},"modified":"2026-04-29T18:51:18","modified_gmt":"2026-04-29T18:51:18","slug":"thin-face","status":"publish","type":"product","link":"https:\/\/www.therapmedic.com\/pt-pt\/produto\/thin-face\/","title":{"rendered":"Thin Face"},"content":{"rendered":"<p><b><i>Thin<\/i><\/b><b><i> Face<\/i><\/b> &#8211; Solu\u00e7\u00e3o anti-celulite, remodela a silhueta, reduz o duplo queixo<\/p>\n<p>A solu\u00e7\u00e3o anti-celulite de mesoterapia remodela a silhueta. Solu\u00e7\u00f5es baseadas em produtos com conhecida atividade lipol\u00edtica que atuam sinergicamente. <b><i>Thin<\/i><\/b><b><i> Face <\/i><\/b>\u00e9 uma f\u00f3rmula anticelulite intensa desenvolvida para tratar o corpo em \u00e1reas com tend\u00eancia ao ac\u00famulo de c\u00e9lulas de gordura e ao desenvolvimento de celulite. A atua\u00e7\u00e3o sin\u00e9rgica de desoxicolato e quillaia permite mais efeito com menos concentra\u00e7\u00e3o. \u2018Celulite\u2019 ou \u2018lipodistrofia superficial\u2019 \u00e9 um aglomerado de gordura hipod\u00e9rmica e afeta 80-90% de todas as mulheres.<\/p>\n<p><u><b>Apresenta\u00e7\u00e3o<\/b><\/u>: Caixa 5 viais de\u00a0 5 mL<\/p>\n<p>O pre\u00e7o apresentado \u00e9 por caixa de 5 frascos.<\/p>\n","protected":false},"excerpt":{"rendered":"<p>Thin Face &#8211; Solu\u00e7\u00e3o anti-celulite, remodela a silhueta, reduz o duplo queixo A solu\u00e7\u00e3o anti-celulite de mesoterapia remodela a silhueta. Solu\u00e7\u00f5es baseadas em produtos com conhecida atividade lipol\u00edtica que atuam sinergicamente. Thin Face \u00e9 uma f\u00f3rmula anticelulite intensa desenvolvida para tratar o corpo em \u00e1reas com tend\u00eancia ao ac\u00famulo de c\u00e9lulas de gordura e ao [&hellip;]<\/p>\n","protected":false},"featured_media":8771,"template":"","meta":[],"product_brand":[],"product_cat":[1115,15,944,957,1024,1040,1058,1096],"product_tag":[],"class_list":{"0":"post-1790","1":"product","2":"type-product","3":"status-publish","4":"has-post-thumbnail","6":"product_cat-queixo-duplo-papada","7":"product_cat-uncategorized","8":"product_cat-produtos-de-mesoterapia","9":"product_cat-lipoliticos-anti-gordura","10":"product_cat-areas-de-tratamentos-vs-produtos-tratamentos-com-equipamentos","11":"product_cat-corpo","12":"product_cat-remoldeamento-da-silhueta","13":"product_cat-cara","15":"first","16":"instock","17":"taxable","18":"shipping-taxable","19":"purchasable","20":"product-type-simple"},"acf":{"display":["home"],"short_name":"","display_equipment_products":[],"short_name_equipment_products":"","confidential_information":{"text_block":[{"title":"Ingredientes Ativos","textarea":"<p><b>L-Carnitina<\/b> &#8211; A L-carnitina ajuda a transformar a gordura em energia. Possui propriedades antiinflamat\u00f3rias e antioxidantes. Pode ajudar a reduzir o excesso de sebo. Inclu\u00eddo em produtos de cuidados da pele projetados para tratar a pele oleosa. Controle da celulite. Para melhorar ou curar as condi\u00e7\u00f5es da pele, incluindo rugas, pele seca ou descamada e queimaduras (por exemplo, queimaduras de sol) e na cura e preven\u00e7\u00e3o da forma\u00e7\u00e3o de cicatrizes.<\/p>\n<p><b>Desoxicolato<\/b><b> de s\u00f3dio <\/b>&#8211; O desoxicolato de s\u00f3dio \u00e9 o sal de s\u00f3dio do \u00e1cido desoxic\u00f3lico, um ingrediente freq\u00fcentemente usado em inje\u00e7\u00f5es de mesoterapia para quebrar c\u00e9lulas de gordura, potencialmente tratando a celulite. o \u00e1cido desoxic\u00f3lico &#8220;atinge as c\u00e9lulas de gordura adiposa induzindo a lip\u00f3lise, ruptura e morte celular entre os adip\u00f3citos. O desoxicolato de s\u00f3dio \u00e9 encontrado como um emulsificante natural no corpo,<\/p>\n<p><b>Acetato de tocoferol, Vitamina E <\/b>&#8211; O acetato de tocoferol \u00e9 uma forma de vitamina E. Antioxidante; Agente condicionador da pele. Ele protege as membranas celulares dos danos causados \u200b\u200bpelos radicais livres de oxig\u00eanio.<\/p>\n<p><b>Ur\u00e9ia<\/b><b> &#8211; <\/b>Maior absor\u00e7\u00e3o pela pele. \u00e9 um dos ingredientes hidratantes mais eficazes na qu\u00edmica cosm\u00e9tica. O papel da ureia na pele \u00e9 manter um equil\u00edbrio de hidrata\u00e7\u00e3o saud\u00e1vel, mantendo-a macia, flex\u00edvel e jovem, trazendo o al\u00edvio t\u00e3o necess\u00e1rio para uma pele seca .. \u00e9 um componente natural dos tecidos da nossa pele e constitui 7% do nosso fator de hidrata\u00e7\u00e3o natural, que diminui com a idade.<\/p>\n"},{"title":"Misturas poss\u00edveis","textarea":"<p>Nenhuma excepto Soft Skin ou solu\u00e7\u00e3o salina para amenizar a agressiviadde do acido deoxicolico<\/p>\n"},{"title":"Protocolos de Tratamentos","textarea":"<p><strong>Regras gerais<\/strong><\/p>\n<p>Passo 1: Lave a pele com um gel de limpeza transparente e seque. N\u00e3o use um creme, lo\u00e7\u00e3o ou limpador perolado, que pode deixar res\u00edduos.<\/p>\n<p>Passo 2: Desinfete a \u00e1rea com clorexidina ou similar<\/p>\n<p>Passo 3: Aplique uma pequena quantidade do produto em uma compressa de gaze e espalhe sobre a \u00e1rea desejada (ou use um pincel leque) se estiver usando mesoterapia virtual ou encha a seringa com o produto se estiver usando mesoterapia cl\u00e1ssica.<\/p>\n<p>Etapa 4: percorra a \u00e1rea com o instrumento seguindo as instru\u00e7\u00f5es do fabricante<\/p>\n<p>Passo 5: Reaplique a solu\u00e7\u00e3o conforme necess\u00e1rio para cobrir toda a \u00e1rea at\u00e9 que a pele esteja levemente \u00famida (no caso de mesoterapia virtual)<\/p>\n<p>Passo 6: Repita o passo 4.<\/p>\n<p>Etapa 7: enx\u00e1gue a solu\u00e7\u00e3o restante com \u00e1gua fria por 30 segundos. Seque suavemente a pele e aplique o soro hialur\u00f4nico hidratante p\u00f3s-peeling\/24 para nutrir a pele com ingredientes antienvelhecimento.<\/p>\n<p>&nbsp;<\/p>\n<p id=\"tw-target-text\" class=\"tw-data-text tw-text-large tw-ta\" dir=\"ltr\" data-placeholder=\"Tradu\u00e7\u00e3o\"><span class=\"Y2IQFc\" lang=\"pt\"><strong>Protocolo Thin Body<\/strong> <\/span><\/p>\n<p class=\"tw-data-text tw-text-large tw-ta\" dir=\"ltr\" data-placeholder=\"Tradu\u00e7\u00e3o\"><span class=\"Y2IQFc\" lang=\"pt\">O Thin Body cont\u00e9m 10 mg de \u00e1cido deoxic\u00f3lico por ml, a mesma Concentra\u00e7\u00e3o do concorrente conhecido. A diferen\u00e7a \u00e9 que nosso Thin Body vem em frascos de 5ml, caixa com 5 frascos. Outra grande diferen\u00e7a \u00e9 que o Thin Body cont\u00e9m outros componentes que v\u00e3o ajudar a potencializar os resultados e reduzir drasticamente o incha\u00e7o, a vermelhid\u00e3o e a dor do ataque do \u00e1cido deoxic\u00f3lico ao \u201cdissolver\u201d a gordura subcut\u00e2nea. A gordura dissolvida ser\u00e1 expelida pelo sistema linf\u00e1tico. Um complemento com tratamentos de radiofrequ\u00eancia potencializar\u00e1 ainda mais os resultados.<\/span><\/p>\n<p class=\"tw-data-text tw-text-large tw-ta\" dir=\"ltr\" data-placeholder=\"Tradu\u00e7\u00e3o\"><span class=\"Y2IQFc\" lang=\"pt\"><br \/>\nO protocolo \u00e9 o seguinte:<br \/>\n0,5 ml de Thin Body com 1ml de soro fisiol\u00f3gico a 0,9%. Em seguida, adicione 0,5ml de lidoca\u00edna ou proca\u00edna. A solu\u00e7\u00e3o final deve ser injetada com uma seringa 30G 1\/2 perpendicular \u00e0 pele, agulha total de modo que 6 a 8 mm de profundidade do tecido n\u00e3o do tecido adiposo. Os pontos de inje\u00e7\u00e3o devem estar afastados 1cm um do outro como uma matriz no queixo duplo. Voc\u00ea pode injetar 5 unidades de botox ou seringa de insulina por ponto de inje\u00e7\u00e3o.<\/span><\/p>\n<p class=\"tw-data-text tw-text-large tw-ta\" dir=\"ltr\" data-placeholder=\"Tradu\u00e7\u00e3o\"><span class=\"Y2IQFc\" lang=\"pt\"><br \/>\nN\u00e3o use mais nada, nem lo\u00e7\u00f5es, cremes ou qualquer outra coisa por pelo menos 4 horas ap\u00f3s o tratamento, pois isso pode influenciar no resultado, pois os pontos de inje\u00e7\u00e3o ainda est\u00e3o abertos.<br \/>\n<\/span><\/p>\n<p class=\"tw-data-text tw-text-large tw-ta\" dir=\"ltr\" data-placeholder=\"Tradu\u00e7\u00e3o\"><span class=\"Y2IQFc\" lang=\"pt\">Venda o pack de 6 a 8 sess\u00f5es separadas por 8 a 10 dias mas deve avaliar a evolu\u00e7\u00e3o do tratamento.<br \/>\n<\/span><\/p>\n<p class=\"tw-data-text tw-text-large tw-ta\" dir=\"ltr\" data-placeholder=\"Tradu\u00e7\u00e3o\"><span class=\"Y2IQFc\" lang=\"pt\">Para tratar a gordura corporal como gordura do biqu\u00edni ou gordura da barriga, voc\u00ea deve usar Thin Body. Para as axilas voc\u00ea deve usar o Miami Body.<br \/>\nAp\u00f3s o tratamento, se voc\u00ea perceber que a pele est\u00e1 muito fl\u00e1cida, voc\u00ea pode fazer um tratamento com o Fitness Body.<\/span><\/p>\n<p>&nbsp;<\/p>\n<p>&nbsp;<\/p>\n<p>&nbsp;<\/p>\n<p><b>PROTOCOLO MESO: Profundidade recomendada por \u00e1rea<\/b><\/p>\n<p><b>M\u00e9todo<\/b>: A t\u00e9cnica de aplica\u00e7\u00e3o \u00e9 a infiltra\u00e7\u00e3o subcut\u00e2nea e n\u00e3o a infiltra\u00e7\u00e3o intrad\u00e9rmica (mesoterapia),<\/p>\n<p><b>Agulha<\/b>: hipod\u00e9rmica 30 G ou 30 1\/2 G 13 x 0,3 mm.<\/p>\n<p><b>Inje\u00e7\u00e3o<\/b>: agulha perpendicular \u00e0 pele,<\/p>\n<p><b>Profundidade<\/b>: de 5 a 8 mm<\/p>\n<p><b>Quantidade a injetar por ponto<\/b>: 0,1 a 0,2 ml por ponto ou no m\u00e1ximo 5 unidades (de uma seringa de insulina de 1 ml),<\/p>\n<p><b>Dist\u00e2ncia entre pontos de inje\u00e7\u00e3o<\/b>: 1 cm entre cada ponto (basta construir uma matriz com 1cm de dist\u00e2ncia entre cada linha).<\/p>\n<p><b>M\u00e1ximo de pontos de inje\u00e7\u00e3o na cara: <\/b>n\u00e3o use mais do que 12 pontos, 5 unidades (de 1 seringa de 1ml) por meia face, totalizando 24 pontos para toda a \u00e1rea.<\/p>\n<p><b>Tempo recomendado entre as sess\u00f5es<\/b>:<\/p>\n<p>Tradicional &#8230;&#8230;&#8230;&#8230;&#8230;&#8230;&#8230;&#8230;&#8230;&#8230;&#8230;&#8230;&#8230; intervalo de 15 dias<\/p>\n<p>N\u00famero de sess\u00f5es<\/p>\n<p>Iniciando o tratamento &#8230;&#8230;&#8230;&#8230;&#8230;&#8230;&#8230;.. 6 separados por 3 semanas<\/p>\n<p>Manuten\u00e7\u00e3o &#8230;&#8230;&#8230;&#8230;&#8230;&#8230;&#8230; a cada 6-8 meses apenas 2 sess\u00f5es<\/p>\n"}],"download_file":false}},"_links":{"self":[{"href":"https:\/\/www.therapmedic.com\/pt-pt\/wp-json\/wp\/v2\/product\/1790","targetHints":{"allow":["GET"]}}],"collection":[{"href":"https:\/\/www.therapmedic.com\/pt-pt\/wp-json\/wp\/v2\/product"}],"about":[{"href":"https:\/\/www.therapmedic.com\/pt-pt\/wp-json\/wp\/v2\/types\/product"}],"wp:featuredmedia":[{"embeddable":true,"href":"https:\/\/www.therapmedic.com\/pt-pt\/wp-json\/wp\/v2\/media\/8771"}],"wp:attachment":[{"href":"https:\/\/www.therapmedic.com\/pt-pt\/wp-json\/wp\/v2\/media?parent=1790"}],"wp:term":[{"taxonomy":"product_brand","embeddable":true,"href":"https:\/\/www.therapmedic.com\/pt-pt\/wp-json\/wp\/v2\/product_brand?post=1790"},{"taxonomy":"product_cat","embeddable":true,"href":"https:\/\/www.therapmedic.com\/pt-pt\/wp-json\/wp\/v2\/product_cat?post=1790"},{"taxonomy":"product_tag","embeddable":true,"href":"https:\/\/www.therapmedic.com\/pt-pt\/wp-json\/wp\/v2\/product_tag?post=1790"}],"curies":[{"name":"wp","href":"https:\/\/api.w.org\/{rel}","templated":true}]}}