{"id":1749,"date":"2022-11-22T17:01:39","date_gmt":"2022-11-22T17:01:39","guid":{"rendered":"https:\/\/www.therapmedic.com\/?post_type=product&#038;p=1749"},"modified":"2026-04-29T16:57:37","modified_gmt":"2026-04-29T16:57:37","slug":"young-lift-face","status":"publish","type":"product","link":"https:\/\/www.therapmedic.com\/pt-pt\/produto\/young-lift-face\/","title":{"rendered":"Baby Face"},"content":{"rendered":"<p><b><i>Baby Face <\/i><\/b><b>&#8211; <\/b>Anti-rugas, anti-radicais livres. Impulsionador de col\u00e1geno, Estimula as c\u00e9lulas m\u00e3e e ativa o t\u00f4nus muscular. Hidrata a pele<\/p>\n<p><b><i>Baby face<\/i><\/b> \u00e9 um cocktail que tem como principal a\u00e7\u00e3o recuperar e refor\u00e7ar a matriz. Na pele, o sil\u00edcio tem um papel importante para a s\u00edntese ideal de col\u00e1geno e ativa\u00e7\u00e3o de enzimas hidroxilantes, melhorando a for\u00e7a e elasticidade da pele e, ao mesmo tempo e agindo sinergicamente, h\u00e1 um efeito hidratante devido ao \u00e1cido hialur\u00f3nico e um efeito lifting do DMAE junto com a atividade antioxidante das vitaminas A e E.<\/p>\n<p><u><b>Apresenta\u00e7\u00e3o<\/b><\/u>: Caixa 5 viais de\u00a0 5 mL<\/p>\n<p>O pre\u00e7o apresentado \u00e9 por caixa de 5 frascos.<\/p>\n","protected":false},"excerpt":{"rendered":"<p>Baby Face &#8211; Anti-rugas, anti-radicais livres. Impulsionador de col\u00e1geno, Estimula as c\u00e9lulas m\u00e3e e ativa o t\u00f4nus muscular. Hidrata a pele Baby face \u00e9 um cocktail que tem como principal a\u00e7\u00e3o recuperar e refor\u00e7ar a matriz. Na pele, o sil\u00edcio tem um papel importante para a s\u00edntese ideal de col\u00e1geno e ativa\u00e7\u00e3o de enzimas hidroxilantes, [&hellip;]<\/p>\n","protected":false},"featured_media":8531,"template":"","meta":[],"product_brand":[],"product_cat":[15,944,946,1024,1068,1082,1096,1127,1129,1163,1169],"product_tag":[],"class_list":{"0":"post-1749","1":"product","2":"type-product","3":"status-publish","4":"has-post-thumbnail","6":"product_cat-uncategorized","7":"product_cat-produtos-de-mesoterapia","8":"product_cat-anti-envelhecimento","9":"product_cat-areas-de-tratamentos-vs-produtos-tratamentos-com-equipamentos","10":"product_cat-gluteos","11":"product_cat-pouca-elasticidade-pt-pt","12":"product_cat-cara","13":"product_cat-melhoria-do-contorno-facial","14":"product_cat-pouca-elasticidade-pt-pt-2","15":"product_cat-manos","16":"product_cat-pouca-elasticidade-pt-pt-3","18":"first","19":"instock","20":"taxable","21":"shipping-taxable","22":"purchasable","23":"product-type-simple"},"acf":{"display":[],"short_name":"","display_equipment_products":[],"short_name_equipment_products":"","confidential_information":{"text_block":[{"title":"Ingredientes Ativos","textarea":"<p><b>Manuronato<\/b><b> de <\/b><b>metilsilanol<\/b> &#8211; \u00e9 um derivado org\u00e2nico do sil\u00edcio. O sil\u00edcio \u00e9 importante para a sa\u00fade das unhas, cabelos, ossos e pele em humanos. \u00c9 necess\u00e1rio para a s\u00edntese de col\u00e1geno e elastina, que s\u00e3o prote\u00ednas que ajudam a manter a apar\u00eancia jovem da pele. O manuronato de metilsilanol \u00e9 usado principalmente como ingrediente antienvelhecimento porque tem a capacidade de proteger a pele dos radicais livres, proteger o col\u00e1geno e a elastina contra a glica\u00e7\u00e3o, estimular a produ\u00e7\u00e3o de col\u00e1geno, reduzir a inflama\u00e7\u00e3o e promover a lip\u00f3lise. \u00c9 um anti-envelhecimento, protegendo a pele contra os radicais livres aumentando a resist\u00eancia da membrana celular. O resultado \u00e9 uma pele mais firme, lisa e jovem. O manuronato de metilsilanol induz a libera\u00e7\u00e3o do excesso de \u00e1cidos graxos contidos nos adip\u00f3citos (c\u00e9lulas de gordura), resultando em um efeito de emagrecimento do corpo. Isso torna o manuronato de metilsilanol um ingrediente \u00fatil em produtos anticelulite para o cuidado da pele.<\/p>\n<p><b>Acetato de tocoferol, Vitamina E <\/b>&#8211; O acetato de tocoferol \u00e9 uma forma de vitamina E. Antioxidante; Agente condicionador da pele. Ele protege as membranas celulares dos danos causados \u200b\u200bpelos radicais livres de oxig\u00eanio.<\/p>\n<p><b>Dimetil<\/b><b> MEA, DMAE <\/b>&#8211; induz aumento na espessura da fibra de col\u00e1geno. Tem lindos efeitos de firmeza de pele. \u00c9 um agente antiinflamat\u00f3rio moderadamente ativo.<\/p>\n<p><b>\u00c1cido <\/b><b>hialur\u00f3nico<\/b> <b>Ultra-Low<\/b> <b>m.w<\/b><b>. 8 <\/b><b>Kd<\/b> &#8211; \u00c1cido hialur\u00f3nico 8 Kd. Aumenta a produ\u00e7\u00e3o de elastina, bem como fibronectina, glucosaminoglicano e col\u00e1geno. Efeito hidratante.<\/p>\n<p><b>Palmitato de <\/b><b>retinil<\/b><b>, Forma de vitamina A <\/b>&#8211; \u00c9 um agente condicionador da pele. Reduz a descama\u00e7\u00e3o e restaura a elasticidade, melhorando assim a apar\u00eancia da pele seca e danificada. \u00c9 tamb\u00e9m um antioxidante eficaz: melhora a produ\u00e7\u00e3o de col\u00e1geno e deixa a pele mais gorda, ajudando a suavizar as linhas de express\u00e3o.<\/p>\n"},{"title":"Misturas Poss\u00edveis","textarea":"<p><i>General Alopecia, <\/i><i>Revital<\/i> <i>Mix<\/i><i>, <\/i><i>3.5% <\/i><i>hy<\/i><i>-ac low viscosity solution, 3.5% <\/i><i>hy<\/i><i>-ac U-low viscosity solution, Miami Skin<\/i><\/p>\n"},{"title":"Protocolo de tratamentos","textarea":"<p><strong>Regras gerais<\/strong><\/p>\n<p><strong>\u00a0<\/strong><\/p>\n<p><strong>Passo 1: Lave a pele com um gel de limpeza transparente e seque. N\u00e3o use um creme, lo\u00e7\u00e3o ou limpador perolado, que pode deixar res\u00edduos.<\/strong><\/p>\n<p><strong>\u00a0<\/strong><\/p>\n<p><strong>Passo 2: Desinfete a \u00e1rea com clorexidina ou similar<\/strong><\/p>\n<p><strong>\u00a0<\/strong><\/p>\n<p><strong>Passo 3: Aplique uma pequena quantidade do produto em uma compressa de gaze e espalhe sobre a \u00e1rea desejada (ou use um pincel leque) se estiver usando mesoterapia virtual ou encha a seringa com o produto se estiver usando mesoterapia cl\u00e1ssica.<\/strong><\/p>\n<p><strong>\u00a0<\/strong><\/p>\n<p><strong>Etapa 4: percorra a \u00e1rea com o instrumento seguindo as instru\u00e7\u00f5es do fabricante<\/strong><\/p>\n<p><strong>\u00a0<\/strong><\/p>\n<p><strong>Passo 5: Reaplique a solu\u00e7\u00e3o conforme necess\u00e1rio para cobrir toda a \u00e1rea at\u00e9 que a pele esteja levemente \u00famida (no caso de mesoterapia virtual)<\/strong><\/p>\n<p><strong>\u00a0<\/strong><\/p>\n<p><strong>Passo 6: Repita o passo 4.<\/strong><\/p>\n<p><strong>\u00a0<\/strong><\/p>\n<p><strong>Etapa 7: enx\u00e1gue a solu\u00e7\u00e3o restante com \u00e1gua fria por 30 segundos. Seque suavemente a pele e aplique o soro hialur\u00f4nico hidratante p\u00f3s-peeling\/24 para nutrir a pele com ingredientes antienvelhecimento.<\/strong><\/p>\n<p>&nbsp;<\/p>\n<p><b>PROTOCOLO MESO<\/b>: Profundidade recomendada por \u00e1rea<\/p>\n<p>Ao redor dos olhos &#8230;&#8230;&#8230;&#8230;&#8230;. menos de 0,5 mm<\/p>\n<p>Frente &#8230;&#8230;&#8230;&#8230;&#8230;&#8230;&#8230;&#8230;&#8230;&#8230;&#8230;&#8230; 1-1,5 mm<\/p>\n<p>Bochechas &#8230;&#8230;&#8230;&#8230;&#8230;&#8230;&#8230;&#8230;&#8230;.. 1,5-2,5 mm<\/p>\n<p>Linha do maxilar e queixo&#8230;&#8230; 1-1,5 mm<\/p>\n<p>M\u00e3os &#8230;&#8230;&#8230;&#8230;&#8230;&#8230;&#8230;&#8230;&#8230;&#8230;&#8230;&#8230;.. 1-2 mm<\/p>\n<p><b>Tempo recomendado por \u00e1rea usando sistemas de aplica\u00e7\u00e3o <\/b><b>transd\u00e9rmica<\/b><b> (<\/b><b>eletropora\u00e7\u00e3o<\/b><b>, iontoforese, ultrassom, correntes galv\u00e2nicas, correntes cont\u00ednuas, radiofrequ\u00eancia, termoterapia)<\/b><\/p>\n<p>Rosto, queixo e decote &#8230;&#8230;&#8230;.. 5 minutos<\/p>\n<p>M\u00e3os &#8230;&#8230;&#8230;&#8230;&#8230;&#8230;&#8230;&#8230;&#8230;&#8230;&#8230;&#8230;&#8230; 5 minutos<\/p>\n<p><b>Tempo recomendado entre as sess\u00f5es<\/b>:<\/p>\n<p>Usando TDS &#8230;&#8230;&#8230;&#8230;&#8230;&#8230;&#8230;&#8230;&#8230;&#8230;&#8230;&#8230;&#8230;&#8230;&#8230;&#8230; intervalos de 6 a 7 dias<\/p>\n<p>Usando meso-caneta ou meso-rolo &#8230;&#8230;&#8230;.. intervalo de 8 a 10 dias<\/p>\n<p>Tradicional &#8230;&#8230;&#8230;&#8230;&#8230;&#8230;&#8230;&#8230;&#8230;&#8230;&#8230;&#8230;&#8230;&#8230;&#8230;&#8230;.. intervalo de 7 a 10 dias<\/p>\n<p><b>N\u00famero de sess\u00f5es<\/b>:<\/p>\n<p>Iniciando o tratamento &#8230;&#8230;&#8230;&#8230;&#8230;&#8230;&#8230;.. 5-6;<\/p>\n<p>Manuten\u00e7\u00e3o &#8230;&#8230;&#8230;&#8230;&#8230;&#8230;&#8230; a cada 3-5 meses<\/p>\n"}],"download_file":false}},"_links":{"self":[{"href":"https:\/\/www.therapmedic.com\/pt-pt\/wp-json\/wp\/v2\/product\/1749","targetHints":{"allow":["GET"]}}],"collection":[{"href":"https:\/\/www.therapmedic.com\/pt-pt\/wp-json\/wp\/v2\/product"}],"about":[{"href":"https:\/\/www.therapmedic.com\/pt-pt\/wp-json\/wp\/v2\/types\/product"}],"wp:featuredmedia":[{"embeddable":true,"href":"https:\/\/www.therapmedic.com\/pt-pt\/wp-json\/wp\/v2\/media\/8531"}],"wp:attachment":[{"href":"https:\/\/www.therapmedic.com\/pt-pt\/wp-json\/wp\/v2\/media?parent=1749"}],"wp:term":[{"taxonomy":"product_brand","embeddable":true,"href":"https:\/\/www.therapmedic.com\/pt-pt\/wp-json\/wp\/v2\/product_brand?post=1749"},{"taxonomy":"product_cat","embeddable":true,"href":"https:\/\/www.therapmedic.com\/pt-pt\/wp-json\/wp\/v2\/product_cat?post=1749"},{"taxonomy":"product_tag","embeddable":true,"href":"https:\/\/www.therapmedic.com\/pt-pt\/wp-json\/wp\/v2\/product_tag?post=1749"}],"curies":[{"name":"wp","href":"https:\/\/api.w.org\/{rel}","templated":true}]}}