{"id":1747,"date":"2022-11-22T16:54:03","date_gmt":"2022-11-22T16:54:03","guid":{"rendered":"https:\/\/www.therapmedic.com\/?post_type=product&#038;p=1747"},"modified":"2023-11-29T11:32:42","modified_gmt":"2023-11-29T11:32:42","slug":"dmae-3","status":"publish","type":"product","link":"https:\/\/www.therapmedic.com\/pt-pt\/produto\/dmae-3\/","title":{"rendered":"DMAE 3%"},"content":{"rendered":"<p><b><i>DMAE 3% <\/i><\/b><b>&#8211; <\/b>solu\u00e7\u00e3o reafirmante. Protege elastina e col\u00e1geno &#8211; Anti-radicais livres. Rejuvenescimento da pele do pesco\u00e7o e decote<\/p>\n<p>Mesoterapia especial para ajudar a melhorar o rejuvenescimento da pele do pesco\u00e7o e decote, solu\u00e7\u00e3o reafirmante. O DMAE atua como solu\u00e7\u00e3o firmadora para melhorar a apar\u00eancia da pele fl\u00e1cida e fl\u00e1cida.<\/p>\n<p><u><b>Apresenta\u00e7\u00e3o<\/b><\/u>: Caixa 5 viais de\u00a0 5 mL<\/p>\n<p>O pre\u00e7o apresentado \u00e9 por caixa de 5 frascos.<\/p>\n","protected":false},"excerpt":{"rendered":"<p>DMAE 3% &#8211; solu\u00e7\u00e3o reafirmante. Protege elastina e col\u00e1geno &#8211; Anti-radicais livres. Rejuvenescimento da pele do pesco\u00e7o e decote Mesoterapia especial para ajudar a melhorar o rejuvenescimento da pele do pesco\u00e7o e decote, solu\u00e7\u00e3o reafirmante. O DMAE atua como solu\u00e7\u00e3o firmadora para melhorar a apar\u00eancia da pele fl\u00e1cida e fl\u00e1cida. Apresenta\u00e7\u00e3o: Caixa 5 viais de\u00a0 [&hellip;]<\/p>\n","protected":false},"featured_media":1748,"template":"","meta":[],"product_brand":[],"product_cat":[1026,1038,1040,1062,1068,1080,1086,1096,1141,1213,1221,15,944,946,1024],"product_tag":[],"class_list":{"0":"post-1747","1":"product","2":"type-product","3":"status-publish","4":"has-post-thumbnail","6":"product_cat-bracos","7":"product_cat-pele-flacida","8":"product_cat-corpo","9":"product_cat-pele-flacida-pt-pt","10":"product_cat-gluteos","11":"product_cat-gluteos-facidos-e-caidos","12":"product_cat-pele-flacida-pt-pt-2","13":"product_cat-cara","14":"product_cat-pele-flacida-pt-pt-3","15":"product_cat-pernas","16":"product_cat-pele-flacida-pt-pt-5","17":"product_cat-uncategorized","18":"product_cat-produtos-de-mesoterapia","19":"product_cat-anti-envelhecimento","20":"product_cat-areas-de-tratamentos-vs-produtos-tratamentos-com-equipamentos","22":"first","23":"instock","24":"taxable","25":"shipping-taxable","26":"purchasable","27":"product-type-simple"},"acf":{"display":[],"short_name":"","display_equipment_products":[],"short_name_equipment_products":"","confidential_information":{"text_block":[{"title":"Ingredientes Ativos","textarea":"<p><b>Dimethylaminoethanol<\/b> &#8211; aumenta a firmeza da pele e reduz a inflama\u00e7\u00e3o da pele. pode ajudar a diminuir as rugas finas na testa e ao redor dos olhos e melhorar a apar\u00eancia geral da pele envelhecida. Al\u00e9m do mais, n\u00e3o parece causar efeitos colaterais comuns, como vermelhid\u00e3o, descama\u00e7\u00e3o e secura.<\/p>\n<p><b>\u00c1cido L\u00e1tico <\/b>&#8211; \u00c9 encontrado naturalmente no leite, embora o \u00e1cido l\u00e1ctico nos produtos de cuidados da pele atuais seja produzido sinteticamente. O \u00e1cido l\u00e1tico \u00e9 usado para esfoliar a pele, clarear manchas escuras e melhorar a apar\u00eancia de linhas finas e rugas. Cle\u00f3patra, conta a lenda, regularmente se banhava em leite para manter sua pele linda. E provavelmente funcionou, gra\u00e7as ao \u00e1cido l\u00e1ctico.<\/p>\n"},{"title":"Misturas Poss\u00edveis","textarea":"<p><i>3.5% <\/i><i>hy<\/i><i>-ac low viscosity solution, 3.5% <\/i><i>hy<\/i><i>-ac Ultra low viscosity solution, <\/i><i>Mesolifting<\/i><i>, No Wrinkles, Forever Young<\/i><\/p>\n"},{"title":"Protocolo de tratamentos","textarea":"<p><strong>Regras gerais<\/strong><\/p>\n<p><strong>\u00a0<\/strong><\/p>\n<p><strong>Passo 1: Lave a pele com um gel de limpeza transparente e seque. N\u00e3o use um creme, lo\u00e7\u00e3o ou limpador perolado, que pode deixar res\u00edduos.<\/strong><\/p>\n<p><strong>\u00a0<\/strong><\/p>\n<p><strong>Passo 2: Desinfete a \u00e1rea com clorexidina ou similar<\/strong><\/p>\n<p><strong>\u00a0<\/strong><\/p>\n<p><strong>Passo 3: Aplique uma pequena quantidade do produto em uma compressa de gaze e espalhe sobre a \u00e1rea desejada (ou use um pincel leque) se estiver usando mesoterapia virtual ou encha a seringa com o produto se estiver usando mesoterapia cl\u00e1ssica.<\/strong><\/p>\n<p><strong>\u00a0<\/strong><\/p>\n<p><strong>Etapa 4: percorra a \u00e1rea com o instrumento seguindo as instru\u00e7\u00f5es do fabricante<\/strong><\/p>\n<p><strong>\u00a0<\/strong><\/p>\n<p><strong>Passo 5: Reaplique a solu\u00e7\u00e3o conforme necess\u00e1rio para cobrir toda a \u00e1rea at\u00e9 que a pele esteja levemente \u00famida (no caso de mesoterapia virtual)<\/strong><\/p>\n<p><strong>\u00a0<\/strong><\/p>\n<p><strong>Passo 6: Repita o passo 4.<\/strong><\/p>\n<p><strong>\u00a0<\/strong><\/p>\n<p><strong>Etapa 7: enx\u00e1gue a solu\u00e7\u00e3o restante com \u00e1gua fria por 30 segundos. Seque suavemente a pele e aplique o soro hialur\u00f4nico hidratante p\u00f3s-peeling\/24 para nutrir a pele com ingredientes antienvelhecimento.<\/strong><\/p>\n<p>&nbsp;<\/p>\n<p>&nbsp;<\/p>\n<p><b>PROTOCOLO MESO<\/b>: Profundidade recomendada por \u00e1rea<\/p>\n<p>Ao redor dos olhos &#8230;&#8230;&#8230;&#8230;&#8230;. menos de 0,5 mm<\/p>\n<p>Frente &#8230;&#8230;&#8230;&#8230;&#8230;&#8230;&#8230;&#8230;&#8230;&#8230;&#8230;&#8230; 1-1,5 mm<\/p>\n<p>Bochechas &#8230;&#8230;&#8230;&#8230;&#8230;&#8230;&#8230;&#8230;&#8230;.. 1,5-2,5 mm<\/p>\n<p>Linha do maxilar e queixo&#8230;&#8230; 1-1,5 mm<\/p>\n<p>M\u00e3os &#8230;&#8230;&#8230;&#8230;&#8230;&#8230;&#8230;&#8230;&#8230;&#8230;&#8230;&#8230;.. 1-2 mm<\/p>\n<p><b>Tempo recomendado por \u00e1rea usando sistemas de aplica\u00e7\u00e3o <\/b><b>transd\u00e9rmica<\/b><b> (<\/b><b>eletropora\u00e7\u00e3o<\/b><b>, iontoforese, ultrassom, correntes galv\u00e2nicas, correntes cont\u00ednuas, radiofrequ\u00eancia, termoterapia)<\/b><\/p>\n<p>Rosto, queixo e decote &#8230;&#8230;&#8230;.. 5 minutos<\/p>\n<p>M\u00e3os &#8230;&#8230;&#8230;&#8230;&#8230;&#8230;&#8230;&#8230;&#8230;&#8230;&#8230;&#8230;&#8230; 5 minutos<\/p>\n<p><b>Tempo recomendado entre as sess\u00f5es<\/b>:<\/p>\n<p>Usando TDS &#8230;&#8230;&#8230;&#8230;&#8230;&#8230;&#8230;&#8230;&#8230;&#8230;&#8230;&#8230;&#8230;&#8230;&#8230;&#8230; intervalos de 6 a 7 dias<\/p>\n<p>Usando meso-caneta ou meso-rolo &#8230;&#8230;&#8230;.. intervalo de 8 a 10 dias<\/p>\n<p>Tradicional &#8230;&#8230;&#8230;&#8230;&#8230;&#8230;&#8230;&#8230;&#8230;&#8230;&#8230;&#8230;&#8230;&#8230;&#8230;&#8230;.. intervalo de 7 a 10 dias<\/p>\n<p><b>N\u00famero de sess\u00f5es<\/b>:<\/p>\n<p>Iniciando o tratamento &#8230;&#8230;&#8230;&#8230;&#8230;&#8230;&#8230;.. 5-6;<\/p>\n<p>Manuten\u00e7\u00e3o &#8230;&#8230;&#8230;&#8230;&#8230;&#8230;&#8230; a cada 3-5 meses<\/p>\n"}],"download_file":false}},"_links":{"self":[{"href":"https:\/\/www.therapmedic.com\/pt-pt\/wp-json\/wp\/v2\/product\/1747","targetHints":{"allow":["GET"]}}],"collection":[{"href":"https:\/\/www.therapmedic.com\/pt-pt\/wp-json\/wp\/v2\/product"}],"about":[{"href":"https:\/\/www.therapmedic.com\/pt-pt\/wp-json\/wp\/v2\/types\/product"}],"wp:featuredmedia":[{"embeddable":true,"href":"https:\/\/www.therapmedic.com\/pt-pt\/wp-json\/wp\/v2\/media\/1748"}],"wp:attachment":[{"href":"https:\/\/www.therapmedic.com\/pt-pt\/wp-json\/wp\/v2\/media?parent=1747"}],"wp:term":[{"taxonomy":"product_brand","embeddable":true,"href":"https:\/\/www.therapmedic.com\/pt-pt\/wp-json\/wp\/v2\/product_brand?post=1747"},{"taxonomy":"product_cat","embeddable":true,"href":"https:\/\/www.therapmedic.com\/pt-pt\/wp-json\/wp\/v2\/product_cat?post=1747"},{"taxonomy":"product_tag","embeddable":true,"href":"https:\/\/www.therapmedic.com\/pt-pt\/wp-json\/wp\/v2\/product_tag?post=1747"}],"curies":[{"name":"wp","href":"https:\/\/api.w.org\/{rel}","templated":true}]}}