{"id":1745,"date":"2022-11-21T15:25:08","date_gmt":"2022-11-21T15:25:08","guid":{"rendered":"https:\/\/www.therapmedic.com\/?post_type=product&#038;p=1745"},"modified":"2026-04-29T18:37:55","modified_gmt":"2026-04-29T18:37:55","slug":"miami-skin","status":"publish","type":"product","link":"https:\/\/www.therapmedic.com\/pt-pt\/produto\/miami-skin\/","title":{"rendered":"Miami Skin"},"content":{"rendered":"<p><b><i>Miami Skin <\/i><\/b>&#8211; Anti-oxidante. Anti-radicais livres. Cocktail de vitaminas<\/p>\n<p>Solu\u00e7\u00e3o de mesoterapia com vitaminas, antioxidantes, radicais livres. Miami Skin cont\u00e9m um cocktail de vitaminas A, B, C e E \u00e9 o tratamento definitivo contra: envelhecimento da pele, radicais livres, pigmenta\u00e7\u00e3o e para clareamento da pele.<\/p>\n<p><u><b>Apresenta\u00e7\u00e3o<\/b><\/u>: Caixa 5 viais de\u00a0 5 mL<\/p>\n<p>O pre\u00e7o apresentado \u00e9 por caixa de 5 frascos.<\/p>\n","protected":false},"excerpt":{"rendered":"<p>Miami Skin &#8211; Anti-oxidante. Anti-radicais livres. Cocktail de vitaminas Solu\u00e7\u00e3o de mesoterapia com vitaminas, antioxidantes, radicais livres. Miami Skin cont\u00e9m um cocktail de vitaminas A, B, C e E \u00e9 o tratamento definitivo contra: envelhecimento da pele, radicais livres, pigmenta\u00e7\u00e3o e para clareamento da pele. Apresenta\u00e7\u00e3o: Caixa 5 viais de\u00a0 5 mL O pre\u00e7o apresentado [&hellip;]<\/p>\n","protected":false},"featured_media":8675,"template":"","meta":[],"product_brand":[],"product_cat":[1068,1082,1088,1096,1099,1101,1119,15,1129,944,1133,946,1163,1024,1165,1026,1169,1028,1233,1034,1235,1040,1249,1064,1257],"product_tag":[],"class_list":{"0":"post-1745","1":"product","2":"type-product","3":"status-publish","4":"has-post-thumbnail","6":"product_cat-gluteos","7":"product_cat-pouca-elasticidade-pt-pt","8":"product_cat-estrias-nos-gluteos","9":"product_cat-cara","10":"product_cat-acne-pt-pt","11":"product_cat-pele-envelhecida-pt-pt","12":"product_cat-pele-opaca-sem-brilho","13":"product_cat-uncategorized","14":"product_cat-pouca-elasticidade-pt-pt-2","15":"product_cat-produtos-de-mesoterapia","16":"product_cat-pele-oleosa","17":"product_cat-anti-envelhecimento","18":"product_cat-manos","19":"product_cat-areas-de-tratamentos-vs-produtos-tratamentos-com-equipamentos","20":"product_cat-pele-envelhecida-pt-pt-2","21":"product_cat-bracos","22":"product_cat-pouca-elasticidade-pt-pt-3","23":"product_cat-pele-envelhecida","24":"product_cat-pescoco","25":"product_cat-pouca-elasticidade","26":"product_cat-pele-envelhecida-pt-pt-3","27":"product_cat-corpo","28":"product_cat-decote","29":"product_cat-estrias","30":"product_cat-melasmas-manchas-castanhas-pt-pt-5","32":"first","33":"instock","34":"taxable","35":"shipping-taxable","36":"purchasable","37":"product-type-simple"},"acf":{"display":["home"],"short_name":"","display_equipment_products":[],"short_name_equipment_products":"","confidential_information":{"text_block":[{"title":"Ingredientes Ativos","textarea":"<p><b>\u00c1cido asc\u00f3rbico,<\/b> <b>Vitamina C &#8211; <\/b>Potente antioxidante que pode ser usado para tratar e prevenir altera\u00e7\u00f5es associadas ao fotoenvelhecimento. Tamb\u00e9m pode ser usado no tratamento da hiperpigmenta\u00e7\u00e3o. Inibe a atividade da Tirosinase por a\u00e7\u00e3o sobre o Cu2 + e impede a s\u00edntese de melanina.<\/p>\n<p><b>Colecalciferol<\/b><b>, Vitamina D3 <\/b>&#8211; influencia a diferencia\u00e7\u00e3o e o processo de crescimento dos queratin\u00f3citos. Participa da manuten\u00e7\u00e3o adequada dos gradientes de c\u00e1lcio da pele. Estimula a forma\u00e7\u00e3o de pept\u00eddeos eficazes antimicrobianos, como defensinas e catelicidinas. Prolonga a autoprote\u00e7\u00e3o da pele durante a exposi\u00e7\u00e3o \u00e0 radia\u00e7\u00e3o UVB. Estimula as prote\u00ednas de choque t\u00e9rmico.<\/p>\n<p><b>Niacinamida<\/b><b>, Forma de vitamina B3 <\/b>&#8211; Agente condicionador da pele. Agente anti-envelhecimento, calmante e anti-inflamat\u00f3rio. Aumenta a imunidade da pele. Melhora o desempenho da barreira epid\u00e9rmica. Melhora a vermelhid\u00e3o e manchas na pele. Mant\u00e9m o fluxo de \u00f3leosidade da pele regulado. Minimiza linhas e rugas. Reduz a pigmenta\u00e7\u00e3o irregular ao desacelerar a transfer\u00eancia de melanina<\/p>\n<p><b>Pantenol<\/b><b>, Pr\u00f3-vitamina B5 <\/b>&#8211; Lubrificante, emoliente e hidratante. Humectante &#8211; Atrai e ret\u00e9m a humidade. Proporciona cicatriza\u00e7\u00e3o de feridas e possui a\u00e7\u00e3o antiinflamat\u00f3ria.<\/p>\n<p><b>Pyridoxine<\/b> <b>ClH<\/b><b>, Vitamina B6 <\/b>&#8211; Antioxidante. agente de condicionamento da pele e do cabelo.<\/p>\n<p><b>Palmitato de <\/b><b>retinil<\/b><b>, Forma de vitamina A <\/b>&#8211; \u00c9 um agente condicionador da pele. Reduz a descama\u00e7\u00e3o e restaura a elasticidade, melhorando assim a apar\u00eancia da pele seca e danificada. \u00c9 tamb\u00e9m um antioxidante eficaz: melhora a produ\u00e7\u00e3o de col\u00e1geno e deixa a pele mais gorda, ajudando a suavizar as linhas de express\u00e3o.<\/p>\n<p><b>Cloreto de tiamina, Vitamina B1 <\/b>&#8211; Agente condicionador da pele. Essencial para o metabolismo aer\u00f3bio e o crescimento celular. Ap\u00f3s a hidr\u00f3lise, \u00e9 uma coenzima para muitas atividades enzim\u00e1ticas envolvendo o metabolismo de \u00e1cidos graxos, amino\u00e1cidos e carboidratos.<\/p>\n<p><b>Acetato de tocoferol, Vitamina E <\/b>&#8211; O acetato de tocoferol \u00e9 uma forma de vitamina E. Antioxidante; Agente condicionador da pele. Ele protege as membranas celulares dos danos causados \u200b\u200bpelos radicais livres de oxig\u00eanio.<\/p>\n"},{"title":"Poss\u00edveis Misturas","textarea":"<p><i>General Alopecia, No Wrinkles, <\/i><i>Mesolifting<\/i><i>, <\/i><i>Muraxin<\/i><i> Gold, <\/i><i>Revital<\/i><i> Mix, 3.5% <\/i><i>hy<\/i><i>-ac low viscosity solution, 3.5% <\/i><i>hy<\/i><i>-ac U-low viscosity solution<\/i><\/p>\n"},{"title":"Protocolo de Tratamento","textarea":"<p><strong>Regras gerais<\/strong><\/p>\n<p><strong>\u00a0<\/strong><\/p>\n<p><strong>Passo 1: Lave a pele com um gel de limpeza transparente e seque. N\u00e3o use um creme, lo\u00e7\u00e3o ou limpador perolado, que pode deixar res\u00edduos.<\/strong><\/p>\n<p><strong>\u00a0<\/strong><\/p>\n<p><strong>Passo 2: Desinfete a \u00e1rea com clorexidina ou similar<\/strong><\/p>\n<p><strong>\u00a0<\/strong><\/p>\n<p><strong>Passo 3: Aplique uma pequena quantidade do produto em uma compressa de gaze e espalhe sobre a \u00e1rea desejada (ou use um pincel leque) se estiver usando mesoterapia virtual ou encha a seringa com o produto se estiver usando mesoterapia cl\u00e1ssica.<\/strong><\/p>\n<p><strong>\u00a0<\/strong><\/p>\n<p><strong>Etapa 4: percorra a \u00e1rea com o instrumento seguindo as instru\u00e7\u00f5es do fabricante<\/strong><\/p>\n<p><strong>\u00a0<\/strong><\/p>\n<p><strong>Passo 5: Reaplique a solu\u00e7\u00e3o conforme necess\u00e1rio para cobrir toda a \u00e1rea at\u00e9 que a pele esteja levemente \u00famida (no caso de mesoterapia virtual)<\/strong><\/p>\n<p><strong>\u00a0<\/strong><\/p>\n<p><strong>Passo 6: Repita o passo 4.<\/strong><\/p>\n<p><strong>\u00a0<\/strong><\/p>\n<p><strong>Etapa 7: enx\u00e1gue a solu\u00e7\u00e3o restante com \u00e1gua fria por 30 segundos. Seque suavemente a pele e aplique o soro hialur\u00f4nico hidratante p\u00f3s-peeling\/24 para nutrir a pele com ingredientes antienvelhecimento.<\/strong><\/p>\n<p>&nbsp;<\/p>\n<p><b>PROTOCOLO MESO<\/b>: Profundidade recomendada por \u00e1rea<\/p>\n<p>Ao redor dos olhos &#8230;&#8230;&#8230;&#8230;&#8230;. menos de 0,5 mm<\/p>\n<p>Frente &#8230;&#8230;&#8230;&#8230;&#8230;&#8230;&#8230;&#8230;&#8230;&#8230;&#8230;&#8230; 1-1,5 mm<\/p>\n<p>Bochechas &#8230;&#8230;&#8230;&#8230;&#8230;&#8230;&#8230;&#8230;&#8230;.. 1,5-2,5 mm<\/p>\n<p>Linha do maxilar e queixo&#8230;&#8230; 1-1,5 mm<\/p>\n<p>M\u00e3os &#8230;&#8230;&#8230;&#8230;&#8230;&#8230;&#8230;&#8230;&#8230;&#8230;&#8230;&#8230;.. 1-2 mm<\/p>\n<p><b>Tempo recomendado por \u00e1rea usando sistemas de aplica\u00e7\u00e3o <\/b><b>transd\u00e9rmica<\/b><b> (<\/b><b>eletropora\u00e7\u00e3o<\/b><b>, iontoforese, ultrassom, correntes galv\u00e2nicas, correntes cont\u00ednuas, radiofrequ\u00eancia, termoterapia)<\/b><\/p>\n<p>Rosto, queixo e decote &#8230;&#8230;&#8230;.. 5 minutos<\/p>\n<p>M\u00e3os &#8230;&#8230;&#8230;&#8230;&#8230;&#8230;&#8230;&#8230;&#8230;&#8230;&#8230;&#8230;&#8230; 5 minutos<\/p>\n<p><b>Tempo recomendado entre as sess\u00f5es<\/b>:<\/p>\n<p>Usando TDS &#8230;&#8230;&#8230;&#8230;&#8230;&#8230;&#8230;&#8230;&#8230;&#8230;&#8230;&#8230;&#8230;&#8230;&#8230;&#8230; intervalos de 6 a 7 dias<\/p>\n<p>Usando meso-caneta ou meso-rolo &#8230;&#8230;&#8230;.. intervalo de 8 a 10 dias<\/p>\n<p>Tradicional &#8230;&#8230;&#8230;&#8230;&#8230;&#8230;&#8230;&#8230;&#8230;&#8230;&#8230;&#8230;&#8230;&#8230;&#8230;&#8230;.. intervalo de 7 a 10 dias<\/p>\n<p><b>N\u00famero de sess\u00f5es<\/b>:<\/p>\n<p>Iniciando o tratamento &#8230;&#8230;&#8230;&#8230;&#8230;&#8230;&#8230;.. 5-6;<\/p>\n<p>Manuten\u00e7\u00e3o &#8230;&#8230;&#8230;&#8230;&#8230;&#8230;&#8230; a cada 3-5 meses<\/p>\n"}],"download_file":false}},"_links":{"self":[{"href":"https:\/\/www.therapmedic.com\/pt-pt\/wp-json\/wp\/v2\/product\/1745","targetHints":{"allow":["GET"]}}],"collection":[{"href":"https:\/\/www.therapmedic.com\/pt-pt\/wp-json\/wp\/v2\/product"}],"about":[{"href":"https:\/\/www.therapmedic.com\/pt-pt\/wp-json\/wp\/v2\/types\/product"}],"wp:featuredmedia":[{"embeddable":true,"href":"https:\/\/www.therapmedic.com\/pt-pt\/wp-json\/wp\/v2\/media\/8675"}],"wp:attachment":[{"href":"https:\/\/www.therapmedic.com\/pt-pt\/wp-json\/wp\/v2\/media?parent=1745"}],"wp:term":[{"taxonomy":"product_brand","embeddable":true,"href":"https:\/\/www.therapmedic.com\/pt-pt\/wp-json\/wp\/v2\/product_brand?post=1745"},{"taxonomy":"product_cat","embeddable":true,"href":"https:\/\/www.therapmedic.com\/pt-pt\/wp-json\/wp\/v2\/product_cat?post=1745"},{"taxonomy":"product_tag","embeddable":true,"href":"https:\/\/www.therapmedic.com\/pt-pt\/wp-json\/wp\/v2\/product_tag?post=1745"}],"curies":[{"name":"wp","href":"https:\/\/api.w.org\/{rel}","templated":true}]}}