{"id":1728,"date":"2022-11-11T10:52:25","date_gmt":"2022-11-11T10:52:25","guid":{"rendered":"https:\/\/www.therapmedic.com\/?post_type=product&#038;p=1728"},"modified":"2026-04-29T18:39:03","modified_gmt":"2026-04-29T18:39:03","slug":"no-wrinkles","status":"publish","type":"product","link":"https:\/\/www.therapmedic.com\/pt-pt\/produto\/no-wrinkles\/","title":{"rendered":"No Wrinkles"},"content":{"rendered":"<p><b><i>No <\/i><\/b><b><i>Wrinkles<\/i><\/b> \u00e9 uma solu\u00e7\u00e3o anti-envelhecimento concebida para corrigir em profundidade os primeiros sinais de envelhecimento da pele, restaurando o seu aspecto jovem e saud\u00e1vel. A contribui\u00e7\u00e3o especial de pept\u00eddeos, bem como de amino\u00e1cidos e oligoelementos da origem do caviar obtido em procedimento privado, aumenta os resultados vis\u00edveis da primeira sess\u00e3o.<\/p>\n<p>Descubra a magia da mesoterapia facial! Nossa f\u00f3rmula inovadora melhora a elasticidade da pele, reduz visivelmente as rugas e revitaliza cada c\u00e9lula. Desintoxique sua pele para um brilho radiante e desacelere o rel\u00f3gio do envelhecimento! Estimule suas c\u00e9lulas d\u00e9rmicas e epid\u00e9rmicas para uma apar\u00eancia rejuvenescida e tom uniforme com brilho luminoso. Fa\u00e7a sua pele parecer mais jovem e saud\u00e1vel do que nunca!<\/p>\n<p>Para mulheres e homens de todas as idades.<\/p>\n<p><u><b>Apresenta\u00e7\u00e3o<\/b><\/u>: Caixa de 5 viais de 5ml cada<\/p>\n<p>O pre\u00e7o apresentado \u00e9 por caixa de 5 frascos.<\/p>\n<p>Para comprar frascos individualmente, por favor, entre em contato pelo WhatsApp (bot\u00e3o verde do WhatsApp na p\u00e1gina).<\/p>\n","protected":false},"excerpt":{"rendered":"<p>No Wrinkles \u00e9 uma solu\u00e7\u00e3o anti-envelhecimento concebida para corrigir em profundidade os primeiros sinais de envelhecimento da pele, restaurando o seu aspecto jovem e saud\u00e1vel. A contribui\u00e7\u00e3o especial de pept\u00eddeos, bem como de amino\u00e1cidos e oligoelementos da origem do caviar obtido em procedimento privado, aumenta os resultados vis\u00edveis da primeira sess\u00e3o. Descubra a magia da [&hellip;]<\/p>\n","protected":false},"featured_media":8679,"template":"","meta":[],"product_brand":[],"product_cat":[15,1249,944,1259,946,1024,1026,1028,1096,1101,1123,1127,1163,1165,1177,1233,1235,1243],"product_tag":[],"class_list":{"0":"post-1728","1":"product","2":"type-product","3":"status-publish","4":"has-post-thumbnail","6":"product_cat-uncategorized","7":"product_cat-decote","8":"product_cat-produtos-de-mesoterapia","9":"product_cat-pele-flacida-pt-pt-7","10":"product_cat-anti-envelhecimento","11":"product_cat-areas-de-tratamentos-vs-produtos-tratamentos-com-equipamentos","12":"product_cat-bracos","13":"product_cat-pele-envelhecida","14":"product_cat-cara","15":"product_cat-pele-envelhecida-pt-pt","16":"product_cat-rugas-na-testa","17":"product_cat-melhoria-do-contorno-facial","18":"product_cat-manos","19":"product_cat-pele-envelhecida-pt-pt-2","20":"product_cat-rugas","21":"product_cat-pescoco","22":"product_cat-pele-envelhecida-pt-pt-3","23":"product_cat-pele-flacida-pt-pt-6","25":"first","26":"instock","27":"taxable","28":"shipping-taxable","29":"purchasable","30":"product-type-simple"},"acf":{"confidential_information":{"text_block":[{"title":"Ingredientes Activos","textarea":"<p><b>Glutationa<\/b> Antioxidante poderoso. Antioxidante n\u00e3o enzim\u00e1tico, serve para ajudar a defender a pele dos efeitos vis\u00edveis dos danos ambientais. A glutationa reduzida tem um efeito de clareamento da pele em humanos por meio de sua atividade inibit\u00f3ria da tirosinase.<\/p>\n<p><b>Pantenol<\/b><b>, Pr\u00f3-vitamina B5 <\/b>&#8211; Lubrificante, emoliente e hidratante. Humectante &#8211; Atrai e ret\u00e9m a humidade. Proporciona cicatriza\u00e7\u00e3o de feridas e possui a\u00e7\u00e3o anti-inflamat\u00f3ria.<\/p>\n<p><b>Extrato de <\/b><b>Piscum<\/b> <b>Ovum<\/b><b> \u2013 Caviar &#8211; <\/b>\u00a0O extrato de ovo de peixe \u00e9 um produto rico em prote\u00ednas que cont\u00e9m principalmente amino\u00e1cidos: arginina, histidina, isoleucina, lisina e metionina, lip\u00eddios incluem principalmente colesterol (25%) e lecitina (75%), grandes quantidades de vitamina A, vitaminas B2, B6 , B12, niacina, \u00e1cido pantot\u00eanico e \u00e1cido f\u00f3lico e altas propor\u00e7\u00f5es de c\u00e1lcio, magn\u00e9sio, f\u00f3sforo, pot\u00e1ssio e s\u00f3dio,<\/p>\n<p><b>Acetato de tocoferol. Vitamina E <\/b>&#8211; O acetato de tocoferol \u00e9 uma forma de vitamina E. Antioxidante; Agente condicionador da pele. Ele protege as membranas celulares de danos por radicais livres de oxig\u00eanio<\/p>\n<p><b>Ur\u00e9ia<\/b> Maior absor\u00e7\u00e3o pela pele. \u00e9 um dos ingredientes hidratantes mais eficazes na qu\u00edmica cosm\u00e9tica. O papel da ureia na pele \u00e9 manter um equil\u00edbrio de hidrata\u00e7\u00e3o saud\u00e1vel, mantendo-a macia, flex\u00edvel e jovem, trazendo o al\u00edvio t\u00e3o necess\u00e1rio para uma pele seca. \u00c9 um componente natural dos tecidos da nossa pele e constitui 7% do nosso fator de hidrata\u00e7\u00e3o natural, que diminui com a idade.<\/p>\n<h1 data-section-id=\"1cwqtwx\" data-start=\"202\" data-end=\"265\"><span role=\"text\"><strong data-start=\"209\" data-end=\"265\">NO WRINKLES \u2013 Ingredientes Ativos &amp; Efeito Sin\u00e9rgico<\/strong><\/span><\/h1>\n<h2 data-section-id=\"1es9vex\" data-start=\"267\" data-end=\"303\">\ud83d\udd2c Ingredientes e os seus efeitos<\/h2>\n<h3 data-section-id=\"1vbaxcm\" data-start=\"305\" data-end=\"351\"><span role=\"text\">\ud83d\udfe1 <strong data-start=\"312\" data-end=\"351\">Extrato de \u00d3vulo de Piscum (Caviar)<\/strong><\/span><\/h3>\n<ul data-start=\"352\" data-end=\"584\">\n<li data-section-id=\"b5qun9\" data-start=\"352\" data-end=\"404\">Rico em <strong data-start=\"362\" data-end=\"404\">amino\u00e1cidos, p\u00e9ptidos e oligoelementos<\/strong><\/li>\n<li data-section-id=\"18xwg29\" data-start=\"405\" data-end=\"441\">Estimula a <strong data-start=\"418\" data-end=\"441\">regenera\u00e7\u00e3o celular<\/strong><\/li>\n<li data-section-id=\"zyxrka\" data-start=\"442\" data-end=\"477\">Melhora o <strong data-start=\"454\" data-end=\"477\">metabolismo da pele<\/strong><\/li>\n<li data-section-id=\"f8fqjf\" data-start=\"478\" data-end=\"524\">Aumenta a <strong data-start=\"490\" data-end=\"524\">densidade e vitalidade cut\u00e2nea<\/strong><\/li>\n<li data-section-id=\"l86un9\" data-start=\"525\" data-end=\"584\">Proporciona um efeito <strong data-start=\"549\" data-end=\"584\">revitalizante e luminoso (glow)<\/strong><\/li>\n<\/ul>\n<p data-start=\"586\" data-end=\"634\">\ud83d\udc49 <em data-start=\"589\" data-end=\"598\">Fun\u00e7\u00e3o:<\/em> Ativa\u00e7\u00e3o biol\u00f3gica profunda da pele<\/p>\n<hr data-start=\"636\" data-end=\"639\" \/>\n<h3 data-section-id=\"1rgz5h6\" data-start=\"641\" data-end=\"674\"><span role=\"text\">\ud83d\udfe1 <strong data-start=\"648\" data-end=\"674\">Vitamina E (Tocoferol)<\/strong><\/span><\/h3>\n<ul data-start=\"675\" data-end=\"834\">\n<li data-section-id=\"1h7pbzj\" data-start=\"675\" data-end=\"701\">Potente <strong data-start=\"685\" data-end=\"701\">antioxidante<\/strong><\/li>\n<li data-section-id=\"h8o117\" data-start=\"702\" data-end=\"759\">Protege contra <strong data-start=\"719\" data-end=\"759\">radicais livres e fotoenvelhecimento<\/strong><\/li>\n<li data-section-id=\"7v3hpx\" data-start=\"760\" data-end=\"792\">Refor\u00e7a a <strong data-start=\"772\" data-end=\"792\">barreira cut\u00e2nea<\/strong><\/li>\n<li data-section-id=\"1osrb1x\" data-start=\"793\" data-end=\"834\">Reduz <strong data-start=\"801\" data-end=\"834\">inflama\u00e7\u00e3o e stress oxidativo<\/strong><\/li>\n<\/ul>\n<p data-start=\"836\" data-end=\"887\">\ud83d\udc49 <em data-start=\"839\" data-end=\"848\">Fun\u00e7\u00e3o:<\/em> Prote\u00e7\u00e3o + preven\u00e7\u00e3o do envelhecimento<\/p>\n<hr data-start=\"889\" data-end=\"892\" \/>\n<h3 data-section-id=\"tsvmrv\" data-start=\"894\" data-end=\"934\"><span role=\"text\">\ud83d\udfe1 <strong data-start=\"901\" data-end=\"934\">Dexpantenol (Pr\u00f3-vitamina B5)<\/strong><\/span><\/h3>\n<ul data-start=\"935\" data-end=\"1095\">\n<li data-section-id=\"qx2mv3\" data-start=\"935\" data-end=\"970\">Hidrata\u00e7\u00e3o profunda e duradoura<\/li>\n<li data-section-id=\"oiw85v\" data-start=\"971\" data-end=\"1019\">Estimula a <strong data-start=\"984\" data-end=\"1019\">repara\u00e7\u00e3o e regenera\u00e7\u00e3o da pele<\/strong><\/li>\n<li data-section-id=\"1gfpott\" data-start=\"1020\" data-end=\"1048\">Melhora a <strong data-start=\"1032\" data-end=\"1048\">elasticidade<\/strong><\/li>\n<li data-section-id=\"1jfbrcl\" data-start=\"1049\" data-end=\"1095\">Efeito calmante (ideal para zona periocular)<\/li>\n<\/ul>\n<p data-start=\"1097\" data-end=\"1143\">\ud83d\udc49 <em data-start=\"1100\" data-end=\"1109\">Fun\u00e7\u00e3o:<\/em> Repara\u00e7\u00e3o + conforto + hidrata\u00e7\u00e3o<\/p>\n<hr data-start=\"1145\" data-end=\"1148\" \/>\n<h3 data-section-id=\"12oqkvk\" data-start=\"1150\" data-end=\"1166\"><span role=\"text\">\ud83d\udfe1 <strong data-start=\"1157\" data-end=\"1166\">Ureia<\/strong><\/span><\/h3>\n<ul data-start=\"1167\" data-end=\"1322\">\n<li data-section-id=\"1bsjg7p\" data-start=\"1167\" data-end=\"1217\">Hidratante potente e regulador da \u00e1gua na pele<\/li>\n<li data-section-id=\"14xnhgy\" data-start=\"1218\" data-end=\"1255\">Aumenta a <strong data-start=\"1230\" data-end=\"1255\">penetra\u00e7\u00e3o dos ativos<\/strong><\/li>\n<li data-section-id=\"s2jwtv\" data-start=\"1256\" data-end=\"1288\">Suaviza a pele seca e \u00e1spera<\/li>\n<li data-section-id=\"8o5gsc\" data-start=\"1289\" data-end=\"1322\">Mant\u00e9m o <strong data-start=\"1300\" data-end=\"1322\">equil\u00edbrio h\u00eddrico<\/strong><\/li>\n<\/ul>\n<p data-start=\"1324\" data-end=\"1373\">\ud83d\udc49 <em data-start=\"1327\" data-end=\"1336\">Fun\u00e7\u00e3o:<\/em> Potenciador de absor\u00e7\u00e3o + hidrata\u00e7\u00e3o<\/p>\n<hr data-start=\"1375\" data-end=\"1378\" \/>\n<h3 data-section-id=\"1fy9oz0\" data-start=\"1380\" data-end=\"1401\"><span role=\"text\">\ud83d\udfe1 <strong data-start=\"1387\" data-end=\"1401\">Glutationa<\/strong><\/span><\/h3>\n<ul data-start=\"1402\" data-end=\"1540\">\n<li data-section-id=\"blujhj\" data-start=\"1402\" data-end=\"1425\">Antioxidante \u201cmestre\u201d<\/li>\n<li data-section-id=\"197j8d7\" data-start=\"1426\" data-end=\"1462\">Ajuda a <strong data-start=\"1436\" data-end=\"1462\">iluminar o tom da pele<\/strong><\/li>\n<li data-section-id=\"qft4f2\" data-start=\"1463\" data-end=\"1503\">Reduz <strong data-start=\"1471\" data-end=\"1503\">pigmenta\u00e7\u00e3o e aspeto cansado<\/strong><\/li>\n<li data-section-id=\"1dw5ksp\" data-start=\"1504\" data-end=\"1540\">Apoia a <strong data-start=\"1514\" data-end=\"1540\">desintoxica\u00e7\u00e3o celular<\/strong><\/li>\n<\/ul>\n<p data-start=\"1542\" data-end=\"1586\">\ud83d\udc49 <em data-start=\"1545\" data-end=\"1554\">Fun\u00e7\u00e3o:<\/em> Ilumina\u00e7\u00e3o + detox + anti-aging<\/p>\n<hr data-start=\"1588\" data-end=\"1591\" \/>\n<h1 data-section-id=\"18b121g\" data-start=\"1593\" data-end=\"1653\"><span role=\"text\">\u26a1 <strong data-start=\"1597\" data-end=\"1653\">Efeito Sin\u00e9rgico (O verdadeiro poder do NO WRINKLES)<\/strong><\/span><\/h1>\n<p data-start=\"1655\" data-end=\"1762\">O diferencial do <strong data-start=\"1672\" data-end=\"1687\">NO WRINKLES<\/strong> n\u00e3o est\u00e1 apenas nos ingredientes, mas na forma como trabalham em conjunto:<\/p>\n<hr data-start=\"1764\" data-end=\"1767\" \/>\n<h3 data-section-id=\"ny3q12\" data-start=\"1769\" data-end=\"1824\"><span role=\"text\">\ud83d\udd39 1. <strong data-start=\"1779\" data-end=\"1822\">A\u00e7\u00e3o Anti-Idade Completa (Multi-camada)<\/strong><\/span><\/h3>\n<ul data-start=\"1825\" data-end=\"1962\">\n<li data-section-id=\"y2p3bb\" data-start=\"1825\" data-end=\"1866\">Caviar \u2192 regenera\u00e7\u00e3o celular profunda<\/li>\n<li data-section-id=\"q0e82a\" data-start=\"1867\" data-end=\"1915\">Dexpantenol + Ureia \u2192 hidrata\u00e7\u00e3o e repara\u00e7\u00e3o<\/li>\n<li data-section-id=\"trnh83\" data-start=\"1916\" data-end=\"1962\">Vitamina E + Glutationa \u2192 prote\u00e7\u00e3o e detox<\/li>\n<\/ul>\n<p data-start=\"1964\" data-end=\"2055\">\ud83d\udc49 Resultado:<br data-start=\"1977\" data-end=\"1980\" \/>\u2714 <strong data-start=\"1982\" data-end=\"2020\">Ciclo completo anti-envelhecimento<\/strong><br data-start=\"2020\" data-end=\"2023\" \/>(reparar + proteger + regenerar)<\/p>\n<hr data-start=\"2057\" data-end=\"2060\" \/>\n<h3 data-section-id=\"v1fqqk\" data-start=\"2062\" data-end=\"2114\"><span role=\"text\">\ud83d\udd39 2. <strong data-start=\"2072\" data-end=\"2114\">Maior Penetra\u00e7\u00e3o e Efic\u00e1cia dos Ativos<\/strong><\/span><\/h3>\n<ul data-start=\"2115\" data-end=\"2199\">\n<li data-section-id=\"175teyc\" data-start=\"2115\" data-end=\"2145\">A ureia melhora a absor\u00e7\u00e3o<\/li>\n<li data-section-id=\"12i89n5\" data-start=\"2146\" data-end=\"2199\">A pele hidratada permite maior biodisponibilidade<\/li>\n<\/ul>\n<p data-start=\"2201\" data-end=\"2314\">\ud83d\udc49 Resultado:<br data-start=\"2214\" data-end=\"2217\" \/>\u2714 <strong data-start=\"2219\" data-end=\"2257\">Resultados mais r\u00e1pidos e vis\u00edveis<\/strong><br data-start=\"2257\" data-end=\"2260\" \/>\u2714 Ideal para t\u00e9cnicas como dermapen, mesoterapia, etc.<\/p>\n<hr data-start=\"2316\" data-end=\"2319\" \/>\n<h3 data-section-id=\"1aizkmw\" data-start=\"2321\" data-end=\"2376\"><span role=\"text\">\ud83d\udd39 3. <strong data-start=\"2331\" data-end=\"2376\">Efeito Imediato + Resultados Progressivos<\/strong><\/span><\/h3>\n<ul data-start=\"2377\" data-end=\"2484\">\n<li data-section-id=\"v0yzfq\" data-start=\"2377\" data-end=\"2427\">Imediato: hidrata\u00e7\u00e3o, luminosidade, suaviza\u00e7\u00e3o<\/li>\n<li data-section-id=\"13vd23r\" data-start=\"2428\" data-end=\"2484\">Progressivo: firmeza, elasticidade, redu\u00e7\u00e3o de rugas<\/li>\n<\/ul>\n<p data-start=\"2486\" data-end=\"2595\">\ud83d\udc49 Resultado:<br data-start=\"2499\" data-end=\"2502\" \/>\u2714 <strong data-start=\"2504\" data-end=\"2546\">Efeito \u201cflash\u201d desde a primeira sess\u00e3o<\/strong><br data-start=\"2546\" data-end=\"2549\" \/>\u2714 <strong data-start=\"2551\" data-end=\"2595\">Melhoria cont\u00ednua ao longo do tratamento<\/strong><\/p>\n<hr data-start=\"2597\" data-end=\"2600\" \/>\n<h3 data-section-id=\"p8jsxx\" data-start=\"2602\" data-end=\"2658\"><span role=\"text\">\ud83d\udd39 4. <strong data-start=\"2612\" data-end=\"2658\">Seguran\u00e7a e Efic\u00e1cia no Contorno dos Olhos<\/strong><\/span><\/h3>\n<ul data-start=\"2659\" data-end=\"2740\">\n<li data-section-id=\"7u6myo\" data-start=\"2659\" data-end=\"2702\">Ingredientes calmantes e n\u00e3o agressivos<\/li>\n<li data-section-id=\"i1o79g\" data-start=\"2703\" data-end=\"2740\">Elevada efic\u00e1cia em zona delicada<\/li>\n<\/ul>\n<p data-start=\"2742\" data-end=\"2759\">\ud83d\udc49 Indicado para:<\/p>\n<ul data-start=\"2760\" data-end=\"2825\">\n<li data-section-id=\"9mgi1z\" data-start=\"2760\" data-end=\"2778\">P\u00e9s de galinha<\/li>\n<li data-section-id=\"gz506i\" data-start=\"2779\" data-end=\"2795\">Linhas finas<\/li>\n<li data-section-id=\"1r0kvlt\" data-start=\"2796\" data-end=\"2825\">Contorno de olhos cansado<\/li>\n<\/ul>\n<hr data-start=\"2827\" data-end=\"2830\" \/>\n<h3 data-section-id=\"ey8jn0\" data-start=\"2832\" data-end=\"2887\"><span role=\"text\">\ud83d\udd39 5. <strong data-start=\"2842\" data-end=\"2887\">Transforma\u00e7\u00e3o Global da Qualidade da Pele<\/strong><\/span><\/h3>\n<p data-start=\"2888\" data-end=\"2924\">A combina\u00e7\u00e3o dos ativos proporciona:<\/p>\n<ul data-start=\"2925\" data-end=\"3013\">\n<li data-section-id=\"gqtlfb\" data-start=\"2925\" data-end=\"2944\">Pele mais firme<\/li>\n<li data-section-id=\"jxfgkw\" data-start=\"2945\" data-end=\"2962\">Mais luminosa<\/li>\n<li data-section-id=\"1cb9lqy\" data-start=\"2963\" data-end=\"2980\">Mais el\u00e1stica<\/li>\n<li data-section-id=\"o5rb84\" data-start=\"2981\" data-end=\"3013\">Rugas visivelmente reduzidas<\/li>\n<\/ul>\n<p data-start=\"3015\" data-end=\"3081\">\ud83d\udc49 Resultado:<br data-start=\"3028\" data-end=\"3031\" \/>\u2714 <strong data-start=\"3033\" data-end=\"3081\">Rejuvenescimento completo do contorno ocular<\/strong><\/p>\n<hr data-start=\"3083\" data-end=\"3086\" \/>\n<h1 data-section-id=\"1j3h9mj\" data-start=\"3088\" data-end=\"3154\"><span role=\"text\">\ud83d\udca1 <strong data-start=\"3093\" data-end=\"3154\">Em Resumo<\/strong><\/span><\/h1>\n<p data-start=\"3156\" data-end=\"3267\">\ud83d\udc49 \u201cSolu\u00e7\u00e3o espec\u00edfica para p\u00e9s de galinha e linhas finas, com resultados vis\u00edveis desde as primeiras sess\u00f5es.\u201d<\/p>\n<p data-start=\"3269\" data-end=\"3362\">\ud83d\udc49 \u201cCombina\u00e7\u00e3o avan\u00e7ada de regenera\u00e7\u00e3o celular, hidrata\u00e7\u00e3o profunda e prote\u00e7\u00e3o antioxidante.\u201d<\/p>\n<p data-start=\"3364\" data-end=\"3472\">\ud83d\udc49 \u201cIdeal para profissionais que procuram resultados imediatos e melhoria progressiva da qualidade da pele.\u201d<\/p>\n<p data-start=\"3537\" data-end=\"3613\">\ud83d\udc49 <strong data-start=\"3540\" data-end=\"3613\">\u201cReduz rugas, ilumina e rejuvenesce o olhar desde a primeira sess\u00e3o.\u201d<\/strong><\/p>\n<p data-start=\"3615\" data-end=\"3696\">\ud83d\udc49 <strong data-start=\"3618\" data-end=\"3696\">\u201cTecnologia avan\u00e7ada para um contorno de olhos mais firme, suave e jovem.\u201d<\/strong><\/p>\n<p data-start=\"3698\" data-end=\"3781\">\ud83d\udc49 <strong data-start=\"3701\" data-end=\"3781\">\u201cA combina\u00e7\u00e3o perfeita entre regenera\u00e7\u00e3o, hidrata\u00e7\u00e3o e prote\u00e7\u00e3o anti-aging.\u201d<\/strong><\/p>\n"},{"title":"Misturas Poss\u00edveis","textarea":"<p><i>Miami Skin<\/i><\/p>\n<p><i>3,5% <\/i><i>hy<\/i><i>-ac low viscosity solution<\/i><\/p>\n<p><i>2% <\/i><i>hy<\/i><i>-ac low viscosity solution<\/i><\/p>\n"},{"title":"Protocolo de tratamento","textarea":"<p><strong>Regras gerais<\/strong><\/p>\n<p><strong>\u00a0<\/strong><\/p>\n<p><strong>Passo 1: Lave a pele com um gel de limpeza transparente e seque. N\u00e3o use um creme, lo\u00e7\u00e3o ou limpador perolado, que pode deixar res\u00edduos.<\/strong><\/p>\n<p><strong>\u00a0<\/strong><\/p>\n<p><strong>Passo 2: Desinfete a \u00e1rea com clorexidina ou similar<\/strong><\/p>\n<p><strong>\u00a0<\/strong><\/p>\n<p><strong>Passo 3: Aplique uma pequena quantidade do produto em uma compressa de gaze e espalhe sobre a \u00e1rea desejada (ou use um pincel leque) se estiver usando mesoterapia virtual ou encha a seringa com o produto se estiver usando mesoterapia cl\u00e1ssica.<\/strong><\/p>\n<p><strong>\u00a0<\/strong><\/p>\n<p><strong>Etapa 4: percorra a \u00e1rea com o instrumento seguindo as instru\u00e7\u00f5es do fabricante<\/strong><\/p>\n<p><strong>\u00a0<\/strong><\/p>\n<p><strong>Passo 5: Reaplique a solu\u00e7\u00e3o conforme necess\u00e1rio para cobrir toda a \u00e1rea at\u00e9 que a pele esteja levemente \u00famida (no caso de mesoterapia virtual)<\/strong><\/p>\n<p><strong>\u00a0<\/strong><\/p>\n<p><strong>Passo 6: Repita o passo 4.<\/strong><\/p>\n<p><strong>\u00a0<\/strong><\/p>\n<p><strong>Etapa 7: enx\u00e1gue a solu\u00e7\u00e3o restante com \u00e1gua fria por 30 segundos. Seque suavemente a pele e aplique o soro hialur\u00f4nico hidratante p\u00f3s-peeling\/24 para nutrir a pele com ingredientes antienvelhecimento.<\/strong><\/p>\n<p>&nbsp;<\/p>\n<p><b>PROTOCOLO MESO<\/b>: Profundidade recomendada por \u00e1rea<\/p>\n<p>Frente &#8230;&#8230;&#8230;&#8230;&#8230;&#8230;&#8230;&#8230;&#8230;&#8230;&#8230;. 1-1,5 mm<\/p>\n<p>Bochechas &#8230;&#8230;&#8230;&#8230;&#8230;&#8230;&#8230;&#8230;&#8230; 1,5-2,5 mm<\/p>\n<p>Linha do maxilar e queixo &#8230;.1-1,5 mm<\/p>\n<p>M\u00e3os &#8230;&#8230;&#8230;&#8230;&#8230;&#8230;&#8230;&#8230;&#8230;&#8230;&#8230;&#8230; 1-2 mm<\/p>\n<p><b>Tempo recomendado por \u00e1rea usando sistemas de aplica\u00e7\u00e3o <\/b><b>transd\u00e9rmica<\/b><b> (<\/b><b>eletropora\u00e7\u00e3o<\/b><b>, iontoforese, ultrassom, correntes galv\u00e2nicas, correntes cont\u00ednuas, radiofrequ\u00eancia, termoterapia) em <\/b><\/p>\n<p>Rosto, queixo e decote &#8230;&#8230;&#8230; 5 minutos<\/p>\n<p>M\u00e3os &#8230;&#8230;&#8230;&#8230;&#8230;&#8230;&#8230;&#8230;&#8230;&#8230;&#8230;&#8230;. 5 minutos<\/p>\n<p>Lembre-se que sob os olhos a pele tem apenas 0,25 mm de espessura, o \u201cc\u00f3digo de barras\u201d (sobre o l\u00e1bio superior sob o nariz) \u00e9 de 0,4 a 0,5 mm, a testa tem 0,5 a 0,7 e o resto do rosto tem apenas 0,7 a 1,5 mm de espessura<\/p>\n<p><b>Tempo recomendado entre as sess\u00f5es<\/b><\/p>\n<p>Usando TDS &#8230;&#8230;&#8230;&#8230;&#8230;&#8230;&#8230;&#8230;&#8230;&#8230;&#8230;&#8230;&#8230;&#8230;&#8230;&#8230; intervalos de 6 a 7 dias<\/p>\n<p>Usando meso-caneta ou meso-rolo &#8230;&#8230;&#8230;.. intervalo de 7 a 10 dias<\/p>\n<p>Tradicional &#8230;&#8230;&#8230;&#8230;&#8230;&#8230;&#8230;&#8230;&#8230;&#8230;&#8230;&#8230;&#8230;&#8230;&#8230;&#8230;.. intervalo de 7 a 10 dias<\/p>\n<p><b>N\u00famero de sess\u00f5es<\/b>:<\/p>\n<p>Iniciando o tratamento &#8230;&#8230;&#8230;&#8230;&#8230;&#8230;&#8230;.. 4-6;<\/p>\n<p>Manuten\u00e7\u00e3o &#8230;&#8230;&#8230;&#8230;&#8230;&#8230;&#8230; a cada 3-4 meses<\/p>\n"}],"download_file":false},"display":[],"short_name":"No Wrinkles","display_equipment_products":[],"short_name_equipment_products":""},"_links":{"self":[{"href":"https:\/\/www.therapmedic.com\/pt-pt\/wp-json\/wp\/v2\/product\/1728","targetHints":{"allow":["GET"]}}],"collection":[{"href":"https:\/\/www.therapmedic.com\/pt-pt\/wp-json\/wp\/v2\/product"}],"about":[{"href":"https:\/\/www.therapmedic.com\/pt-pt\/wp-json\/wp\/v2\/types\/product"}],"wp:featuredmedia":[{"embeddable":true,"href":"https:\/\/www.therapmedic.com\/pt-pt\/wp-json\/wp\/v2\/media\/8679"}],"wp:attachment":[{"href":"https:\/\/www.therapmedic.com\/pt-pt\/wp-json\/wp\/v2\/media?parent=1728"}],"wp:term":[{"taxonomy":"product_brand","embeddable":true,"href":"https:\/\/www.therapmedic.com\/pt-pt\/wp-json\/wp\/v2\/product_brand?post=1728"},{"taxonomy":"product_cat","embeddable":true,"href":"https:\/\/www.therapmedic.com\/pt-pt\/wp-json\/wp\/v2\/product_cat?post=1728"},{"taxonomy":"product_tag","embeddable":true,"href":"https:\/\/www.therapmedic.com\/pt-pt\/wp-json\/wp\/v2\/product_tag?post=1728"}],"curies":[{"name":"wp","href":"https:\/\/api.w.org\/{rel}","templated":true}]}}