{"id":1110,"date":"2019-04-25T18:28:12","date_gmt":"2019-04-25T18:28:12","guid":{"rendered":"https:\/\/www.therapmedic.com\/?post_type=product&#038;p=1110"},"modified":"2026-04-29T16:48:25","modified_gmt":"2026-04-29T16:48:25","slug":"multitox","status":"publish","type":"product","link":"https:\/\/www.therapmedic.com\/pt-pt\/produto\/multitox\/","title":{"rendered":"Multitox"},"content":{"rendered":"<p id=\"tw-target-text\" class=\"tw-data-text tw-text-large tw-ta\" dir=\"ltr\" data-placeholder=\"Tradu\u00e7\u00e3o\"><span class=\"Y2IQFc\" lang=\"pt\">Dispositivo autom\u00e1tico de dosagem de seringa &#8211; Garante que voc\u00ea injete apenas 1, 2 ou 3 unidades de cada vez. Extremamente \u00fatil, por exemplo, para aplica\u00e7\u00f5es de Toxina Botul\u00ednica<\/span><\/p>\n<p>Pre\u00e7o apresentado \u00e9 por dispositivo!<\/p>\n","protected":false},"excerpt":{"rendered":"<p>Automatis serynge dosage device &#8211; Ensures that you only inject 1, 2 or 3 units at the time. Extremely useful for example for Botulinum Toxin applications.<br \/>\nThis is a must have device for someone who does not want to make any mistakes when injecting any type of product.<\/p>\n","protected":false},"featured_media":8522,"template":"","meta":[],"product_brand":[],"product_cat":[15],"product_tag":[],"class_list":{"0":"post-1110","1":"product","2":"type-product","3":"status-publish","4":"has-post-thumbnail","6":"product_cat-uncategorized","8":"first","9":"instock","10":"taxable","11":"shipping-taxable","12":"purchasable","13":"product-type-simple"},"acf":{"display":[],"short_name":"","display_equipment_products":[],"short_name_equipment_products":"","confidential_information":{"text_block":false,"download_file":false}},"_links":{"self":[{"href":"https:\/\/www.therapmedic.com\/pt-pt\/wp-json\/wp\/v2\/product\/1110","targetHints":{"allow":["GET"]}}],"collection":[{"href":"https:\/\/www.therapmedic.com\/pt-pt\/wp-json\/wp\/v2\/product"}],"about":[{"href":"https:\/\/www.therapmedic.com\/pt-pt\/wp-json\/wp\/v2\/types\/product"}],"wp:featuredmedia":[{"embeddable":true,"href":"https:\/\/www.therapmedic.com\/pt-pt\/wp-json\/wp\/v2\/media\/8522"}],"wp:attachment":[{"href":"https:\/\/www.therapmedic.com\/pt-pt\/wp-json\/wp\/v2\/media?parent=1110"}],"wp:term":[{"taxonomy":"product_brand","embeddable":true,"href":"https:\/\/www.therapmedic.com\/pt-pt\/wp-json\/wp\/v2\/product_brand?post=1110"},{"taxonomy":"product_cat","embeddable":true,"href":"https:\/\/www.therapmedic.com\/pt-pt\/wp-json\/wp\/v2\/product_cat?post=1110"},{"taxonomy":"product_tag","embeddable":true,"href":"https:\/\/www.therapmedic.com\/pt-pt\/wp-json\/wp\/v2\/product_tag?post=1110"}],"curies":[{"name":"wp","href":"https:\/\/api.w.org\/{rel}","templated":true}]}}