{"id":3490,"date":"2023-03-24T17:00:32","date_gmt":"2023-03-24T17:00:32","guid":{"rendered":"https:\/\/www.therapmedic.com\/product\/hidratante-de-acido-hialuronico-pos-peeling\/"},"modified":"2026-05-11T19:03:03","modified_gmt":"2026-05-11T19:03:03","slug":"hidratante-de-acido-hialuronico-pos-peeling","status":"publish","type":"product","link":"https:\/\/www.therapmedic.com\/fr\/produit\/hidratante-de-acido-hialuronico-pos-peeling\/","title":{"rendered":"Hidratante de acido hialur\u00f3nico p\u00f3s-peeling"},"content":{"rendered":"<p><b><i>Hidratante de acido <\/i><\/b><b><i>hialur\u00f3nico<\/i><\/b><b><i> p\u00f3s-<\/i><\/b><b><i>peeling<\/i><\/b> &#8211; Hidrata, recupera a pele ap\u00f3s o peeling, com extrato de caviar<\/p>\n<p>Soro enriquecido com anti-oxidantes, \u00e1cido hialur\u00f3nico de baixo peso molecular e uma mistura de ingredientes com a capacidade de aumentar a humidade celular, estimulando a forma\u00e7\u00e3o de aquaporina e nosso extrato de caviar.<\/p>\n<p><u><b>Apresenta\u00e7\u00e3o<\/b><\/u>: Tamanho: 100 mL<\/p>\n<p>O pre\u00e7o apresentado \u00e9 por frasco.<\/p>\n","protected":false},"excerpt":{"rendered":"<p>Hidratante de acido hialur\u00f3nico p\u00f3s-peeling &#8211; Hidrata, recupera a pele ap\u00f3s o peeling, com extrato de caviar Soro enriquecido com anti-oxidantes, \u00e1cido hialur\u00f3nico de baixo peso molecular e uma mistura de ingredientes com a capacidade de aumentar a humidade celular, estimulando a forma\u00e7\u00e3o de aquaporina e nosso extrato de caviar. Apresenta\u00e7\u00e3o: Tamanho: 100 mL O [&hellip;]<\/p>\n","protected":false},"featured_media":9034,"template":"","meta":[],"product_brand":[],"product_cat":[664,922,923],"product_tag":[],"class_list":{"0":"post-3490","1":"product","2":"type-product","3":"status-publish","4":"has-post-thumbnail","6":"product_cat-uncategorized-fr","7":"product_cat-peelings-2-fr","8":"product_cat-cuidados-de-pele-fr","10":"first","11":"instock","12":"taxable","13":"shipping-taxable","14":"purchasable","15":"product-type-simple"},"acf":{"short_name":""},"_links":{"self":[{"href":"https:\/\/www.therapmedic.com\/fr\/wp-json\/wp\/v2\/product\/3490","targetHints":{"allow":["GET"]}}],"collection":[{"href":"https:\/\/www.therapmedic.com\/fr\/wp-json\/wp\/v2\/product"}],"about":[{"href":"https:\/\/www.therapmedic.com\/fr\/wp-json\/wp\/v2\/types\/product"}],"wp:featuredmedia":[{"embeddable":true,"href":"https:\/\/www.therapmedic.com\/fr\/wp-json\/wp\/v2\/media\/9034"}],"wp:attachment":[{"href":"https:\/\/www.therapmedic.com\/fr\/wp-json\/wp\/v2\/media?parent=3490"}],"wp:term":[{"taxonomy":"product_brand","embeddable":true,"href":"https:\/\/www.therapmedic.com\/fr\/wp-json\/wp\/v2\/product_brand?post=3490"},{"taxonomy":"product_cat","embeddable":true,"href":"https:\/\/www.therapmedic.com\/fr\/wp-json\/wp\/v2\/product_cat?post=3490"},{"taxonomy":"product_tag","embeddable":true,"href":"https:\/\/www.therapmedic.com\/fr\/wp-json\/wp\/v2\/product_tag?post=3490"}],"curies":[{"name":"wp","href":"https:\/\/api.w.org\/{rel}","templated":true}]}}