{"id":3442,"date":"2023-03-24T15:53:30","date_gmt":"2023-03-24T15:53:30","guid":{"rendered":"https:\/\/www.therapmedic.com\/product\/peeling-salicilico-a-10\/"},"modified":"2024-01-01T00:00:16","modified_gmt":"2024-01-01T00:00:16","slug":"peeling-salicilico-a-10","status":"publish","type":"product","link":"https:\/\/www.therapmedic.com\/fr\/produit\/peeling-salicilico-a-10\/","title":{"rendered":"Peeling Salic\u00edlico a 10%"},"content":{"rendered":"<p><b><i>Peelings BHA \u2013 Peeling 10% <\/i><\/b><b><i>Salicilico<\/i><\/b> &#8211; Peeling suave, Acne, anti-envelhecimento, manchas, excesso de \u00f3leo, acne hormonal.<\/p>\n<p>O \u00e1cido salic\u00edlico \u00e9 um Beta Hidroxi\u00e1cido (BHA), uma op\u00e7\u00e3o eficaz para peles oleosas e com manchas. Altamente eficaz como agente para a realiza\u00e7\u00e3o de um peeling superficial, removendo c\u00e9lulas envelhecidas, oleosidade e detritos aderidos \u00e0 superf\u00edcie da pele. \u00c9 uma das subst\u00e2ncias mais eficazes no combate ao excesso de produ\u00e7\u00e3o de oleosidade, vermelhid\u00e3o e manchas, bem como no rejuvenescimento da pele e como alternativa ao peeling glic\u00f3lico.<\/p>\n<p><u><b>Apresenta\u00e7\u00e3o<\/b><\/u>: Frasco de 50 mL (1,76 fl.oz)<\/p>\n<p>O pre\u00e7o apresentado \u00e9 por frasco.<\/p>\n","protected":false},"excerpt":{"rendered":"<p>Peelings BHA \u2013 Peeling 10% Salicilico &#8211; Peeling suave, Acne, anti-envelhecimento, manchas, excesso de \u00f3leo, acne hormonal. O \u00e1cido salic\u00edlico \u00e9 um Beta Hidroxi\u00e1cido (BHA), uma op\u00e7\u00e3o eficaz para peles oleosas e com manchas. Altamente eficaz como agente para a realiza\u00e7\u00e3o de um peeling superficial, removendo c\u00e9lulas envelhecidas, oleosidade e detritos aderidos \u00e0 superf\u00edcie da [&hellip;]<\/p>\n","protected":false},"featured_media":3447,"template":"","meta":[],"product_brand":[],"product_cat":[664,965,987,1100,1290,1300,1320,1321,1322,1323],"product_tag":[],"class_list":{"0":"post-3442","1":"product","2":"type-product","3":"status-publish","4":"has-post-thumbnail","6":"product_cat-uncategorized-fr","7":"product_cat-peelings-fr-2","8":"product_cat-bha-fr","9":"product_cat-acne-fr","10":"product_cat-face-fr","11":"product_cat-treatment-areas-vs-products-fr","12":"product_cat-salicylic-acid-peelings-fr","13":"product_cat-black-dots-on-the-skin-fr","14":"product_cat-oily-skin-fr","15":"product_cat-open-pores-fr","17":"first","18":"instock","19":"taxable","20":"shipping-taxable","21":"purchasable","22":"product-type-simple"},"acf":{"short_name":""},"_links":{"self":[{"href":"https:\/\/www.therapmedic.com\/fr\/wp-json\/wp\/v2\/product\/3442","targetHints":{"allow":["GET"]}}],"collection":[{"href":"https:\/\/www.therapmedic.com\/fr\/wp-json\/wp\/v2\/product"}],"about":[{"href":"https:\/\/www.therapmedic.com\/fr\/wp-json\/wp\/v2\/types\/product"}],"wp:featuredmedia":[{"embeddable":true,"href":"https:\/\/www.therapmedic.com\/fr\/wp-json\/wp\/v2\/media\/3447"}],"wp:attachment":[{"href":"https:\/\/www.therapmedic.com\/fr\/wp-json\/wp\/v2\/media?parent=3442"}],"wp:term":[{"taxonomy":"product_brand","embeddable":true,"href":"https:\/\/www.therapmedic.com\/fr\/wp-json\/wp\/v2\/product_brand?post=3442"},{"taxonomy":"product_cat","embeddable":true,"href":"https:\/\/www.therapmedic.com\/fr\/wp-json\/wp\/v2\/product_cat?post=3442"},{"taxonomy":"product_tag","embeddable":true,"href":"https:\/\/www.therapmedic.com\/fr\/wp-json\/wp\/v2\/product_tag?post=3442"}],"curies":[{"name":"wp","href":"https:\/\/api.w.org\/{rel}","templated":true}]}}