{"id":3433,"date":"2023-03-24T15:42:10","date_gmt":"2023-03-24T15:42:10","guid":{"rendered":"https:\/\/www.therapmedic.com\/product\/peeling-pr360-nf-peel\/"},"modified":"2026-05-11T17:48:40","modified_gmt":"2026-05-11T17:48:40","slug":"peeling-pr360-nf-peel","status":"publish","type":"product","link":"https:\/\/www.therapmedic.com\/fr\/produit\/peeling-pr360-nf-peel\/","title":{"rendered":"Peeling PR360 \/ NF Peel"},"content":{"rendered":"<p id=\"tw-target-text\" class=\"tw-data-text tw-text-large tw-ta\" dir=\"ltr\" data-placeholder=\"Tradu\u00e7\u00e3o\"><span class=\"Y2IQFc\" lang=\"pt\"><strong>Peeling PR360 Peeling \u2013 NF Peel<\/strong> &#8211; Radicais livres, antioxidantes, biorevitaliza\u00e7\u00e3o, Ajuda a rejuvenescer e levantar a pele, elimina at\u00e9 rugas profundas, elimina estrias, cicatrizes causadas por varicela, acne e melasma.<\/span><\/p>\n<p>PR360 (NF Peel) \u00e9 um coquetel de gel peeling capaz de estimular e remodelar a derme profunda. A sua formula\u00e7\u00e3o permite-lhe penetrar na pele gradualmente, camada a camada. Portanto, seu uso em tratamentos de peeling n\u00e3o causa sensa\u00e7\u00e3o de queima\u00e7\u00e3o ou irrita\u00e7\u00e3o na pele.<\/p>\n<p>Ajuda a rejuvenescer e levantar a pele, remove at\u00e9 rugas profundas, remove estrias e cicatrizes causadas por varicela, acne e melasma.<\/p>\n<p>Apresenta\u00e7\u00e3o: Frasco de 5 mL, Exclusivamente para uso externo.<\/p>\n<p>O pre\u00e7o apresentado \u00e9 por garrafa.<\/p>\n","protected":false},"excerpt":{"rendered":"<p>Peeling PR360 Peeling \u2013 NF Peel &#8211; Radicais livres, antioxidantes, biorevitaliza\u00e7\u00e3o, Ajuda a rejuvenescer e levantar a pele, elimina at\u00e9 rugas profundas, elimina estrias, cicatrizes causadas por varicela, acne e melasma. PR360 (NF Peel) \u00e9 um coquetel de gel peeling capaz de estimular e remodelar a derme profunda. A sua formula\u00e7\u00e3o permite-lhe penetrar na pele [&hellip;]<\/p>\n","protected":false},"featured_media":9006,"template":"","meta":[],"product_brand":[],"product_cat":[1302,1324,1325,1326,664,965,994,1283,1290,1292,1300],"product_tag":[],"class_list":{"0":"post-3433","1":"product","2":"type-product","3":"status-publish","4":"has-post-thumbnail","6":"product_cat-buttocks-fr","7":"product_cat-bio-revitalization-fr","8":"product_cat-strech-marks-fr","9":"product_cat-stretch-marks-on-buttocks-fr","10":"product_cat-uncategorized-fr","11":"product_cat-peelings-fr-2","12":"product_cat-pr-360-nf-peel-fr","13":"product_cat-body-fr","14":"product_cat-face-fr","15":"product_cat-complete-facial-rejuvenation-fr","16":"product_cat-treatment-areas-vs-products-fr","18":"first","19":"instock","20":"taxable","21":"shipping-taxable","22":"purchasable","23":"product-type-simple"},"acf":{"short_name":""},"_links":{"self":[{"href":"https:\/\/www.therapmedic.com\/fr\/wp-json\/wp\/v2\/product\/3433","targetHints":{"allow":["GET"]}}],"collection":[{"href":"https:\/\/www.therapmedic.com\/fr\/wp-json\/wp\/v2\/product"}],"about":[{"href":"https:\/\/www.therapmedic.com\/fr\/wp-json\/wp\/v2\/types\/product"}],"wp:featuredmedia":[{"embeddable":true,"href":"https:\/\/www.therapmedic.com\/fr\/wp-json\/wp\/v2\/media\/9006"}],"wp:attachment":[{"href":"https:\/\/www.therapmedic.com\/fr\/wp-json\/wp\/v2\/media?parent=3433"}],"wp:term":[{"taxonomy":"product_brand","embeddable":true,"href":"https:\/\/www.therapmedic.com\/fr\/wp-json\/wp\/v2\/product_brand?post=3433"},{"taxonomy":"product_cat","embeddable":true,"href":"https:\/\/www.therapmedic.com\/fr\/wp-json\/wp\/v2\/product_cat?post=3433"},{"taxonomy":"product_tag","embeddable":true,"href":"https:\/\/www.therapmedic.com\/fr\/wp-json\/wp\/v2\/product_tag?post=3433"}],"curies":[{"name":"wp","href":"https:\/\/api.w.org\/{rel}","templated":true}]}}