{"id":3405,"date":"2023-03-24T12:04:24","date_gmt":"2023-03-24T12:04:24","guid":{"rendered":"https:\/\/www.therapmedic.com\/product\/biorevital-detox\/"},"modified":"2026-04-30T11:43:10","modified_gmt":"2026-04-30T11:43:10","slug":"biorevital-detox","status":"publish","type":"product","link":"https:\/\/www.therapmedic.com\/fr\/produit\/biorevital-detox\/","title":{"rendered":"Biorevital Detox"},"content":{"rendered":"<p id=\"tw-target-text\" class=\"tw-data-text tw-text-large tw-ta\" dir=\"ltr\" data-placeholder=\"Tradu\u00e7\u00e3o\"><span class=\"Y2IQFc\" lang=\"pt\"><strong>Bio Revital Detox:<\/strong> desintoxica\u00e7\u00e3o das c\u00e9lulas da pele. F\u00f3rmula antioxidante e anti-radicais para restaurar o metabolismo celular<\/span><\/p>\n<p>Bio Revital Detox \u00e9 uma f\u00f3rmula completa antioxidante e anti-radicais para restaurar o metabolismo celular. Estimula as defesas naturais da pele. Al\u00e9m da atividade antioxidante dos diferentes componentes da f\u00f3rmula, inclu\u00edmos subst\u00e2ncias b\u00e1sicas de origem caviar que ajudam a restaurar o metabolismo celular e a imunidade da pele.<br \/>\nF\u00f3rmula de mesoterapia de desintoxica\u00e7\u00e3o celular antioxidante e anti-radical. F\u00f3rmula para ajudar a restaurar o metabolismo celular. Antipolui\u00e7\u00e3o. Com extrato de caviar e vitamina C. Bio Revital Detox \u00e9 uma f\u00f3rmula completa antioxidante e antirradicalar para restaurar o metabolismo celular. Estimula as defesas naturais da pele. A fuma\u00e7a t\u00f3xica pode ser a principal causa do envelhecimento da pele em cidades polu\u00eddas. A polui\u00e7\u00e3o do ar est\u00e1 envelhecendo prematuramente os rostos dos moradores da cidade, acelerando rugas e manchas senis.<\/p>\n<p>Para mulheres e homens de todas as idades.<\/p>\n<p>Apresenta\u00e7\u00e3o: Caixa com 5 frascos de 5 mL<\/p>\n<p>O pre\u00e7o apresentado \u00e9 por caixa de 5 frascos.<\/p>\n","protected":false},"excerpt":{"rendered":"<p>Bio Revital Detox: desintoxica\u00e7\u00e3o das c\u00e9lulas da pele. F\u00f3rmula antioxidante e anti-radicais para restaurar o metabolismo celular Bio Revital Detox \u00e9 uma f\u00f3rmula completa antioxidante e anti-radicais para restaurar o metabolismo celular. Estimula as defesas naturais da pele. Al\u00e9m da atividade antioxidante dos diferentes componentes da f\u00f3rmula, inclu\u00edmos subst\u00e2ncias b\u00e1sicas de origem caviar que ajudam [&hellip;]<\/p>\n","protected":false},"featured_media":8793,"template":"","meta":[],"product_brand":[],"product_cat":[1280,1283,1286,1287,1289,1290,1294,1295,1296,1300,1301,1323,664,1332,954,1333,1266,1334,1268],"product_tag":[],"class_list":{"0":"post-3405","1":"product","2":"type-product","3":"status-publish","4":"has-post-thumbnail","6":"product_cat-neck-fr","7":"product_cat-body-fr","8":"product_cat-neckline-fr","9":"product_cat-gray-oxidized-skin-fr","10":"product_cat-tired-toxified-skin-4-fr","11":"product_cat-face-fr","12":"product_cat-grey-oxidized-skin-fr","13":"product_cat-tired-toxified-skin-fr","14":"product_cat-hands-fr","15":"product_cat-treatment-areas-vs-products-fr","16":"product_cat-tired-toxified-skin-5-fr","17":"product_cat-open-pores-fr","18":"product_cat-uncategorized-fr","19":"product_cat-tired-toxified-skin-2-fr","20":"product_cat-detox-fr-2","21":"product_cat-mesotherapy-products-fr","22":"product_cat-rough-skin-2-fr","23":"product_cat-tired-toxified-skin-3-fr","24":"product_cat-rough-skin-fr","26":"first","27":"instock","28":"taxable","29":"shipping-taxable","30":"purchasable","31":"product-type-simple"},"acf":{"short_name":""},"_links":{"self":[{"href":"https:\/\/www.therapmedic.com\/fr\/wp-json\/wp\/v2\/product\/3405","targetHints":{"allow":["GET"]}}],"collection":[{"href":"https:\/\/www.therapmedic.com\/fr\/wp-json\/wp\/v2\/product"}],"about":[{"href":"https:\/\/www.therapmedic.com\/fr\/wp-json\/wp\/v2\/types\/product"}],"wp:featuredmedia":[{"embeddable":true,"href":"https:\/\/www.therapmedic.com\/fr\/wp-json\/wp\/v2\/media\/8793"}],"wp:attachment":[{"href":"https:\/\/www.therapmedic.com\/fr\/wp-json\/wp\/v2\/media?parent=3405"}],"wp:term":[{"taxonomy":"product_brand","embeddable":true,"href":"https:\/\/www.therapmedic.com\/fr\/wp-json\/wp\/v2\/product_brand?post=3405"},{"taxonomy":"product_cat","embeddable":true,"href":"https:\/\/www.therapmedic.com\/fr\/wp-json\/wp\/v2\/product_cat?post=3405"},{"taxonomy":"product_tag","embeddable":true,"href":"https:\/\/www.therapmedic.com\/fr\/wp-json\/wp\/v2\/product_tag?post=3405"}],"curies":[{"name":"wp","href":"https:\/\/api.w.org\/{rel}","templated":true}]}}