{"id":3376,"date":"2022-11-21T14:50:35","date_gmt":"2022-11-21T14:50:35","guid":{"rendered":"https:\/\/www.therapmedic.com\/product\/mesolifting\/"},"modified":"2026-03-26T11:50:44","modified_gmt":"2026-03-26T11:50:44","slug":"mesolifting","status":"publish","type":"product","link":"https:\/\/www.therapmedic.com\/fr\/produit\/mesolifting\/","title":{"rendered":"Mesolifting"},"content":{"rendered":"<p><b><i>Mesolifting<\/i><\/b> \u00e9 uma solu\u00e7\u00e3o desenhada para ajudar a reduzir os sinais de flacidez da pele, estimulando a renova\u00e7\u00e3o da epiderme. Os amino\u00e1cidos bioativos do extrato de caviar obtido por um procedimento original, assim como o col\u00e1geno e os demais componentes da f\u00f3rmula, nos permitem fornecer os elementos b\u00e1sicos aos fibroblastos para aumentar sua forma\u00e7\u00e3o de col\u00e1geno e atividade antioxidante.<\/p>\n<p>Experimente o poder da bio-revitaliza\u00e7\u00e3o enquanto ela d\u00e1 nova vida \u00e0 sua pele, retardando o processo de envelhecimento e diminuindo as rugas. Com sua habilidade \u00fanica de desintoxicar as c\u00e9lulas da pele e estimular as c\u00e9lulas d\u00e9rmicas e epid\u00e9rmicas, ela melhora a elasticidade e a firmeza, deixando voc\u00ea com uma apar\u00eancia jovem e radiante. Diga adeus aos radicais livres e ol\u00e1 a uma pele rejuvenescida e vibrante!<\/p>\n<p>Para mulheres e homens de todas as idades.<\/p>\n<p><strong><u>Apresenta\u00e7\u00e3o<\/u><\/strong>: Caixa de 5 viais de 5ml cada<\/p>\n<p>O pre\u00e7o apresentado \u00e9 por caixa de 5 frascos.<\/p>\n<p>Para comprar frascos individualmente, por favor, entre em contato pelo WhatsApp (bot\u00e3o verde do WhatsApp na p\u00e1gina).<\/p>\n","protected":false},"excerpt":{"rendered":"<p>Mesolifting \u00e9 uma solu\u00e7\u00e3o desenhada para ajudar a reduzir os sinais de flacidez da pele, estimulando a renova\u00e7\u00e3o da epiderme. Os amino\u00e1cidos bioativos do extrato de caviar obtido por um procedimento original, assim como o col\u00e1geno e os demais componentes da f\u00f3rmula, nos permitem fornecer os elementos b\u00e1sicos aos fibroblastos para aumentar sua forma\u00e7\u00e3o de [&hellip;]<\/p>\n","protected":false},"featured_media":8494,"template":"","meta":[],"product_brand":[],"product_cat":[1303,1336,1305,1343,1306,1351,664,1307,1279,1308,1280,1309,1281,1310,1282,1311,1283,1312,1286,1313,1290,1315,1291,1316,1296,1317,1297,1318,1300,1327,1302,1333],"product_tag":[],"class_list":{"0":"post-3376","1":"product","2":"type-product","3":"status-publish","4":"has-post-thumbnail","6":"product_cat-legs-fr","7":"product_cat-anti-aging-fr","8":"product_cat-little-elasticity-6-fr","9":"product_cat-facial-skin-stretching-lifting-fr","10":"product_cat-aged-skin-3-fr","11":"product_cat-improve-facial-contour-fr","12":"product_cat-uncategorized-fr","13":"product_cat-saggy-skin-8-fr","14":"product_cat-arms-fr","15":"product_cat-little-elasticity-3-fr","16":"product_cat-neck-fr","17":"product_cat-little-elasticity-fr","18":"product_cat-aged-skin-4-fr","19":"product_cat-saggy-skin-3-fr","20":"product_cat-aged-skin-2-fr","21":"product_cat-saggy-skin-fr","22":"product_cat-body-fr","23":"product_cat-little-elasticity-5-fr","24":"product_cat-neckline-fr","25":"product_cat-wrinkles-3-fr","26":"product_cat-face-fr","27":"product_cat-saggy-skin-7-fr","28":"product_cat-aged-skin-fr","29":"product_cat-saggy-skin-5-fr","30":"product_cat-hands-fr","31":"product_cat-little-elasticity-2-fr","32":"product_cat-aged-skin-5-fr","33":"product_cat-saggy-skin-4-fr","34":"product_cat-treatment-areas-vs-products-fr","35":"product_cat-saggy-skin-6-fr","36":"product_cat-buttocks-fr","37":"product_cat-mesotherapy-products-fr","39":"first","40":"instock","41":"taxable","42":"shipping-taxable","43":"purchasable","44":"product-type-simple"},"acf":{"short_name":"Mesolifting"},"_links":{"self":[{"href":"https:\/\/www.therapmedic.com\/fr\/wp-json\/wp\/v2\/product\/3376","targetHints":{"allow":["GET"]}}],"collection":[{"href":"https:\/\/www.therapmedic.com\/fr\/wp-json\/wp\/v2\/product"}],"about":[{"href":"https:\/\/www.therapmedic.com\/fr\/wp-json\/wp\/v2\/types\/product"}],"wp:featuredmedia":[{"embeddable":true,"href":"https:\/\/www.therapmedic.com\/fr\/wp-json\/wp\/v2\/media\/8494"}],"wp:attachment":[{"href":"https:\/\/www.therapmedic.com\/fr\/wp-json\/wp\/v2\/media?parent=3376"}],"wp:term":[{"taxonomy":"product_brand","embeddable":true,"href":"https:\/\/www.therapmedic.com\/fr\/wp-json\/wp\/v2\/product_brand?post=3376"},{"taxonomy":"product_cat","embeddable":true,"href":"https:\/\/www.therapmedic.com\/fr\/wp-json\/wp\/v2\/product_cat?post=3376"},{"taxonomy":"product_tag","embeddable":true,"href":"https:\/\/www.therapmedic.com\/fr\/wp-json\/wp\/v2\/product_tag?post=3376"}],"curies":[{"name":"wp","href":"https:\/\/api.w.org\/{rel}","templated":true}]}}