{"id":3373,"date":"2022-11-21T15:17:21","date_gmt":"2022-11-21T15:17:21","guid":{"rendered":"https:\/\/www.therapmedic.com\/product\/oligoelements-with-vitamin-c\/"},"modified":"2026-04-29T18:40:18","modified_gmt":"2026-04-29T18:40:18","slug":"oligoelements-with-vitamin-c","status":"publish","type":"product","link":"https:\/\/www.therapmedic.com\/fr\/produit\/oligoelements-with-vitamin-c\/","title":{"rendered":"Oligoelements with Vitamin C"},"content":{"rendered":"<p><b><i>Oligoelements<\/i><\/b> <b><i>with<\/i><\/b> <b><i>Vitamin<\/i><\/b><b><i> C<\/i><\/b> &#8211; Reduz a atividade antioxidante das olheiras<\/p>\n<p><b><i>Oligoelements<\/i><\/b> <b><i>with<\/i><\/b> <b><i>Vitamin<\/i><\/b><b><i> C<\/i><\/b> \u00e9 uma f\u00f3rmula desenvolvida para ajudar a reduzir as olheiras, estimulando a microcircula\u00e7\u00e3o aumentando a contribui\u00e7\u00e3o de oxig\u00eanio e clareando a \u00e1rea por interferir na produ\u00e7\u00e3o de melanina.<\/p>\n<p><u><b>Apresenta\u00e7\u00e3o<\/b><\/u>: Caixa 5 viais de 5 ml<\/p>\n<p>O pre\u00e7o apresentado \u00e9 por caixa de 5 frascos.<\/p>\n","protected":false},"excerpt":{"rendered":"<p>Oligoelements with Vitamin C &#8211; Reduz a atividade antioxidante das olheiras Oligoelements with Vitamin C \u00e9 uma f\u00f3rmula desenvolvida para ajudar a reduzir as olheiras, estimulando a microcircula\u00e7\u00e3o aumentando a contribui\u00e7\u00e3o de oxig\u00eanio e clareando a \u00e1rea por interferir na produ\u00e7\u00e3o de melanina. Apresenta\u00e7\u00e3o: Caixa 5 viais de 5 ml O pre\u00e7o apresentado \u00e9 por [&hellip;]<\/p>\n","protected":false},"featured_media":8697,"template":"","meta":[],"product_brand":[],"product_cat":[1289,1290,1296,1297,1300,1301,664,1332,1274,1333,1279,1334,1280,1335,1281,1336,1283,1284,1286,1287,1288],"product_tag":[],"class_list":{"0":"post-3373","1":"product","2":"type-product","3":"status-publish","4":"has-post-thumbnail","6":"product_cat-tired-toxified-skin-4-fr","7":"product_cat-face-fr","8":"product_cat-hands-fr","9":"product_cat-aged-skin-5-fr","10":"product_cat-treatment-areas-vs-products-fr","11":"product_cat-tired-toxified-skin-5-fr","12":"product_cat-uncategorized-fr","13":"product_cat-tired-toxified-skin-2-fr","14":"product_cat-wrinkles-2-fr","15":"product_cat-mesotherapy-products-fr","16":"product_cat-arms-fr","17":"product_cat-tired-toxified-skin-3-fr","18":"product_cat-neck-fr","19":"product_cat-dark-circles-around-the-eyes-fr","20":"product_cat-aged-skin-4-fr","21":"product_cat-anti-aging-fr","22":"product_cat-body-fr","23":"product_cat-dryness-dehydrated-skin-2-fr","24":"product_cat-neckline-fr","25":"product_cat-gray-oxidized-skin-fr","26":"product_cat-dryness-dehydrated-skin-3-fr","28":"first","29":"instock","30":"taxable","31":"shipping-taxable","32":"purchasable","33":"product-type-simple"},"acf":{"short_name":""},"_links":{"self":[{"href":"https:\/\/www.therapmedic.com\/fr\/wp-json\/wp\/v2\/product\/3373","targetHints":{"allow":["GET"]}}],"collection":[{"href":"https:\/\/www.therapmedic.com\/fr\/wp-json\/wp\/v2\/product"}],"about":[{"href":"https:\/\/www.therapmedic.com\/fr\/wp-json\/wp\/v2\/types\/product"}],"wp:featuredmedia":[{"embeddable":true,"href":"https:\/\/www.therapmedic.com\/fr\/wp-json\/wp\/v2\/media\/8697"}],"wp:attachment":[{"href":"https:\/\/www.therapmedic.com\/fr\/wp-json\/wp\/v2\/media?parent=3373"}],"wp:term":[{"taxonomy":"product_brand","embeddable":true,"href":"https:\/\/www.therapmedic.com\/fr\/wp-json\/wp\/v2\/product_brand?post=3373"},{"taxonomy":"product_cat","embeddable":true,"href":"https:\/\/www.therapmedic.com\/fr\/wp-json\/wp\/v2\/product_cat?post=3373"},{"taxonomy":"product_tag","embeddable":true,"href":"https:\/\/www.therapmedic.com\/fr\/wp-json\/wp\/v2\/product_tag?post=3373"}],"curies":[{"name":"wp","href":"https:\/\/api.w.org\/{rel}","templated":true}]}}