{"id":3361,"date":"2022-11-22T17:01:39","date_gmt":"2022-11-22T17:01:39","guid":{"rendered":"https:\/\/www.therapmedic.com\/product\/young-lift-face\/"},"modified":"2023-11-29T11:31:41","modified_gmt":"2023-11-29T11:31:41","slug":"young-lift-face","status":"publish","type":"product","link":"https:\/\/www.therapmedic.com\/fr\/produit\/young-lift-face\/","title":{"rendered":"Young &#038; Lift Face"},"content":{"rendered":"<p><b><i>Young<\/i><\/b><b><i> &amp; <\/i><\/b><b><i>Lift<\/i><\/b><b><i> face <\/i><\/b><b>&#8211; <\/b>Anti-rugas, anti-radicais livres. Impulsionador de col\u00e1geno, Estimula as c\u00e9lulas m\u00e3e e ativa o t\u00f4nus muscular. Hidrata a pele<\/p>\n<p><b><i>Young<\/i><\/b><b><i> &amp; <\/i><\/b><b><i>lift<\/i><\/b><b><i> face<\/i><\/b> \u00e9 um cocktail que tem como principal a\u00e7\u00e3o recuperar e refor\u00e7ar a matriz. Na pele, o sil\u00edcio tem um papel importante para a s\u00edntese ideal de col\u00e1geno e ativa\u00e7\u00e3o de enzimas hidroxilantes, melhorando a for\u00e7a e elasticidade da pele e, ao mesmo tempo e agindo sinergicamente, h\u00e1 um efeito hidratante devido ao \u00e1cido hialur\u00f3nico e um efeito lifting do DMAE junto com a atividade antioxidante das vitaminas A e E.<\/p>\n<p><u><b>Apresenta\u00e7\u00e3o<\/b><\/u>: Caixa 5 viais de\u00a0 5 mL<\/p>\n<p>O pre\u00e7o apresentado \u00e9 por caixa de 5 frascos.<\/p>\n","protected":false},"excerpt":{"rendered":"<p>Young &amp; Lift face &#8211; Anti-rugas, anti-radicais livres. Impulsionador de col\u00e1geno, Estimula as c\u00e9lulas m\u00e3e e ativa o t\u00f4nus muscular. Hidrata a pele Young &amp; lift face \u00e9 um cocktail que tem como principal a\u00e7\u00e3o recuperar e refor\u00e7ar a matriz. Na pele, o sil\u00edcio tem um papel importante para a s\u00edntese ideal de col\u00e1geno e [&hellip;]<\/p>\n","protected":false},"featured_media":2579,"template":"","meta":[],"product_brand":[],"product_cat":[1351,664,1290,1296,1300,1302,1305,1309,1312,1333,1336],"product_tag":[],"class_list":{"0":"post-3361","1":"product","2":"type-product","3":"status-publish","4":"has-post-thumbnail","6":"product_cat-improve-facial-contour-fr","7":"product_cat-uncategorized-fr","8":"product_cat-face-fr","9":"product_cat-hands-fr","10":"product_cat-treatment-areas-vs-products-fr","11":"product_cat-buttocks-fr","12":"product_cat-little-elasticity-6-fr","13":"product_cat-little-elasticity-fr","14":"product_cat-little-elasticity-5-fr","15":"product_cat-mesotherapy-products-fr","16":"product_cat-anti-aging-fr","18":"first","19":"instock","20":"taxable","21":"shipping-taxable","22":"purchasable","23":"product-type-simple"},"acf":{"short_name":""},"_links":{"self":[{"href":"https:\/\/www.therapmedic.com\/fr\/wp-json\/wp\/v2\/product\/3361","targetHints":{"allow":["GET"]}}],"collection":[{"href":"https:\/\/www.therapmedic.com\/fr\/wp-json\/wp\/v2\/product"}],"about":[{"href":"https:\/\/www.therapmedic.com\/fr\/wp-json\/wp\/v2\/types\/product"}],"wp:featuredmedia":[{"embeddable":true,"href":"https:\/\/www.therapmedic.com\/fr\/wp-json\/wp\/v2\/media\/2579"}],"wp:attachment":[{"href":"https:\/\/www.therapmedic.com\/fr\/wp-json\/wp\/v2\/media?parent=3361"}],"wp:term":[{"taxonomy":"product_brand","embeddable":true,"href":"https:\/\/www.therapmedic.com\/fr\/wp-json\/wp\/v2\/product_brand?post=3361"},{"taxonomy":"product_cat","embeddable":true,"href":"https:\/\/www.therapmedic.com\/fr\/wp-json\/wp\/v2\/product_cat?post=3361"},{"taxonomy":"product_tag","embeddable":true,"href":"https:\/\/www.therapmedic.com\/fr\/wp-json\/wp\/v2\/product_tag?post=3361"}],"curies":[{"name":"wp","href":"https:\/\/api.w.org\/{rel}","templated":true}]}}