{"id":3355,"date":"2022-11-22T17:26:15","date_gmt":"2022-11-22T17:26:15","guid":{"rendered":"https:\/\/www.therapmedic.com\/product\/bio-revital-detox\/"},"modified":"2023-04-20T10:36:27","modified_gmt":"2023-04-20T10:36:27","slug":"bio-revital-detox","status":"publish","type":"product","link":"https:\/\/www.therapmedic.com\/fr\/produit\/bio-revital-detox\/","title":{"rendered":"Bio Revital Detox"},"content":{"rendered":"<p><b><i>Bio <\/i><\/b><b><i>Revital<\/i><\/b> <b><i>Detox<\/i><\/b><u><b>:<\/b><\/u> desintoxica\u00e7\u00e3o de c\u00e9lulas da pele. F\u00f3rmula antioxidante e anti-radicais para restaurar o metabolismo celular<\/p>\n<p>Bio Revital Detox \u00e9 uma f\u00f3rmula anti-oxidante e anti-radical completa para restaurar o metabolismo celular. Estimula a defesa natural da pele. \u00c0 atividade antioxidante dos diferentes componentes da f\u00f3rmula, inclu\u00edmos subst\u00e2ncias b\u00e1sicas de origem do caviar que ajudam a restaurar o metabolismo celular e a imunologia da pele.<\/p>\n<p><u><b>Apresenta\u00e7\u00e3o<\/b><\/u>: Caixa 5 viais de\u00a0 5 mL<\/p>\n<p>O pre\u00e7o apresentado \u00e9 por caixa de 5 frascos<\/p>\n","protected":false},"excerpt":{"rendered":"<p>Bio Revital Detox: desintoxica\u00e7\u00e3o de c\u00e9lulas da pele. F\u00f3rmula antioxidante e anti-radicais para restaurar o metabolismo celular Bio Revital Detox \u00e9 uma f\u00f3rmula anti-oxidante e anti-radical completa para restaurar o metabolismo celular. Estimula a defesa natural da pele. \u00c0 atividade antioxidante dos diferentes componentes da f\u00f3rmula, inclu\u00edmos subst\u00e2ncias b\u00e1sicas de origem do caviar que ajudam [&hellip;]<\/p>\n","protected":false},"featured_media":2588,"template":"","meta":[],"product_brand":[],"product_cat":[15],"product_tag":[],"class_list":{"0":"post-3355","1":"product","2":"type-product","3":"status-publish","4":"has-post-thumbnail","6":"product_cat-uncategorized","8":"first","9":"instock","10":"taxable","11":"shipping-taxable","12":"purchasable","13":"product-type-simple"},"acf":{"campanhas_associadas":null,"confidential_information":null,"display":null,"short_name":null,"display_equipment_products":null,"short_name_equipment_products":null},"_links":{"self":[{"href":"https:\/\/www.therapmedic.com\/fr\/wp-json\/wp\/v2\/product\/3355","targetHints":{"allow":["GET"]}}],"collection":[{"href":"https:\/\/www.therapmedic.com\/fr\/wp-json\/wp\/v2\/product"}],"about":[{"href":"https:\/\/www.therapmedic.com\/fr\/wp-json\/wp\/v2\/types\/product"}],"wp:featuredmedia":[{"embeddable":true,"href":"https:\/\/www.therapmedic.com\/fr\/wp-json\/wp\/v2\/media\/2588"}],"wp:attachment":[{"href":"https:\/\/www.therapmedic.com\/fr\/wp-json\/wp\/v2\/media?parent=3355"}],"wp:term":[{"taxonomy":"product_brand","embeddable":true,"href":"https:\/\/www.therapmedic.com\/fr\/wp-json\/wp\/v2\/product_brand?post=3355"},{"taxonomy":"product_cat","embeddable":true,"href":"https:\/\/www.therapmedic.com\/fr\/wp-json\/wp\/v2\/product_cat?post=3355"},{"taxonomy":"product_tag","embeddable":true,"href":"https:\/\/www.therapmedic.com\/fr\/wp-json\/wp\/v2\/product_tag?post=3355"}],"curies":[{"name":"wp","href":"https:\/\/api.w.org\/{rel}","templated":true}]}}