{"id":3345,"date":"2022-11-28T15:25:20","date_gmt":"2022-11-28T15:25:20","guid":{"rendered":"https:\/\/www.therapmedic.com\/product\/vitamin-c\/"},"modified":"2023-04-07T11:13:13","modified_gmt":"2023-04-07T11:13:13","slug":"vitamin-c","status":"publish","type":"product","link":"https:\/\/www.therapmedic.com\/fr\/produit\/vitamin-c\/","title":{"rendered":"Vitamin C"},"content":{"rendered":"<p><b><i>Vitamin<\/i><\/b><b><i> C <\/i><\/b><b>&#8211; <\/b>limitar a extens\u00e3o da hiperpigmenta\u00e7\u00e3o. Reduz a descolora\u00e7\u00e3o da pele<\/p>\n<p><b><i>Vitamin<\/i><\/b><b><i> C <\/i><\/b>\u00e9 uma solu\u00e7\u00e3o de \u00e1cido asc\u00f3rbico em alta concentra\u00e7\u00e3o que pode ser usado sozinho ou em combina\u00e7\u00e3o com outros cocktails. Possui propriedades clareadoras e antioxidantes que ir\u00e3o proteger a pele, al\u00e9m de prevenir e tratar os fotodanos induzidos pelo ultravioleta, amenizando os efeitos da exposi\u00e7\u00e3o aos elementos.<\/p>\n<p><u><b>Apresenta\u00e7\u00e3o<\/b><\/u>: Caixa 5 viais de\u00a0 5 mL<\/p>\n","protected":false},"excerpt":{"rendered":"<p>Vitamin C &#8211; limitar a extens\u00e3o da hiperpigmenta\u00e7\u00e3o. Reduz a descolora\u00e7\u00e3o da pele Vitamin C \u00e9 uma solu\u00e7\u00e3o de \u00e1cido asc\u00f3rbico em alta concentra\u00e7\u00e3o que pode ser usado sozinho ou em combina\u00e7\u00e3o com outros cocktails. Possui propriedades clareadoras e antioxidantes que ir\u00e3o proteger a pele, al\u00e9m de prevenir e tratar os fotodanos induzidos pelo ultravioleta, [&hellip;]<\/p>\n","protected":false},"featured_media":2597,"template":"","meta":[],"product_brand":[],"product_cat":[15],"product_tag":[],"class_list":{"0":"post-3345","1":"product","2":"type-product","3":"status-publish","4":"has-post-thumbnail","6":"product_cat-uncategorized","8":"first","9":"instock","10":"taxable","11":"shipping-taxable","12":"purchasable","13":"product-type-simple"},"acf":{"campanhas_associadas":null,"confidential_information":null,"display":null,"short_name":null,"display_equipment_products":null,"short_name_equipment_products":null},"_links":{"self":[{"href":"https:\/\/www.therapmedic.com\/fr\/wp-json\/wp\/v2\/product\/3345","targetHints":{"allow":["GET"]}}],"collection":[{"href":"https:\/\/www.therapmedic.com\/fr\/wp-json\/wp\/v2\/product"}],"about":[{"href":"https:\/\/www.therapmedic.com\/fr\/wp-json\/wp\/v2\/types\/product"}],"wp:featuredmedia":[{"embeddable":true,"href":"https:\/\/www.therapmedic.com\/fr\/wp-json\/wp\/v2\/media\/2597"}],"wp:attachment":[{"href":"https:\/\/www.therapmedic.com\/fr\/wp-json\/wp\/v2\/media?parent=3345"}],"wp:term":[{"taxonomy":"product_brand","embeddable":true,"href":"https:\/\/www.therapmedic.com\/fr\/wp-json\/wp\/v2\/product_brand?post=3345"},{"taxonomy":"product_cat","embeddable":true,"href":"https:\/\/www.therapmedic.com\/fr\/wp-json\/wp\/v2\/product_cat?post=3345"},{"taxonomy":"product_tag","embeddable":true,"href":"https:\/\/www.therapmedic.com\/fr\/wp-json\/wp\/v2\/product_tag?post=3345"}],"curies":[{"name":"wp","href":"https:\/\/api.w.org\/{rel}","templated":true}]}}