{"id":3334,"date":"2022-11-28T16:48:04","date_gmt":"2022-11-28T16:48:04","guid":{"rendered":"https:\/\/www.therapmedic.com\/product\/35-hy-ac-ultra-low-viscosity\/"},"modified":"2023-05-12T09:42:11","modified_gmt":"2023-05-12T09:42:11","slug":"35-hy-ac-ultra-low-viscosity","status":"publish","type":"product","link":"https:\/\/www.therapmedic.com\/fr\/produit\/35-hy-ac-ultra-low-viscosity\/","title":{"rendered":"Acido Hialur\u00f3nico de Nutri\u00e7\u00e3o a 3,5% Viscosidade ultra-baixa"},"content":{"rendered":"<p><b><i>Hidrata\u00e7\u00e3o \u2013 <\/i><\/b><b><i>3,5% <\/i><\/b><b><i>hy<\/i><\/b><b><i>-ac ultra-low viscosity solution <\/i><\/b>&#8211; Anti-envelhecimento, rugas, cicatrizes. Melhora a textura da pele, as rugas finas e cicatrizes na \u00e1rea do rosto e pesco\u00e7o<\/p>\n<p>Anti-envelhecimento, rugas, cicatrizes podem ser tratadas com mesoterapia com \u00e1cido hialur\u00f3nico. Desidrata\u00e7\u00e3o e perda de firmeza s\u00e3o sinais de envelhecimento da pele que levam \u00e0 forma\u00e7\u00e3o de rugas e flacidez em algumas \u00e1reas do rosto. O \u00e1cido hialur\u00f3nico \u00e9 um polissacar\u00eddeo natural com propriedades incr\u00edveis. O hialur\u00f3nico funciona como uma esponja para as mol\u00e9culas de \u00e1gua (ret\u00e9m at\u00e9 1000 vezes o seu peso) vezes o seu peso).<\/p>\n<p><u><b>Apresenta\u00e7\u00e3o<\/b><\/u>: Caixa 5 viais de\u00a0 5 mL<\/p>\n<p>O pre\u00e7o apresentado \u00e9 por caixa de 5 frascos.<\/p>\n","protected":false},"excerpt":{"rendered":"<p>Hidrata\u00e7\u00e3o \u2013 3,5% hy-ac ultra-low viscosity solution &#8211; Anti-envelhecimento, rugas, cicatrizes. Melhora a textura da pele, as rugas finas e cicatrizes na \u00e1rea do rosto e pesco\u00e7o Anti-envelhecimento, rugas, cicatrizes podem ser tratadas com mesoterapia com \u00e1cido hialur\u00f3nico. Desidrata\u00e7\u00e3o e perda de firmeza s\u00e3o sinais de envelhecimento da pele que levam \u00e0 forma\u00e7\u00e3o de rugas [&hellip;]<\/p>\n","protected":false},"featured_media":2606,"template":"","meta":[],"product_brand":[],"product_cat":[664,1290,1293,1300,1302,1305,1333,1405],"product_tag":[],"class_list":{"0":"post-3334","1":"product","2":"type-product","3":"status-publish","4":"has-post-thumbnail","6":"product_cat-uncategorized-fr","7":"product_cat-face-fr","8":"product_cat-dryness-dehydrated-skin-fr","9":"product_cat-treatment-areas-vs-products-fr","10":"product_cat-buttocks-fr","11":"product_cat-little-elasticity-6-fr","12":"product_cat-mesotherapy-products-fr","13":"product_cat-skin-moisturizers-fr","15":"first","16":"instock","17":"taxable","18":"shipping-taxable","19":"purchasable","20":"product-type-simple"},"acf":{"campanhas_associadas":null,"confidential_information":null,"display":null,"short_name":null,"display_equipment_products":null,"short_name_equipment_products":null},"_links":{"self":[{"href":"https:\/\/www.therapmedic.com\/fr\/wp-json\/wp\/v2\/product\/3334","targetHints":{"allow":["GET"]}}],"collection":[{"href":"https:\/\/www.therapmedic.com\/fr\/wp-json\/wp\/v2\/product"}],"about":[{"href":"https:\/\/www.therapmedic.com\/fr\/wp-json\/wp\/v2\/types\/product"}],"wp:featuredmedia":[{"embeddable":true,"href":"https:\/\/www.therapmedic.com\/fr\/wp-json\/wp\/v2\/media\/2606"}],"wp:attachment":[{"href":"https:\/\/www.therapmedic.com\/fr\/wp-json\/wp\/v2\/media?parent=3334"}],"wp:term":[{"taxonomy":"product_brand","embeddable":true,"href":"https:\/\/www.therapmedic.com\/fr\/wp-json\/wp\/v2\/product_brand?post=3334"},{"taxonomy":"product_cat","embeddable":true,"href":"https:\/\/www.therapmedic.com\/fr\/wp-json\/wp\/v2\/product_cat?post=3334"},{"taxonomy":"product_tag","embeddable":true,"href":"https:\/\/www.therapmedic.com\/fr\/wp-json\/wp\/v2\/product_tag?post=3334"}],"curies":[{"name":"wp","href":"https:\/\/api.w.org\/{rel}","templated":true}]}}