{"id":3328,"date":"2022-11-28T18:01:42","date_gmt":"2022-11-28T18:01:42","guid":{"rendered":"https:\/\/www.therapmedic.com\/product\/thefilgold-16\/"},"modified":"2023-05-10T14:41:12","modified_gmt":"2023-05-10T14:41:12","slug":"thefilgold-16","status":"publish","type":"product","link":"https:\/\/www.therapmedic.com\/fr\/produit\/thefilgold-16\/","title":{"rendered":"ThefilGold 16%"},"content":{"rendered":"<p><b><i>Hidrata\u00e7\u00e3o \u2013 <\/i><\/b><b><i>Thefil<\/i><\/b><b><i> Gold 16%<\/i><\/b><\/p>\n<p><b>Bio-revitaliza\u00e7\u00e3o<\/b> com \u00e1cido hialur\u00f3nico \u00e9 uma t\u00e9cnica moderna desenhada para eliminar mudan\u00e7as na pele relacionadas com a idade, para atingir a sua hidrata\u00e7\u00e3o e rejuvenescimento e para ocultar o impacto de um ambiente desfavor\u00e1vel. A bio-revitaliza\u00e7\u00e3o \u00e9 a revitaliza\u00e7\u00e3o da pele com a subst\u00e2ncia ativa do acido hialur\u00f3nico de uma forma biol\u00f3gica desenvolvido para eliminar as mudan\u00e7as relacionadas com a idade dando vida de novo \u00e0 pele. Trata-se de um processo n\u00e3o cir\u00fargico e largamente utilizado para combater o envelhecimento da pele.<\/p>\n<p><strong>Apresenta\u00e7\u00e3o<\/strong>: 1 caixa com uma seringa pr\u00e9-cheia de 3ml<\/p>\n","protected":false},"excerpt":{"rendered":"<p>Hidrata\u00e7\u00e3o \u2013 Thefil Gold 16% Bio-revitaliza\u00e7\u00e3o com \u00e1cido hialur\u00f3nico \u00e9 uma t\u00e9cnica moderna desenhada para eliminar mudan\u00e7as na pele relacionadas com a idade, para atingir a sua hidrata\u00e7\u00e3o e rejuvenescimento e para ocultar o impacto de um ambiente desfavor\u00e1vel. A bio-revitaliza\u00e7\u00e3o \u00e9 a revitaliza\u00e7\u00e3o da pele com a subst\u00e2ncia ativa do acido hialur\u00f3nico de uma [&hellip;]<\/p>\n","protected":false},"featured_media":2612,"template":"","meta":[],"product_brand":[],"product_cat":[1406,664,1290,1296,1299,1300,1333,1337,1352,1377,1394,1405],"product_tag":[],"class_list":{"0":"post-3328","1":"product","2":"type-product","3":"status-publish","4":"has-post-thumbnail","6":"product_cat-sunken-eyes-fr","7":"product_cat-uncategorized-fr","8":"product_cat-face-fr","9":"product_cat-hands-fr","10":"product_cat-dryness-dehydrated-skin-5-fr","11":"product_cat-treatment-areas-vs-products-fr","12":"product_cat-mesotherapy-products-fr","13":"product_cat-deep-wrinkles-fr","14":"product_cat-wrinkles-above-the-lips-barcode-fr","15":"product_cat-wrinkled-lips-fr","16":"product_cat-thin-lips-fr","17":"product_cat-skin-moisturizers-fr","19":"first","20":"instock","21":"taxable","22":"shipping-taxable","23":"purchasable","24":"product-type-simple"},"acf":{"campanhas_associadas":null,"confidential_information":null,"display":null,"short_name":null,"display_equipment_products":null,"short_name_equipment_products":null},"_links":{"self":[{"href":"https:\/\/www.therapmedic.com\/fr\/wp-json\/wp\/v2\/product\/3328","targetHints":{"allow":["GET"]}}],"collection":[{"href":"https:\/\/www.therapmedic.com\/fr\/wp-json\/wp\/v2\/product"}],"about":[{"href":"https:\/\/www.therapmedic.com\/fr\/wp-json\/wp\/v2\/types\/product"}],"wp:featuredmedia":[{"embeddable":true,"href":"https:\/\/www.therapmedic.com\/fr\/wp-json\/wp\/v2\/media\/2612"}],"wp:attachment":[{"href":"https:\/\/www.therapmedic.com\/fr\/wp-json\/wp\/v2\/media?parent=3328"}],"wp:term":[{"taxonomy":"product_brand","embeddable":true,"href":"https:\/\/www.therapmedic.com\/fr\/wp-json\/wp\/v2\/product_brand?post=3328"},{"taxonomy":"product_cat","embeddable":true,"href":"https:\/\/www.therapmedic.com\/fr\/wp-json\/wp\/v2\/product_cat?post=3328"},{"taxonomy":"product_tag","embeddable":true,"href":"https:\/\/www.therapmedic.com\/fr\/wp-json\/wp\/v2\/product_tag?post=3328"}],"curies":[{"name":"wp","href":"https:\/\/api.w.org\/{rel}","templated":true}]}}