{"id":3322,"date":"2022-11-28T18:09:09","date_gmt":"2022-11-28T18:09:09","guid":{"rendered":"https:\/\/www.therapmedic.com\/product\/gorgeous-skin\/"},"modified":"2024-05-25T16:15:31","modified_gmt":"2024-05-25T16:15:31","slug":"gorgeous-skin","status":"publish","type":"product","link":"https:\/\/www.therapmedic.com\/fr\/produit\/gorgeous-skin\/","title":{"rendered":"Gorgeous Skin"},"content":{"rendered":"<p><b><i>Esclerosante<\/i><\/b><b><i> \u2013 <\/i><\/b><b><i>Gorgeous<\/i><\/b><b><i> Skin <\/i><\/b><b>\u2013 para tratamento de varizes e aranhas vasculares<\/b><\/p>\n<p>POR FAVOR CONSULTE-NOS PARA VERIFICAR SE ESTE PRODUTO EST\u00c1 DISPON\u00cdVEL NO SEU MERCADO!<\/p>\n<p>A ecoescleroterapia com polidocanol pode ser usada nas grandes veias com \u00falceras de estase, nos hemangiomas e malforma\u00e7\u00f5es venosas, nos idosos e em recidivas complicadas de varizes. Este horizonte alargado representa novidade expressiva e auspiciosa em angiologia. Essas t\u00e9cnicas s\u00e3o realizadas por exemplo, entre cinco e seis milh\u00f5es de sess\u00f5es por ano na Fran\u00e7a.<\/p>\n<p>Apresenta\u00e7\u00e3o: 1 vial de 10ml de HPDD a 3%<\/p>\n<p>Pre\u00e7o apresentado por caixa de 5 frascos.<\/p>\n","protected":false},"excerpt":{"rendered":"<p>Esclerosante \u2013 Gorgeous Skin \u2013 para tratamento de varizes e aranhas vasculares POR FAVOR CONSULTE-NOS PARA VERIFICAR SE ESTE PRODUTO EST\u00c1 DISPON\u00cdVEL NO SEU MERCADO! A ecoescleroterapia com polidocanol pode ser usada nas grandes veias com \u00falceras de estase, nos hemangiomas e malforma\u00e7\u00f5es venosas, nos idosos e em recidivas complicadas de varizes. Este horizonte alargado [&hellip;]<\/p>\n","protected":false},"featured_media":2615,"template":"","meta":[],"product_brand":[],"product_cat":[664,1300,1303,1365,1369],"product_tag":[],"class_list":{"0":"post-3322","1":"product","2":"type-product","3":"status-publish","4":"has-post-thumbnail","6":"product_cat-uncategorized-fr","7":"product_cat-treatment-areas-vs-products-fr","8":"product_cat-legs-fr","9":"product_cat-spider-veins-fr","10":"product_cat-varicose-veins-fr","12":"first","13":"instock","14":"taxable","15":"shipping-taxable","16":"purchasable","17":"product-type-simple"},"acf":{"short_name":""},"_links":{"self":[{"href":"https:\/\/www.therapmedic.com\/fr\/wp-json\/wp\/v2\/product\/3322","targetHints":{"allow":["GET"]}}],"collection":[{"href":"https:\/\/www.therapmedic.com\/fr\/wp-json\/wp\/v2\/product"}],"about":[{"href":"https:\/\/www.therapmedic.com\/fr\/wp-json\/wp\/v2\/types\/product"}],"wp:featuredmedia":[{"embeddable":true,"href":"https:\/\/www.therapmedic.com\/fr\/wp-json\/wp\/v2\/media\/2615"}],"wp:attachment":[{"href":"https:\/\/www.therapmedic.com\/fr\/wp-json\/wp\/v2\/media?parent=3322"}],"wp:term":[{"taxonomy":"product_brand","embeddable":true,"href":"https:\/\/www.therapmedic.com\/fr\/wp-json\/wp\/v2\/product_brand?post=3322"},{"taxonomy":"product_cat","embeddable":true,"href":"https:\/\/www.therapmedic.com\/fr\/wp-json\/wp\/v2\/product_cat?post=3322"},{"taxonomy":"product_tag","embeddable":true,"href":"https:\/\/www.therapmedic.com\/fr\/wp-json\/wp\/v2\/product_tag?post=3322"}],"curies":[{"name":"wp","href":"https:\/\/api.w.org\/{rel}","templated":true}]}}