{"id":3316,"date":"2022-12-01T15:07:54","date_gmt":"2022-12-01T15:07:54","guid":{"rendered":"https:\/\/www.therapmedic.com\/product\/general-alopecia\/"},"modified":"2026-04-29T18:47:52","modified_gmt":"2026-04-29T18:47:52","slug":"general-alopecia","status":"publish","type":"product","link":"https:\/\/www.therapmedic.com\/fr\/produit\/general-alopecia\/","title":{"rendered":"General Alopecia"},"content":{"rendered":"<p><b><i>General Alopecia <\/i><\/b>&#8211; Estimula o crescimento e evita a queda de cabelo. Refor\u00e7ar bulbos de cabelo<\/p>\n<p>A queda de cabelo pode ser causada por v\u00e1rios fatores, tanto em homens quanto em mulheres, independentemente da idade. A alopecia divide-se em n\u00e3o cicatricial (o fol\u00edculo piloso n\u00e3o \u00e9 destru\u00eddo, apenas sua funcionalidade \u00e9 alterada) e cicatricial (o fol\u00edculo piloso pode estar destru\u00eddo ou apresentar malforma\u00e7\u00f5es, causando seu decl\u00ednio e presen\u00e7a fraca). Finalmente, a maioria das formas de queda de cabelo s\u00e3o causadas por desequil\u00edbrio hormonal dentro e ao redor do fol\u00edculo piloso, falta de nutrientes adequados e circula\u00e7\u00e3o sangu\u00ednea reduzida. <b><i>General Alopecia <\/i><\/b>\u00e9 uma solu\u00e7\u00e3o projetada para estimular o crescimento do cabelo e prevenir a queda de cabelo, refor\u00e7ando os bulbos capilares.<\/p>\n<p>Apresenta\u00e7\u00e3o: vial com 5 ml, caixa com 5 viais<\/p>\n<p>O pre\u00e7o apresentado \u00e9 por caixa de 5 frascos.<\/p>\n","protected":false},"excerpt":{"rendered":"<p>General Alopecia &#8211; Estimula o crescimento e evita a queda de cabelo. Refor\u00e7ar bulbos de cabelo A queda de cabelo pode ser causada por v\u00e1rios fatores, tanto em homens quanto em mulheres, independentemente da idade. A alopecia divide-se em n\u00e3o cicatricial (o fol\u00edculo piloso n\u00e3o \u00e9 destru\u00eddo, apenas sua funcionalidade \u00e9 alterada) e cicatricial (o [&hellip;]<\/p>\n","protected":false},"featured_media":8737,"template":"","meta":[],"product_brand":[],"product_cat":[1401,664,1300,1333,1385,1391,1398],"product_tag":[],"class_list":{"0":"post-3316","1":"product","2":"type-product","3":"status-publish","4":"has-post-thumbnail","6":"product_cat-hair-loss-fr","7":"product_cat-uncategorized-fr","8":"product_cat-treatment-areas-vs-products-fr","9":"product_cat-mesotherapy-products-fr","10":"product_cat-hair-2-fr","11":"product_cat-strengthening-of-the-hair-follicle-fr","12":"product_cat-hair-fr","14":"first","15":"instock","16":"taxable","17":"shipping-taxable","18":"purchasable","19":"product-type-simple"},"acf":{"short_name":""},"_links":{"self":[{"href":"https:\/\/www.therapmedic.com\/fr\/wp-json\/wp\/v2\/product\/3316","targetHints":{"allow":["GET"]}}],"collection":[{"href":"https:\/\/www.therapmedic.com\/fr\/wp-json\/wp\/v2\/product"}],"about":[{"href":"https:\/\/www.therapmedic.com\/fr\/wp-json\/wp\/v2\/types\/product"}],"wp:featuredmedia":[{"embeddable":true,"href":"https:\/\/www.therapmedic.com\/fr\/wp-json\/wp\/v2\/media\/8737"}],"wp:attachment":[{"href":"https:\/\/www.therapmedic.com\/fr\/wp-json\/wp\/v2\/media?parent=3316"}],"wp:term":[{"taxonomy":"product_brand","embeddable":true,"href":"https:\/\/www.therapmedic.com\/fr\/wp-json\/wp\/v2\/product_brand?post=3316"},{"taxonomy":"product_cat","embeddable":true,"href":"https:\/\/www.therapmedic.com\/fr\/wp-json\/wp\/v2\/product_cat?post=3316"},{"taxonomy":"product_tag","embeddable":true,"href":"https:\/\/www.therapmedic.com\/fr\/wp-json\/wp\/v2\/product_tag?post=3316"}],"curies":[{"name":"wp","href":"https:\/\/api.w.org\/{rel}","templated":true}]}}