{"id":3313,"date":"2022-12-01T15:17:12","date_gmt":"2022-12-01T15:17:12","guid":{"rendered":"https:\/\/www.therapmedic.com\/product\/vitamin-b7\/"},"modified":"2023-11-28T17:22:34","modified_gmt":"2023-11-28T17:22:34","slug":"vitamin-b7","status":"publish","type":"product","link":"https:\/\/www.therapmedic.com\/fr\/produit\/vitamin-b7\/","title":{"rendered":"Vitamin B7"},"content":{"rendered":"<p><b><i>Vitamin<\/i><\/b><b><i> B7 <\/i><\/b>&#8211; Alivia os sintomas de pele seca. Pode ajudar no tratamento contra a queda de cabelo<\/p>\n<p>A <b><i>Vitamina B7 <\/i><\/b>alivia os sintomas de pele seca e pode levar \u00e0 perda de cabelo, a <b><i>Vitamina B7<\/i><\/b><b>\u00a0 <\/b>tamb\u00e9m conhecido como biotina, tem alta atividade anti-seborreica. Melhora a fun\u00e7\u00e3o de barreira natural da pele. A biotina, tamb\u00e9m conhecida como vitamina H, \u00e9 necess\u00e1ria para o crescimento celular, produ\u00e7\u00e3o de \u00e1cidos graxos e para metabolizar gorduras e amino\u00e1cidos. Influencia a composi\u00e7\u00e3o da queratina e promove a forma\u00e7\u00e3o de camadas lip\u00eddicas intercelulares atrav\u00e9s do aumento da s\u00edntese lip\u00eddica, o que melhora a fun\u00e7\u00e3o de barreira natural da pele e proporciona uma redu\u00e7\u00e3o distinta das rugas finas na pele (os processos corretos e eficientes de produ\u00e7\u00e3o de gordura s\u00e3o fundamentais para a sa\u00fade de todas as c\u00e9lulas).<\/p>\n<p><u><b>Apresenta\u00e7\u00e3o<\/b><\/u>: Caixa 5 viais de\u00a0 5 mL<\/p>\n<p>O pre\u00e7o apresentado \u00e9 por caixa de 5 frascos.<\/p>\n","protected":false},"excerpt":{"rendered":"<p>Vitamin B7 &#8211; Alivia os sintomas de pele seca. Pode ajudar no tratamento contra a queda de cabelo A Vitamina B7 alivia os sintomas de pele seca e pode levar \u00e0 perda de cabelo, a Vitamina B7\u00a0 tamb\u00e9m conhecido como biotina, tem alta atividade anti-seborreica. Melhora a fun\u00e7\u00e3o de barreira natural da pele. A biotina, [&hellip;]<\/p>\n","protected":false},"featured_media":2627,"template":"","meta":[],"product_brand":[],"product_cat":[664,1300,1333,1385,1398,1399,1400],"product_tag":[],"class_list":{"0":"post-3313","1":"product","2":"type-product","3":"status-publish","4":"has-post-thumbnail","6":"product_cat-uncategorized-fr","7":"product_cat-treatment-areas-vs-products-fr","8":"product_cat-mesotherapy-products-fr","9":"product_cat-hair-2-fr","10":"product_cat-hair-fr","11":"product_cat-dry-skin-fr","12":"product_cat-seborrhea-fr","14":"first","15":"instock","16":"taxable","17":"shipping-taxable","18":"purchasable","19":"product-type-simple"},"acf":{"short_name":""},"_links":{"self":[{"href":"https:\/\/www.therapmedic.com\/fr\/wp-json\/wp\/v2\/product\/3313","targetHints":{"allow":["GET"]}}],"collection":[{"href":"https:\/\/www.therapmedic.com\/fr\/wp-json\/wp\/v2\/product"}],"about":[{"href":"https:\/\/www.therapmedic.com\/fr\/wp-json\/wp\/v2\/types\/product"}],"wp:featuredmedia":[{"embeddable":true,"href":"https:\/\/www.therapmedic.com\/fr\/wp-json\/wp\/v2\/media\/2627"}],"wp:attachment":[{"href":"https:\/\/www.therapmedic.com\/fr\/wp-json\/wp\/v2\/media?parent=3313"}],"wp:term":[{"taxonomy":"product_brand","embeddable":true,"href":"https:\/\/www.therapmedic.com\/fr\/wp-json\/wp\/v2\/product_brand?post=3313"},{"taxonomy":"product_cat","embeddable":true,"href":"https:\/\/www.therapmedic.com\/fr\/wp-json\/wp\/v2\/product_cat?post=3313"},{"taxonomy":"product_tag","embeddable":true,"href":"https:\/\/www.therapmedic.com\/fr\/wp-json\/wp\/v2\/product_tag?post=3313"}],"curies":[{"name":"wp","href":"https:\/\/api.w.org\/{rel}","templated":true}]}}