{"id":3301,"date":"2022-12-01T15:49:09","date_gmt":"2022-12-01T15:49:09","guid":{"rendered":"https:\/\/www.therapmedic.com\/product\/miami-body\/"},"modified":"2023-11-28T15:47:25","modified_gmt":"2023-11-28T15:47:25","slug":"miami-body","status":"publish","type":"product","link":"https:\/\/www.therapmedic.com\/fr\/produit\/miami-body\/","title":{"rendered":"Miami Body"},"content":{"rendered":"<p><b><i>Miami Body<\/i><\/b> &#8211; Solu\u00e7\u00e3o anticelulite. Em tratamentos de emagrecimento. (\u00ab\u00a0queimador de gordura\u00a0\u00bb)<\/p>\n<p>Esta mesoterapia \u00e9 uma solu\u00e7\u00e3o anticelulite em tratamentos de emagrecimento menos agressiva que o <i>Thin<\/i><i> Body <\/i>por\u00e9m com tempo de tratamento maior.<\/p>\n<p>\u2018Celulite\u2019 ou \u2018lipodistrofia superficial\u2019 \u00e9 um aglomerado de gordura hipod\u00e9rmica e afeta 80-90% de todas as mulheres. Seu nome cient\u00edfico \u00e9 paniculopatia edematosa-fibro-esclerose. PEFS \u00e9 um aumento na espessura da hipoderme combinado com um aumento na espessura do pan\u00edculo dermo-hipod\u00e9rmico e um espessamento local excessivo do tecido adiposo superficial.<\/p>\n<p><u><b>Apresenta\u00e7\u00e3o<\/b><\/u>: Caixa 5 viais de\u00a0 5 mL<\/p>\n<p>O pre\u00e7o apresentado \u00e9 por caixa de 5 frascos.<\/p>\n","protected":false},"excerpt":{"rendered":"<p>Miami Body &#8211; Solu\u00e7\u00e3o anticelulite. Em tratamentos de emagrecimento. (\u00ab\u00a0queimador de gordura\u00a0\u00bb) Esta mesoterapia \u00e9 uma solu\u00e7\u00e3o anticelulite em tratamentos de emagrecimento menos agressiva que o Thin Body por\u00e9m com tempo de tratamento maior. \u2018Celulite\u2019 ou \u2018lipodistrofia superficial\u2019 \u00e9 um aglomerado de gordura hipod\u00e9rmica e afeta 80-90% de todas as mulheres. Seu nome cient\u00edfico \u00e9 [&hellip;]<\/p>\n","protected":false},"featured_media":2639,"template":"","meta":[],"product_brand":[],"product_cat":[1355,1357,1358,664,1360,1279,1363,1283,1383,1290,1300,1302,1303,1333,1345,1346,1348,1349,1350],"product_tag":[],"class_list":{"0":"post-3301","1":"product","2":"type-product","3":"status-publish","4":"has-post-thumbnail","6":"product_cat-double-chin-fr","7":"product_cat-cellulite-4-fr","8":"product_cat-cellulite-2-fr","9":"product_cat-uncategorized-fr","10":"product_cat-cellulite-fr","11":"product_cat-arms-fr","12":"product_cat-adiposity-on-the-buttocks-fr","13":"product_cat-body-fr","14":"product_cat-lipolytics-fr","15":"product_cat-face-fr","16":"product_cat-treatment-areas-vs-products-fr","17":"product_cat-buttocks-fr","18":"product_cat-legs-fr","19":"product_cat-mesotherapy-products-fr","20":"product_cat-localized-adiposity-fr","21":"product_cat-reshaping-of-the-silhouette-fr","22":"product_cat-adiposity-between-the-legs-fr","23":"product_cat-cellulite-3-fr","24":"product_cat-fat-on-the-forearm-fr","26":"first","27":"instock","28":"taxable","29":"shipping-taxable","30":"purchasable","31":"product-type-simple"},"acf":{"short_name":""},"_links":{"self":[{"href":"https:\/\/www.therapmedic.com\/fr\/wp-json\/wp\/v2\/product\/3301","targetHints":{"allow":["GET"]}}],"collection":[{"href":"https:\/\/www.therapmedic.com\/fr\/wp-json\/wp\/v2\/product"}],"about":[{"href":"https:\/\/www.therapmedic.com\/fr\/wp-json\/wp\/v2\/types\/product"}],"wp:featuredmedia":[{"embeddable":true,"href":"https:\/\/www.therapmedic.com\/fr\/wp-json\/wp\/v2\/media\/2639"}],"wp:attachment":[{"href":"https:\/\/www.therapmedic.com\/fr\/wp-json\/wp\/v2\/media?parent=3301"}],"wp:term":[{"taxonomy":"product_brand","embeddable":true,"href":"https:\/\/www.therapmedic.com\/fr\/wp-json\/wp\/v2\/product_brand?post=3301"},{"taxonomy":"product_cat","embeddable":true,"href":"https:\/\/www.therapmedic.com\/fr\/wp-json\/wp\/v2\/product_cat?post=3301"},{"taxonomy":"product_tag","embeddable":true,"href":"https:\/\/www.therapmedic.com\/fr\/wp-json\/wp\/v2\/product_tag?post=3301"}],"curies":[{"name":"wp","href":"https:\/\/api.w.org\/{rel}","templated":true}]}}