{"id":3298,"date":"2022-12-01T15:59:46","date_gmt":"2022-12-01T15:59:46","guid":{"rendered":"https:\/\/www.therapmedic.com\/product\/fat-preventor\/"},"modified":"2023-11-28T15:46:29","modified_gmt":"2023-11-28T15:46:29","slug":"fat-preventor","status":"publish","type":"product","link":"https:\/\/www.therapmedic.com\/fr\/produit\/fat-preventor\/","title":{"rendered":"Fat Preventor"},"content":{"rendered":"<p><b><i>Fat<\/i><\/b><b><i> preventor <\/i><\/b>&#8211; Remodela e define a forma do corpo. Solu\u00e7\u00e3o lipol\u00edtica. (\u00ab\u00a0queimador de gordura\u00a0\u00bb)<\/p>\n<p>Esta solu\u00e7\u00e3o de mesoterapia remodela define a forma do corpo. Com efeito \u201cqueimador de gordura\u201d.<\/p>\n<p><b><i>Fat<\/i><\/b><b><i> Preventor <\/i><\/b>\u00e9 uma solu\u00e7\u00e3o lipol\u00edtica projetada para emagrecer o corpo. Renova e define ativamente a forma do corpo. Esta solu\u00e7\u00e3o \u00e9 uma mistura especial de vitaminas, extratos vegetais e tamb\u00e9m elementos minerais que refor\u00e7am a microcircula\u00e7\u00e3o b\u00e1sica quando a lip\u00f3lise \u00e9 ativada. Solu\u00e7\u00e3o \u00e0 base de produtos com conhecida atividade lipol\u00edtica que atuam sinergicamente. <b><i>Fat<\/i><\/b><b><i> Preventor<\/i><\/b> atua como aumento da demanda de energia, (\u00ab\u00a0queimadores de gordura\u00a0\u00bb).<\/p>\n<p><u><b>Apresenta\u00e7\u00e3o<\/b><\/u>: caixa com 5 viais de 10 ml cada<\/p>\n<p>O pre\u00e7o apresentado \u00e9 por caixa de 5 frascos.<\/p>\n","protected":false},"excerpt":{"rendered":"<p>Fat preventor &#8211; Remodela e define a forma do corpo. Solu\u00e7\u00e3o lipol\u00edtica. (\u00ab\u00a0queimador de gordura\u00a0\u00bb) Esta solu\u00e7\u00e3o de mesoterapia remodela define a forma do corpo. Com efeito \u201cqueimador de gordura\u201d. Fat Preventor \u00e9 uma solu\u00e7\u00e3o lipol\u00edtica projetada para emagrecer o corpo. Renova e define ativamente a forma do corpo. Esta solu\u00e7\u00e3o \u00e9 uma mistura especial [&hellip;]<\/p>\n","protected":false},"featured_media":2642,"template":"","meta":[],"product_brand":[],"product_cat":[1333,1345,1346,1348,1349,1350,1355,1357,1358,664,1360,1279,1363,1283,1383,1290,1300,1302,1303],"product_tag":[],"class_list":{"0":"post-3298","1":"product","2":"type-product","3":"status-publish","4":"has-post-thumbnail","6":"product_cat-mesotherapy-products-fr","7":"product_cat-localized-adiposity-fr","8":"product_cat-reshaping-of-the-silhouette-fr","9":"product_cat-adiposity-between-the-legs-fr","10":"product_cat-cellulite-3-fr","11":"product_cat-fat-on-the-forearm-fr","12":"product_cat-double-chin-fr","13":"product_cat-cellulite-4-fr","14":"product_cat-cellulite-2-fr","15":"product_cat-uncategorized-fr","16":"product_cat-cellulite-fr","17":"product_cat-arms-fr","18":"product_cat-adiposity-on-the-buttocks-fr","19":"product_cat-body-fr","20":"product_cat-lipolytics-fr","21":"product_cat-face-fr","22":"product_cat-treatment-areas-vs-products-fr","23":"product_cat-buttocks-fr","24":"product_cat-legs-fr","26":"first","27":"instock","28":"taxable","29":"shipping-taxable","30":"purchasable","31":"product-type-simple"},"acf":{"short_name":""},"_links":{"self":[{"href":"https:\/\/www.therapmedic.com\/fr\/wp-json\/wp\/v2\/product\/3298","targetHints":{"allow":["GET"]}}],"collection":[{"href":"https:\/\/www.therapmedic.com\/fr\/wp-json\/wp\/v2\/product"}],"about":[{"href":"https:\/\/www.therapmedic.com\/fr\/wp-json\/wp\/v2\/types\/product"}],"wp:featuredmedia":[{"embeddable":true,"href":"https:\/\/www.therapmedic.com\/fr\/wp-json\/wp\/v2\/media\/2642"}],"wp:attachment":[{"href":"https:\/\/www.therapmedic.com\/fr\/wp-json\/wp\/v2\/media?parent=3298"}],"wp:term":[{"taxonomy":"product_brand","embeddable":true,"href":"https:\/\/www.therapmedic.com\/fr\/wp-json\/wp\/v2\/product_brand?post=3298"},{"taxonomy":"product_cat","embeddable":true,"href":"https:\/\/www.therapmedic.com\/fr\/wp-json\/wp\/v2\/product_cat?post=3298"},{"taxonomy":"product_tag","embeddable":true,"href":"https:\/\/www.therapmedic.com\/fr\/wp-json\/wp\/v2\/product_tag?post=3298"}],"curies":[{"name":"wp","href":"https:\/\/api.w.org\/{rel}","templated":true}]}}