{"id":3295,"date":"2022-12-01T17:31:08","date_gmt":"2022-12-01T17:31:08","guid":{"rendered":"https:\/\/www.therapmedic.com\/product\/stay-young\/"},"modified":"2026-03-16T17:16:06","modified_gmt":"2026-03-16T17:16:06","slug":"stay-young","status":"publish","type":"product","link":"https:\/\/www.therapmedic.com\/fr\/produit\/stay-young\/","title":{"rendered":"Stay Young"},"content":{"rendered":"<p><b><i>Stay<\/i><\/b> <b><i>young<\/i><\/b><b><i> \u2013 pack de rejuvenescimento profundo<\/i><\/b><\/p>\n<p>Baseado nos componentes dos produtos: Forever young, Mesolifting, Miami Skin, Hyaluronic acid nutrition e DMAE, a sequ\u00eancia destes vials pode ser \u00fatil nos tratamentos de anti-aging, reestrutura\u00e7\u00e3o da pele, tonifica\u00e7\u00e3o, anti-oxidantes e anti-radicais livres. Melhora a pequena hyper-pigmenta\u00e7\u00e3o e ajuda a unificar a luminosidade da pele.<\/p>\n<p>Apresenta\u00e7\u00e3o: caixa com viais numerados de 1 a 5 para serem aplicados semanalmente na sequ\u00eancia<\/p>\n<p>O pre\u00e7o apresentado \u00e9 por caixa com os 5 frascos sequenciais do tratamento.<\/p>\n","protected":false},"excerpt":{"rendered":"<p>Stay young \u2013 pack de rejuvenescimento profundo Baseado nos componentes dos produtos: Forever young, Mesolifting, Miami Skin, Hyaluronic acid nutrition e DMAE, a sequ\u00eancia destes vials pode ser \u00fatil nos tratamentos de anti-aging, reestrutura\u00e7\u00e3o da pele, tonifica\u00e7\u00e3o, anti-oxidantes e anti-radicais livres. Melhora a pequena hyper-pigmenta\u00e7\u00e3o e ajuda a unificar a luminosidade da pele. Apresenta\u00e7\u00e3o: caixa [&hellip;]<\/p>\n","protected":false},"featured_media":2645,"template":"","meta":[],"product_brand":[],"product_cat":[1291,1292,1296,1297,1300,1306,664,1308,1273,1316,1279,1317,1280,1319,1281,1333,1282,1390,1283,1285,1286,1290],"product_tag":[],"class_list":{"0":"post-3295","1":"product","2":"type-product","3":"status-publish","4":"has-post-thumbnail","6":"product_cat-aged-skin-fr","7":"product_cat-complete-facial-rejuvenation-fr","8":"product_cat-hands-fr","9":"product_cat-aged-skin-5-fr","10":"product_cat-treatment-areas-vs-products-fr","11":"product_cat-aged-skin-3-fr","12":"product_cat-uncategorized-fr","13":"product_cat-little-elasticity-3-fr","14":"product_cat-melasmas-brown-spots-2-fr","15":"product_cat-saggy-skin-5-fr","16":"product_cat-arms-fr","17":"product_cat-little-elasticity-2-fr","18":"product_cat-neck-fr","19":"product_cat-saggy-skin-2-fr","20":"product_cat-aged-skin-4-fr","21":"product_cat-mesotherapy-products-fr","22":"product_cat-aged-skin-2-fr","23":"product_cat-progressive-packs-fr","24":"product_cat-body-fr","25":"product_cat-dryness-dehydrated-skin-4-fr","26":"product_cat-neckline-fr","27":"product_cat-face-fr","29":"first","30":"instock","31":"taxable","32":"shipping-taxable","33":"purchasable","34":"product-type-simple"},"acf":{"short_name":""},"_links":{"self":[{"href":"https:\/\/www.therapmedic.com\/fr\/wp-json\/wp\/v2\/product\/3295","targetHints":{"allow":["GET"]}}],"collection":[{"href":"https:\/\/www.therapmedic.com\/fr\/wp-json\/wp\/v2\/product"}],"about":[{"href":"https:\/\/www.therapmedic.com\/fr\/wp-json\/wp\/v2\/types\/product"}],"wp:featuredmedia":[{"embeddable":true,"href":"https:\/\/www.therapmedic.com\/fr\/wp-json\/wp\/v2\/media\/2645"}],"wp:attachment":[{"href":"https:\/\/www.therapmedic.com\/fr\/wp-json\/wp\/v2\/media?parent=3295"}],"wp:term":[{"taxonomy":"product_brand","embeddable":true,"href":"https:\/\/www.therapmedic.com\/fr\/wp-json\/wp\/v2\/product_brand?post=3295"},{"taxonomy":"product_cat","embeddable":true,"href":"https:\/\/www.therapmedic.com\/fr\/wp-json\/wp\/v2\/product_cat?post=3295"},{"taxonomy":"product_tag","embeddable":true,"href":"https:\/\/www.therapmedic.com\/fr\/wp-json\/wp\/v2\/product_tag?post=3295"}],"curies":[{"name":"wp","href":"https:\/\/api.w.org\/{rel}","templated":true}]}}