{"id":3289,"date":"2022-12-01T18:12:36","date_gmt":"2022-12-01T18:12:36","guid":{"rendered":"https:\/\/www.therapmedic.com\/product\/full-skin\/"},"modified":"2023-11-29T11:12:18","modified_gmt":"2023-11-29T11:12:18","slug":"full-skin","status":"publish","type":"product","link":"https:\/\/www.therapmedic.com\/fr\/produit\/full-skin\/","title":{"rendered":"Full Skin"},"content":{"rendered":"<p><b><i>Full<\/i><\/b><b><i> Skin \u2013 pack tratamento de manchas castanhas na pele<\/i><\/b><\/p>\n<p>Esta formula\u00e7\u00e3o de produto baseia-se nos componentes do Revital Mix, Fitness Body, Vitamina C e Acido hialur\u00f3nico de nutri\u00e7\u00e3o, tendo 5 viais que, quando usados sequencialmente t\u00eam um efeitosin\u00e9rgico que ajuda a limitar a extens\u00e3o das manchas negras ou castanhas irregulares. Ajudar\u00e1 tamb\u00e9m a reduzir a apar\u00eancia de outros sinais de envelhecimento e unifica o tom da pele.<\/p>\n<p>Apresenta\u00e7\u00e3o: caixa com viais numerados de 1 a 5 para serem aplicados semanalmente na sequ\u00eancia<\/p>\n<p>O pre\u00e7o apresentado \u00e9 por caixa com os 5 frascos sequenciais do tratamento.<\/p>\n","protected":false},"excerpt":{"rendered":"<p>Full Skin \u2013 pack tratamento de manchas castanhas na pele Esta formula\u00e7\u00e3o de produto baseia-se nos componentes do Revital Mix, Fitness Body, Vitamina C e Acido hialur\u00f3nico de nutri\u00e7\u00e3o, tendo 5 viais que, quando usados sequencialmente t\u00eam um efeitosin\u00e9rgico que ajuda a limitar a extens\u00e3o das manchas negras ou castanhas irregulares. Ajudar\u00e1 tamb\u00e9m a reduzir [&hellip;]<\/p>\n","protected":false},"featured_media":2651,"template":"","meta":[],"product_brand":[],"product_cat":[1270,1327,1271,1329,1275,1331,1279,1333,1280,1339,1283,1341,1286,1390,1290,1296,1300,1302,1303,664,1306,1265,1308,1267,1317,1269,1323],"product_tag":[],"class_list":{"0":"post-3289","1":"product","2":"type-product","3":"status-publish","4":"has-post-thumbnail","6":"product_cat-melasmas-brown-spots-6-fr","7":"product_cat-saggy-skin-6-fr","8":"product_cat-melasmas-brown-spots-fr","9":"product_cat-melasmas-brown-spots-hyperpigmentation-fr","10":"product_cat-melasmas-brown-spots-4-fr","11":"product_cat-skin-whitening-fr","12":"product_cat-arms-fr","13":"product_cat-mesotherapy-products-fr","14":"product_cat-neck-fr","15":"product_cat-different-skin-tones-fr","16":"product_cat-body-fr","17":"product_cat-different-skin-tones-2-fr","18":"product_cat-neckline-fr","19":"product_cat-progressive-packs-fr","20":"product_cat-face-fr","21":"product_cat-hands-fr","22":"product_cat-treatment-areas-vs-products-fr","23":"product_cat-buttocks-fr","24":"product_cat-legs-fr","25":"product_cat-uncategorized-fr","26":"product_cat-aged-skin-3-fr","27":"product_cat-melasmas-brown-spots-3-fr","28":"product_cat-little-elasticity-3-fr","29":"product_cat-melasmas-brown-spots-7-fr","30":"product_cat-little-elasticity-2-fr","31":"product_cat-melasmas-brown-spots-5-fr","32":"product_cat-open-pores-fr","34":"first","35":"instock","36":"taxable","37":"shipping-taxable","38":"purchasable","39":"product-type-simple"},"acf":{"short_name":""},"_links":{"self":[{"href":"https:\/\/www.therapmedic.com\/fr\/wp-json\/wp\/v2\/product\/3289","targetHints":{"allow":["GET"]}}],"collection":[{"href":"https:\/\/www.therapmedic.com\/fr\/wp-json\/wp\/v2\/product"}],"about":[{"href":"https:\/\/www.therapmedic.com\/fr\/wp-json\/wp\/v2\/types\/product"}],"wp:featuredmedia":[{"embeddable":true,"href":"https:\/\/www.therapmedic.com\/fr\/wp-json\/wp\/v2\/media\/2651"}],"wp:attachment":[{"href":"https:\/\/www.therapmedic.com\/fr\/wp-json\/wp\/v2\/media?parent=3289"}],"wp:term":[{"taxonomy":"product_brand","embeddable":true,"href":"https:\/\/www.therapmedic.com\/fr\/wp-json\/wp\/v2\/product_brand?post=3289"},{"taxonomy":"product_cat","embeddable":true,"href":"https:\/\/www.therapmedic.com\/fr\/wp-json\/wp\/v2\/product_cat?post=3289"},{"taxonomy":"product_tag","embeddable":true,"href":"https:\/\/www.therapmedic.com\/fr\/wp-json\/wp\/v2\/product_tag?post=3289"}],"curies":[{"name":"wp","href":"https:\/\/api.w.org\/{rel}","templated":true}]}}