{"id":3283,"date":"2022-12-01T18:51:05","date_gmt":"2022-12-01T18:51:05","guid":{"rendered":"https:\/\/www.therapmedic.com\/product\/more-hair\/"},"modified":"2023-11-29T11:10:24","modified_gmt":"2023-11-29T11:10:24","slug":"more-hair","status":"publish","type":"product","link":"https:\/\/www.therapmedic.com\/fr\/produit\/more-hair\/","title":{"rendered":"More Hair"},"content":{"rendered":"<p><b><i>More <\/i><\/b><b><i>Hair<\/i><\/b><b><i> \u2013 pack tratamento para fazer crescer mais cabelo e mais saud\u00e1vel<\/i><\/b><\/p>\n<p>Este Kit especial baseia-se na nossa experi\u00eancia no uso do produto Alopecia General em tratamentos de perda de cabelo. Os diferentes activos sequencialmente formulados devem ser usados para combater a\u00a0perda de cabelo que ainda n\u00e3o atingiram o est\u00e1gio irrevers\u00edvel de alop\u00e9cia, ou seja, quando ainda ret\u00eam as ra\u00edzes dos cabelos a serem revitalizados.<\/p>\n<p>Apresenta\u00e7\u00e3o: caixa com viais numerados de 1 a 5 para serem aplicados semanalmente na sequ\u00eancia<\/p>\n<p>O pre\u00e7o apresentado \u00e9 por caixa com os 5 frascos sequenciais do tratamento.<\/p>\n","protected":false},"excerpt":{"rendered":"<p>More Hair \u2013 pack tratamento para fazer crescer mais cabelo e mais saud\u00e1vel Este Kit especial baseia-se na nossa experi\u00eancia no uso do produto Alopecia General em tratamentos de perda de cabelo. Os diferentes activos sequencialmente formulados devem ser usados para combater a\u00a0perda de cabelo que ainda n\u00e3o atingiram o est\u00e1gio irrevers\u00edvel de alop\u00e9cia, ou [&hellip;]<\/p>\n","protected":false},"featured_media":2657,"template":"","meta":[],"product_brand":[],"product_cat":[1393,664,1333,1385,1390,1391,1392],"product_tag":[],"class_list":{"0":"post-3283","1":"product","2":"type-product","3":"status-publish","4":"has-post-thumbnail","6":"product_cat-greasy-hair-fr","7":"product_cat-uncategorized-fr","8":"product_cat-mesotherapy-products-fr","9":"product_cat-hair-2-fr","10":"product_cat-progressive-packs-fr","11":"product_cat-strengthening-of-the-hair-follicle-fr","12":"product_cat-weak-and-thin-hair-fr","14":"first","15":"instock","16":"taxable","17":"shipping-taxable","18":"purchasable","19":"product-type-simple"},"acf":{"short_name":""},"_links":{"self":[{"href":"https:\/\/www.therapmedic.com\/fr\/wp-json\/wp\/v2\/product\/3283","targetHints":{"allow":["GET"]}}],"collection":[{"href":"https:\/\/www.therapmedic.com\/fr\/wp-json\/wp\/v2\/product"}],"about":[{"href":"https:\/\/www.therapmedic.com\/fr\/wp-json\/wp\/v2\/types\/product"}],"wp:featuredmedia":[{"embeddable":true,"href":"https:\/\/www.therapmedic.com\/fr\/wp-json\/wp\/v2\/media\/2657"}],"wp:attachment":[{"href":"https:\/\/www.therapmedic.com\/fr\/wp-json\/wp\/v2\/media?parent=3283"}],"wp:term":[{"taxonomy":"product_brand","embeddable":true,"href":"https:\/\/www.therapmedic.com\/fr\/wp-json\/wp\/v2\/product_brand?post=3283"},{"taxonomy":"product_cat","embeddable":true,"href":"https:\/\/www.therapmedic.com\/fr\/wp-json\/wp\/v2\/product_cat?post=3283"},{"taxonomy":"product_tag","embeddable":true,"href":"https:\/\/www.therapmedic.com\/fr\/wp-json\/wp\/v2\/product_tag?post=3283"}],"curies":[{"name":"wp","href":"https:\/\/api.w.org\/{rel}","templated":true}]}}