{"id":3274,"date":"2022-12-01T19:44:17","date_gmt":"2022-12-01T19:44:17","guid":{"rendered":"https:\/\/www.therapmedic.com\/product\/muraxin-gold\/"},"modified":"2023-11-29T11:02:07","modified_gmt":"2023-11-29T11:02:07","slug":"muraxin-gold","status":"publish","type":"product","link":"https:\/\/www.therapmedic.com\/fr\/produit\/muraxin-gold\/","title":{"rendered":"Muraxin Gold"},"content":{"rendered":"<p><b><i>Muraxin<\/i><\/b><b><i> Gold <\/i><\/b><b>&#8211;\u00a0 Substituto da Toxina <\/b><b>Botulinica<\/b><b> e pode ser aplicado por profissionais tamb\u00e9m com <\/b><b>Dermapen<\/b><b> ou <\/b><b>Dermaroll<\/b><b>, por exemplo<\/b><\/p>\n<p>Inspirado no tratamento com toxina Botulinica, <b><i>Muraxin<\/i><\/b><b><i> Gold <\/i><\/b>combina ingredientes para alcan\u00e7ar um efeito n\u00e3o t\u00f3xico da toxina botul\u00ednica (ex: Botox). Ele ir\u00e1 reduzir e prevenir linhas emocionais ao inibir as contra\u00e7\u00f5es musculares (via SNAP-25, um substrato da toxina botul\u00ednica e o competidor syn-AKE dos receptores de acteil colina) e, ao mesmo tempo, ir\u00e1 induzir a s\u00edntese e aumentar a atividade das enzimas envolvidas na cura, levando ao aumento da s\u00edntese de col\u00e1geno e outras mol\u00e9culas da pele (por meio da imita\u00e7\u00e3o de matrikines).<\/p>\n<p>O poder dosPeptideos napreven\u00e7\u00e3o e repara\u00e7\u00e3o de rugas faciais, pesco\u00e7o e decote.<\/p>\n<p>Apresenta\u00e7\u00e3o: Caixa de 5 conjuntos (vial de p\u00f3 e respetivo solvente)<\/p>\n<p>O pre\u00e7o apresentado \u00e9 por conjunto frasco de p\u00f3 + solvente espec\u00edfico.<\/p>\n","protected":false},"excerpt":{"rendered":"<p>Muraxin Gold &#8211;\u00a0 Substituto da Toxina Botulinica e pode ser aplicado por profissionais tamb\u00e9m com Dermapen ou Dermaroll, por exemplo Inspirado no tratamento com toxina Botulinica, Muraxin Gold combina ingredientes para alcan\u00e7ar um efeito n\u00e3o t\u00f3xico da toxina botul\u00ednica (ex: Botox). Ele ir\u00e1 reduzir e prevenir linhas emocionais ao inibir as contra\u00e7\u00f5es musculares (via SNAP-25, [&hellip;]<\/p>\n","protected":false},"featured_media":2666,"template":"","meta":[],"product_brand":[],"product_cat":[1300,1333,1337,1356,1382,664,1272,1274,1280,1286,1290],"product_tag":[],"class_list":{"0":"post-3274","1":"product","2":"type-product","3":"status-publish","4":"has-post-thumbnail","6":"product_cat-treatment-areas-vs-products-fr","7":"product_cat-mesotherapy-products-fr","8":"product_cat-deep-wrinkles-fr","9":"product_cat-forehead-wrinkles-fr","10":"product_cat-biomimetic-products-fr","11":"product_cat-uncategorized-fr","12":"product_cat-wrinkles-fr","13":"product_cat-wrinkles-2-fr","14":"product_cat-neck-fr","15":"product_cat-neckline-fr","16":"product_cat-face-fr","18":"first","19":"instock","20":"taxable","21":"shipping-taxable","22":"purchasable","23":"product-type-simple"},"acf":{"short_name":""},"_links":{"self":[{"href":"https:\/\/www.therapmedic.com\/fr\/wp-json\/wp\/v2\/product\/3274","targetHints":{"allow":["GET"]}}],"collection":[{"href":"https:\/\/www.therapmedic.com\/fr\/wp-json\/wp\/v2\/product"}],"about":[{"href":"https:\/\/www.therapmedic.com\/fr\/wp-json\/wp\/v2\/types\/product"}],"wp:featuredmedia":[{"embeddable":true,"href":"https:\/\/www.therapmedic.com\/fr\/wp-json\/wp\/v2\/media\/2666"}],"wp:attachment":[{"href":"https:\/\/www.therapmedic.com\/fr\/wp-json\/wp\/v2\/media?parent=3274"}],"wp:term":[{"taxonomy":"product_brand","embeddable":true,"href":"https:\/\/www.therapmedic.com\/fr\/wp-json\/wp\/v2\/product_brand?post=3274"},{"taxonomy":"product_cat","embeddable":true,"href":"https:\/\/www.therapmedic.com\/fr\/wp-json\/wp\/v2\/product_cat?post=3274"},{"taxonomy":"product_tag","embeddable":true,"href":"https:\/\/www.therapmedic.com\/fr\/wp-json\/wp\/v2\/product_tag?post=3274"}],"curies":[{"name":"wp","href":"https:\/\/api.w.org\/{rel}","templated":true}]}}