{"id":3267,"date":"2022-12-01T19:58:13","date_gmt":"2022-12-01T19:58:13","guid":{"rendered":"https:\/\/www.therapmedic.com\/product\/golden-fitness\/"},"modified":"2023-11-29T11:06:32","modified_gmt":"2023-11-29T11:06:32","slug":"golden-fitness","status":"publish","type":"product","link":"https:\/\/www.therapmedic.com\/fr\/produit\/golden-fitness\/","title":{"rendered":"Golden Fitness"},"content":{"rendered":"<p><b>Golden Fitness &#8211;\u00a0 tratamento contra a oxida\u00e7\u00e3o das c\u00e9lulas<\/b><\/p>\n<p>Para pacientes com pele cinza devido \u00e0 polui\u00e7\u00e3o, fumo e polui\u00e7\u00e3o. Golden Fitness cont\u00e9m poderosos antioxidantes que iluminam a pele desintoxicando-a. A pele recupera o seu tom natural e aspecto saud\u00e1vel. Tamb\u00e9m para pessoas com alta atividade f\u00edsica que produzem muitos oxidantes envelhecendo prematuramente.<\/p>\n<p>O poder dos peptideos na desintoxida\u00e7\u00e3o das c\u00e9lulas (Para as c\u00e9lulas se reproduzirem n\u00e3o pode haver oxida\u00e7\u00e3o das mesmas).<\/p>\n<p>Apresenta\u00e7\u00e3o: Caixa de 5 conjuntos (vial de p\u00f3 e respetivo solvente)<\/p>\n<p>O pre\u00e7o apresentado \u00e9 por conjunto frasco de p\u00f3 + solvente espec\u00edfico.<\/p>\n","protected":false},"excerpt":{"rendered":"<p>Golden Fitness &#8211;\u00a0 tratamento contra a oxida\u00e7\u00e3o das c\u00e9lulas Para pacientes com pele cinza devido \u00e0 polui\u00e7\u00e3o, fumo e polui\u00e7\u00e3o. Golden Fitness cont\u00e9m poderosos antioxidantes que iluminam a pele desintoxicando-a. A pele recupera o seu tom natural e aspecto saud\u00e1vel. Tamb\u00e9m para pessoas com alta atividade f\u00edsica que produzem muitos oxidantes envelhecendo prematuramente. O poder [&hellip;]<\/p>\n","protected":false},"featured_media":2672,"template":"","meta":[],"product_brand":[],"product_cat":[1267,1325,1269,1326,1270,1327,1271,1329,1275,1333,1279,1339,1280,1341,1283,1347,1290,1351,1296,1382,1300,1384,1302,1303,1304,664,1307,1265,1318],"product_tag":[],"class_list":{"0":"post-3267","1":"product","2":"type-product","3":"status-publish","4":"has-post-thumbnail","6":"product_cat-melasmas-brown-spots-7-fr","7":"product_cat-strech-marks-fr","8":"product_cat-melasmas-brown-spots-5-fr","9":"product_cat-stretch-marks-on-buttocks-fr","10":"product_cat-melasmas-brown-spots-6-fr","11":"product_cat-saggy-skin-6-fr","12":"product_cat-melasmas-brown-spots-fr","13":"product_cat-melasmas-brown-spots-hyperpigmentation-fr","14":"product_cat-melasmas-brown-spots-4-fr","15":"product_cat-mesotherapy-products-fr","16":"product_cat-arms-fr","17":"product_cat-different-skin-tones-fr","18":"product_cat-neck-fr","19":"product_cat-different-skin-tones-2-fr","20":"product_cat-body-fr","21":"product_cat-buttocks-toning-fr","22":"product_cat-face-fr","23":"product_cat-improve-facial-contour-fr","24":"product_cat-hands-fr","25":"product_cat-biomimetic-products-fr","26":"product_cat-treatment-areas-vs-products-fr","27":"product_cat-buttock-augmentation-fr","28":"product_cat-buttocks-fr","29":"product_cat-legs-fr","30":"product_cat-flabby-and-saggy-buttocks-fr","31":"product_cat-uncategorized-fr","32":"product_cat-saggy-skin-8-fr","33":"product_cat-melasmas-brown-spots-3-fr","34":"product_cat-saggy-skin-4-fr","36":"first","37":"instock","38":"taxable","39":"shipping-taxable","40":"purchasable","41":"product-type-simple"},"acf":{"short_name":""},"_links":{"self":[{"href":"https:\/\/www.therapmedic.com\/fr\/wp-json\/wp\/v2\/product\/3267","targetHints":{"allow":["GET"]}}],"collection":[{"href":"https:\/\/www.therapmedic.com\/fr\/wp-json\/wp\/v2\/product"}],"about":[{"href":"https:\/\/www.therapmedic.com\/fr\/wp-json\/wp\/v2\/types\/product"}],"wp:featuredmedia":[{"embeddable":true,"href":"https:\/\/www.therapmedic.com\/fr\/wp-json\/wp\/v2\/media\/2672"}],"wp:attachment":[{"href":"https:\/\/www.therapmedic.com\/fr\/wp-json\/wp\/v2\/media?parent=3267"}],"wp:term":[{"taxonomy":"product_brand","embeddable":true,"href":"https:\/\/www.therapmedic.com\/fr\/wp-json\/wp\/v2\/product_brand?post=3267"},{"taxonomy":"product_cat","embeddable":true,"href":"https:\/\/www.therapmedic.com\/fr\/wp-json\/wp\/v2\/product_cat?post=3267"},{"taxonomy":"product_tag","embeddable":true,"href":"https:\/\/www.therapmedic.com\/fr\/wp-json\/wp\/v2\/product_tag?post=3267"}],"curies":[{"name":"wp","href":"https:\/\/api.w.org\/{rel}","templated":true}]}}