{"id":3247,"date":"2022-12-16T13:53:43","date_gmt":"2022-12-16T13:53:43","guid":{"rendered":"https:\/\/www.therapmedic.com\/product\/super-diode-laser-active-spirit-918\/"},"modified":"2024-01-01T00:00:30","modified_gmt":"2024-01-01T00:00:30","slug":"super-diode-laser-active-spirit-918","status":"publish","type":"product","link":"https:\/\/www.therapmedic.com\/fr\/produit\/super-diode-laser-active-spirit-918\/","title":{"rendered":"Super Diode Laser &#8211; Active Spirit 918"},"content":{"rendered":"<p><b>Active <\/b><b>Spirit<\/b><b> 918 <\/b>\u2013 A inovadora m\u00e1quina a laser de diodo para remo\u00e7\u00e3o de p\u00ealos e n\u00e3o s\u00f3<\/p>\n<p>Active Spirit 918 diode laser \u00e9 o primeiro produto a utilizar o m\u00e9todo ACS-Laser, um protocolo de tratamento exclusivo, desenvolvido pela Active Optical Systems (AOS) e que oferece um avan\u00e7o na seguran\u00e7a e efici\u00eancia da depila\u00e7\u00e3o. Com os protocolos devidos pode tamb\u00e9m fazer todos os outros tratamentos que os IPL fazem.<\/p>\n<p><b>A tecnologia<\/b><\/p>\n<p>O SPT-Laser, tecnologia desenvolvida pela Active controla o padr\u00e3o de pulso, de acordo com par\u00e2metros cl\u00ednicos pr\u00e9-selecionados como cor da pele, tratamento selecionado, fotossensibilidade, di\u00e2metro m\u00e9dio da fibra capilar e densidade capilar.<\/p>\n<p>O protocolo de tratamento e o padr\u00e3o de pulsos levam em considera\u00e7\u00e3o o TRT (Tempo de Relaxamento T\u00e9rmico), que \u00e9 o tempo que leva para dispersar o calor excessivo do tecido, os resultados de milhares de tratamentos feitos ao longo dos anos e os resultados cumulativos de pesquisas cl\u00ednicas realizadas a fim de verificar os resultados.<\/p>\n<p>Em compara\u00e7\u00e3o com outros lasers, o Spirit &#8211; 918 da Active utiliza diodos de laser aprimorados, capazes de produzir um feixe poderoso com alta intensidade devido \u00e0 concentra\u00e7\u00e3o de energia em pulsos curtos.<\/p>\n<p>&nbsp;<\/p>\n","protected":false},"excerpt":{"rendered":"<p>Active Spirit 918 \u2013 A inovadora m\u00e1quina a laser de diodo para remo\u00e7\u00e3o de p\u00ealos e n\u00e3o s\u00f3 Active Spirit 918 diode laser \u00e9 o primeiro produto a utilizar o m\u00e9todo ACS-Laser, um protocolo de tratamento exclusivo, desenvolvido pela Active Optical Systems (AOS) e que oferece um avan\u00e7o na seguran\u00e7a e efici\u00eancia da depila\u00e7\u00e3o. Com [&hellip;]<\/p>\n","protected":false},"featured_media":2744,"template":"","meta":[],"product_brand":[],"product_cat":[1280,1308,1356,1281,1309,1359,664,1282,1310,1365,925,1283,1311,1366,928,1286,1312,1367,1100,1290,1313,1368,1265,1291,1315,1369,1267,1292,1316,1370,1269,1296,1317,1371,1270,1297,1318,1372,1271,1300,1319,1373,1272,1302,1323,1374,1273,1303,1327,1375,1274,1305,1329,1381,1275,1306,1337,1279,1307,1343],"product_tag":[],"class_list":{"0":"post-3247","1":"product","2":"type-product","3":"status-publish","4":"has-post-thumbnail","6":"product_cat-neck-fr","7":"product_cat-little-elasticity-3-fr","8":"product_cat-forehead-wrinkles-fr","9":"product_cat-aged-skin-4-fr","10":"product_cat-little-elasticity-fr","11":"product_cat-little-elasticity-4-fr","12":"product_cat-uncategorized-fr","13":"product_cat-aged-skin-2-fr","14":"product_cat-saggy-skin-3-fr","15":"product_cat-spider-veins-fr","16":"product_cat-equipment-fr","17":"product_cat-body-fr","18":"product_cat-saggy-skin-fr","19":"product_cat-unwanted-hair-removal-fr","20":"product_cat-diode-laser-fr-2","21":"product_cat-neckline-fr","22":"product_cat-little-elasticity-5-fr","23":"product_cat-unwanted-hair-fr","24":"product_cat-acne-fr","25":"product_cat-face-fr","26":"product_cat-wrinkles-3-fr","27":"product_cat-feet-fr","28":"product_cat-melasmas-brown-spots-3-fr","29":"product_cat-aged-skin-fr","30":"product_cat-saggy-skin-7-fr","31":"product_cat-varicose-veins-fr","32":"product_cat-melasmas-brown-spots-7-fr","33":"product_cat-complete-facial-rejuvenation-fr","34":"product_cat-saggy-skin-5-fr","35":"product_cat-fungus-fr","36":"product_cat-melasmas-brown-spots-5-fr","37":"product_cat-hands-fr","38":"product_cat-little-elasticity-2-fr","39":"product_cat-nails-fr","40":"product_cat-melasmas-brown-spots-6-fr","41":"product_cat-aged-skin-5-fr","42":"product_cat-saggy-skin-4-fr","43":"product_cat-fungus-2-fr","44":"product_cat-melasmas-brown-spots-fr","45":"product_cat-treatment-areas-vs-products-fr","46":"product_cat-saggy-skin-2-fr","47":"product_cat-intimate-areas-2-fr","48":"product_cat-wrinkles-fr","49":"product_cat-buttocks-fr","50":"product_cat-open-pores-fr","51":"product_cat-hyper-pigmentation-fr","52":"product_cat-melasmas-brown-spots-2-fr","53":"product_cat-legs-fr","54":"product_cat-saggy-skin-6-fr","55":"product_cat-rejuvenate-and-brighten-the-skin-of-delicate-areas-2-fr","56":"product_cat-wrinkles-2-fr","57":"product_cat-little-elasticity-6-fr","58":"product_cat-melasmas-brown-spots-hyperpigmentation-fr","59":"product_cat-tatoos-fr","60":"product_cat-melasmas-brown-spots-4-fr","61":"product_cat-aged-skin-3-fr","62":"product_cat-deep-wrinkles-fr","63":"product_cat-arms-fr","64":"product_cat-saggy-skin-8-fr","65":"product_cat-facial-skin-stretching-lifting-fr","67":"first","68":"instock","69":"taxable","70":"shipping-taxable","71":"purchasable","72":"product-type-simple"},"acf":{"short_name":""},"_links":{"self":[{"href":"https:\/\/www.therapmedic.com\/fr\/wp-json\/wp\/v2\/product\/3247","targetHints":{"allow":["GET"]}}],"collection":[{"href":"https:\/\/www.therapmedic.com\/fr\/wp-json\/wp\/v2\/product"}],"about":[{"href":"https:\/\/www.therapmedic.com\/fr\/wp-json\/wp\/v2\/types\/product"}],"wp:featuredmedia":[{"embeddable":true,"href":"https:\/\/www.therapmedic.com\/fr\/wp-json\/wp\/v2\/media\/2744"}],"wp:attachment":[{"href":"https:\/\/www.therapmedic.com\/fr\/wp-json\/wp\/v2\/media?parent=3247"}],"wp:term":[{"taxonomy":"product_brand","embeddable":true,"href":"https:\/\/www.therapmedic.com\/fr\/wp-json\/wp\/v2\/product_brand?post=3247"},{"taxonomy":"product_cat","embeddable":true,"href":"https:\/\/www.therapmedic.com\/fr\/wp-json\/wp\/v2\/product_cat?post=3247"},{"taxonomy":"product_tag","embeddable":true,"href":"https:\/\/www.therapmedic.com\/fr\/wp-json\/wp\/v2\/product_tag?post=3247"}],"curies":[{"name":"wp","href":"https:\/\/api.w.org\/{rel}","templated":true}]}}