{"id":3244,"date":"2022-12-16T14:41:42","date_gmt":"2022-12-16T14:41:42","guid":{"rendered":"https:\/\/www.therapmedic.com\/product\/phoenix-mini-diode-laser-com-nano-tecnologia\/"},"modified":"2024-05-01T00:00:37","modified_gmt":"2024-05-01T00:00:37","slug":"phoenix-mini-diode-laser-com-nano-tecnologia","status":"publish","type":"product","link":"https:\/\/www.therapmedic.com\/fr\/produit\/phoenix-mini-diode-laser-com-nano-tecnologia\/","title":{"rendered":"Phoenix &#8211; Diodo Laser com Nano tecnologia"},"content":{"rendered":"<p><b>TherapDerma<\/b><b> Phoenix <\/b><b>Diode<\/b><b> Laser<\/b><\/p>\n<p>A nano tecnologia \u00e9 o uso de mat\u00e9ria mas escalas molecular e supramolecular at\u00f3mica para fins industriais. Isto significa que a eletr\u00f3nica, por exemplo, pode ser produzida em componentes muito pequenos, levando a equipamentos de dimens\u00f5es muito reduzidas mas com performance equivalente \u00e0s conhecidas grandes m\u00e1quinas. Isto quer dizer, por exemplo, que este equipamento de Diode Laser, em vez do normal 120cm de altura x 50cm de largura x 50 de profundidade\u00a0na verdade \u00e9 t\u00e3o pequeno como 25cm x 25,3cm x 8,2cm por\u00e9m tem efic\u00e1cia t\u00e3o boa ou melhor do que a dos grandes equipamentos at\u00e9 porque esta \u00e9 a tecnologia mais avan\u00e7ada do mundo.<\/p>\n<p>Isto significa mais portabilidade, menos consumo de energia, mais funcionalidade, mais praticidade, menos espa\u00e7o para resultados excelentes. Com isto pode ter mais espa\u00e7o na sua cabina e mover o equipamento melhor nos seus tratamentos.<\/p>\n","protected":false},"excerpt":{"rendered":"<p>TherapDerma Phoenix Diode Laser A nano tecnologia \u00e9 o uso de mat\u00e9ria mas escalas molecular e supramolecular at\u00f3mica para fins industriais. Isto significa que a eletr\u00f3nica, por exemplo, pode ser produzida em componentes muito pequenos, levando a equipamentos de dimens\u00f5es muito reduzidas mas com performance equivalente \u00e0s conhecidas grandes m\u00e1quinas. Isto quer dizer, por exemplo, [&hellip;]<\/p>\n","protected":false},"featured_media":2813,"template":"","meta":[],"product_brand":[],"product_cat":[1279,1307,1345,1381,1280,1308,1347,1281,1309,1356,1282,1310,1359,1283,1311,1365,1286,1312,1366,1290,1313,1367,664,1291,1315,1368,928,1292,1316,1369,1100,1296,1318,1370,1267,1297,1319,1371,1269,1300,1329,1372,1270,1302,1331,1373,1271,1303,1337,1374,1273,1305,1341,1375,1275,1306,1343,1376],"product_tag":[],"class_list":{"0":"post-3244","1":"product","2":"type-product","3":"status-publish","4":"has-post-thumbnail","6":"product_cat-arms-fr","7":"product_cat-saggy-skin-8-fr","8":"product_cat-localized-adiposity-fr","9":"product_cat-tatoos-fr","10":"product_cat-neck-fr","11":"product_cat-little-elasticity-3-fr","12":"product_cat-buttocks-toning-fr","13":"product_cat-aged-skin-4-fr","14":"product_cat-little-elasticity-fr","15":"product_cat-forehead-wrinkles-fr","16":"product_cat-aged-skin-2-fr","17":"product_cat-saggy-skin-3-fr","18":"product_cat-little-elasticity-4-fr","19":"product_cat-body-fr","20":"product_cat-saggy-skin-fr","21":"product_cat-spider-veins-fr","22":"product_cat-neckline-fr","23":"product_cat-little-elasticity-5-fr","24":"product_cat-unwanted-hair-removal-fr","25":"product_cat-face-fr","26":"product_cat-wrinkles-3-fr","27":"product_cat-unwanted-hair-fr","28":"product_cat-uncategorized-fr","29":"product_cat-aged-skin-fr","30":"product_cat-saggy-skin-7-fr","31":"product_cat-feet-fr","32":"product_cat-diode-laser-fr-2","33":"product_cat-complete-facial-rejuvenation-fr","34":"product_cat-saggy-skin-5-fr","35":"product_cat-varicose-veins-fr","36":"product_cat-acne-fr","37":"product_cat-hands-fr","38":"product_cat-saggy-skin-4-fr","39":"product_cat-fungus-fr","40":"product_cat-melasmas-brown-spots-7-fr","41":"product_cat-aged-skin-5-fr","42":"product_cat-saggy-skin-2-fr","43":"product_cat-nails-fr","44":"product_cat-melasmas-brown-spots-5-fr","45":"product_cat-treatment-areas-vs-products-fr","46":"product_cat-melasmas-brown-spots-hyperpigmentation-fr","47":"product_cat-fungus-2-fr","48":"product_cat-melasmas-brown-spots-6-fr","49":"product_cat-buttocks-fr","50":"product_cat-skin-whitening-fr","51":"product_cat-intimate-areas-2-fr","52":"product_cat-melasmas-brown-spots-fr","53":"product_cat-legs-fr","54":"product_cat-deep-wrinkles-fr","55":"product_cat-hyper-pigmentation-fr","56":"product_cat-melasmas-brown-spots-2-fr","57":"product_cat-little-elasticity-6-fr","58":"product_cat-different-skin-tones-2-fr","59":"product_cat-rejuvenate-and-brighten-the-skin-of-delicate-areas-2-fr","60":"product_cat-melasmas-brown-spots-4-fr","61":"product_cat-aged-skin-3-fr","62":"product_cat-facial-skin-stretching-lifting-fr","63":"product_cat-whitening-2-fr","65":"first","66":"instock","67":"taxable","68":"shipping-taxable","69":"purchasable","70":"product-type-simple"},"acf":{"short_name":""},"_links":{"self":[{"href":"https:\/\/www.therapmedic.com\/fr\/wp-json\/wp\/v2\/product\/3244","targetHints":{"allow":["GET"]}}],"collection":[{"href":"https:\/\/www.therapmedic.com\/fr\/wp-json\/wp\/v2\/product"}],"about":[{"href":"https:\/\/www.therapmedic.com\/fr\/wp-json\/wp\/v2\/types\/product"}],"wp:featuredmedia":[{"embeddable":true,"href":"https:\/\/www.therapmedic.com\/fr\/wp-json\/wp\/v2\/media\/2813"}],"wp:attachment":[{"href":"https:\/\/www.therapmedic.com\/fr\/wp-json\/wp\/v2\/media?parent=3244"}],"wp:term":[{"taxonomy":"product_brand","embeddable":true,"href":"https:\/\/www.therapmedic.com\/fr\/wp-json\/wp\/v2\/product_brand?post=3244"},{"taxonomy":"product_cat","embeddable":true,"href":"https:\/\/www.therapmedic.com\/fr\/wp-json\/wp\/v2\/product_cat?post=3244"},{"taxonomy":"product_tag","embeddable":true,"href":"https:\/\/www.therapmedic.com\/fr\/wp-json\/wp\/v2\/product_tag?post=3244"}],"curies":[{"name":"wp","href":"https:\/\/api.w.org\/{rel}","templated":true}]}}