{"id":3241,"date":"2022-12-17T11:31:47","date_gmt":"2022-12-17T11:31:47","guid":{"rendered":"https:\/\/www.therapmedic.com\/product\/eleganza-multifuncional-com-cavitacao-radio-frequencia-lipo-laser-e-vacuo-para-cara-e-corpo\/"},"modified":"2024-05-01T00:00:34","modified_gmt":"2024-05-01T00:00:34","slug":"eleganza-multifuncional-com-cavitacao-radio-frequencia-lipo-laser-e-vacuo-para-cara-e-corpo","status":"publish","type":"product","link":"https:\/\/www.therapmedic.com\/fr\/produit\/eleganza-multifuncional-com-cavitacao-radio-frequencia-lipo-laser-e-vacuo-para-cara-e-corpo\/","title":{"rendered":"Eleganza &#8211; Multifuncional com Cavita\u00e7\u00e3o, Radio-frequ\u00eancia, Lipo laser e vacuo para Cara e Corpo"},"content":{"rendered":"<p><b>TherapDerma<\/b> <b>Eleganza<\/b><b> Multifuncional<\/b><\/p>\n<p>A TherapDerma Eleganza \u00e9 um equipamento Multifuncional com tecnologia eletr\u00f3nica comum mas em breve teremos em exclusivo o modelo em Nano Tecnologia.<\/p>\n<p>Trata-se de um equipamento port\u00e1til que vem numa caixa protetora capaz de resistir a fortes impactos. Um \u00e9cran t\u00e1til coloridode f\u00e1cil leitura e f\u00e1cil programa\u00e7\u00e3o permite que seja f\u00e1cil de aprender a operar e a obter os melhores resultados em muitos tipos de tratamentos que s\u00e3o muito rent\u00e1veispara o seu SPA \/ Consult\u00f3rio.<\/p>\n<p>Garantia de 3 anos com assist\u00eancia pr\u00f3pria.<\/p>\n<p>&nbsp;<\/p>\n","protected":false},"excerpt":{"rendered":"<p>TherapDerma Eleganza Multifuncional A TherapDerma Eleganza \u00e9 um equipamento Multifuncional com tecnologia eletr\u00f3nica comum mas em breve teremos em exclusivo o modelo em Nano Tecnologia. Trata-se de um equipamento port\u00e1til que vem numa caixa protetora capaz de resistir a fortes impactos. Um \u00e9cran t\u00e1til coloridode f\u00e1cil leitura e f\u00e1cil programa\u00e7\u00e3o permite que seja f\u00e1cil de [&hellip;]<\/p>\n","protected":false},"featured_media":2849,"template":"","meta":[],"product_brand":[],"product_cat":[1286,1312,1357,1290,1315,1358,1291,1316,1359,1292,1317,1360,1296,1318,1361,1297,1319,1362,1300,1327,1363,664,1302,1343,1364,925,1303,1345,1272,1304,1346,1274,1305,1347,1279,1306,1348,1280,1307,1349,1281,1308,1350,1282,1310,1351,1283,1311,1355],"product_tag":[],"class_list":{"0":"post-3241","1":"product","2":"type-product","3":"status-publish","4":"has-post-thumbnail","6":"product_cat-neckline-fr","7":"product_cat-little-elasticity-5-fr","8":"product_cat-cellulite-4-fr","9":"product_cat-face-fr","10":"product_cat-saggy-skin-7-fr","11":"product_cat-cellulite-2-fr","12":"product_cat-aged-skin-fr","13":"product_cat-saggy-skin-5-fr","14":"product_cat-little-elasticity-4-fr","15":"product_cat-complete-facial-rejuvenation-fr","16":"product_cat-little-elasticity-2-fr","17":"product_cat-cellulite-fr","18":"product_cat-hands-fr","19":"product_cat-saggy-skin-4-fr","20":"product_cat-lymphatic-system-drainage-fr","21":"product_cat-aged-skin-5-fr","22":"product_cat-saggy-skin-2-fr","23":"product_cat-wrinkles-around-the-eyes-fr","24":"product_cat-treatment-areas-vs-products-fr","25":"product_cat-saggy-skin-6-fr","26":"product_cat-adiposity-on-the-buttocks-fr","27":"product_cat-uncategorized-fr","28":"product_cat-buttocks-fr","29":"product_cat-facial-skin-stretching-lifting-fr","30":"product_cat-multifunctional-fr","31":"product_cat-equipment-fr","32":"product_cat-legs-fr","33":"product_cat-localized-adiposity-fr","34":"product_cat-wrinkles-fr","35":"product_cat-flabby-and-saggy-buttocks-fr","36":"product_cat-reshaping-of-the-silhouette-fr","37":"product_cat-wrinkles-2-fr","38":"product_cat-little-elasticity-6-fr","39":"product_cat-buttocks-toning-fr","40":"product_cat-arms-fr","41":"product_cat-aged-skin-3-fr","42":"product_cat-adiposity-between-the-legs-fr","43":"product_cat-neck-fr","44":"product_cat-saggy-skin-8-fr","45":"product_cat-cellulite-3-fr","46":"product_cat-aged-skin-4-fr","47":"product_cat-little-elasticity-3-fr","48":"product_cat-fat-on-the-forearm-fr","49":"product_cat-aged-skin-2-fr","50":"product_cat-saggy-skin-3-fr","51":"product_cat-improve-facial-contour-fr","52":"product_cat-body-fr","53":"product_cat-saggy-skin-fr","54":"product_cat-double-chin-fr","56":"first","57":"instock","58":"taxable","59":"shipping-taxable","60":"purchasable","61":"product-type-simple"},"acf":{"short_name":""},"_links":{"self":[{"href":"https:\/\/www.therapmedic.com\/fr\/wp-json\/wp\/v2\/product\/3241","targetHints":{"allow":["GET"]}}],"collection":[{"href":"https:\/\/www.therapmedic.com\/fr\/wp-json\/wp\/v2\/product"}],"about":[{"href":"https:\/\/www.therapmedic.com\/fr\/wp-json\/wp\/v2\/types\/product"}],"wp:featuredmedia":[{"embeddable":true,"href":"https:\/\/www.therapmedic.com\/fr\/wp-json\/wp\/v2\/media\/2849"}],"wp:attachment":[{"href":"https:\/\/www.therapmedic.com\/fr\/wp-json\/wp\/v2\/media?parent=3241"}],"wp:term":[{"taxonomy":"product_brand","embeddable":true,"href":"https:\/\/www.therapmedic.com\/fr\/wp-json\/wp\/v2\/product_brand?post=3241"},{"taxonomy":"product_cat","embeddable":true,"href":"https:\/\/www.therapmedic.com\/fr\/wp-json\/wp\/v2\/product_cat?post=3241"},{"taxonomy":"product_tag","embeddable":true,"href":"https:\/\/www.therapmedic.com\/fr\/wp-json\/wp\/v2\/product_tag?post=3241"}],"curies":[{"name":"wp","href":"https:\/\/api.w.org\/{rel}","templated":true}]}}