{"id":3223,"date":"2022-12-27T16:09:56","date_gmt":"2022-12-27T16:09:56","guid":{"rendered":"https:\/\/www.therapmedic.com\/product\/glicolic-acid-peeling-at-50\/"},"modified":"2024-01-01T00:00:22","modified_gmt":"2024-01-01T00:00:22","slug":"glicolic-acid-peeling-at-50","status":"publish","type":"product","link":"https:\/\/www.therapmedic.com\/fr\/produit\/glicolic-acid-peeling-at-50\/","title":{"rendered":"Peeling de Acido Glic\u00f3lico a 50%"},"content":{"rendered":"<p><strong>AHA 50% Peeling Glic\u00f3lico \u2013 Peeling m\u00e9dio<\/strong><\/p>\n<p>Quanto mais baixo o pH, mais profundo \u00e9 o peeling<\/p>\n<p>O \u00e1cido glic\u00f3lico (da cana-de-a\u00e7\u00facar) \u00e9 o agente de peeling mais comum. Pode ser usado no tratamento de linhas finas e rugas, danos causados pelo sol, melhora da textura da pele, brilho da Pele. <u><b><i>N\u00e3o use no ver\u00e3o.<\/i><\/b><\/u><\/p>\n<p>O \u00e1cido glic\u00f3lico (GA) obtido da cana-de-a\u00e7\u00facar \u00e9 usado na casca de alfa-hidroxi\u00e1cido mais comum. GA tem o menor peso molecular entre todos os alfa-hidroxi\u00e1cidos. Penetra na pele facilmente, tornando-se um agente de peeling popular. Os peelings de GA t\u00eam efeitos anti inflamat\u00f3rios, ceratol\u00edticos e antioxidantes. O GA tem como alvo o corneossoma aumentando a degrada\u00e7\u00e3o e diminuindo a coes\u00e3o, causando descama\u00e7\u00e3o.<\/p>\n<p>Apresenta\u00e7\u00e3o: Frasco com 50 mL (1,76 fl.oz)<\/p>\n<p>O pre\u00e7o apresentado \u00e9 por frasco.<\/p>\n","protected":false},"excerpt":{"rendered":"<p>AHA 50% Peeling Glic\u00f3lico \u2013 Peeling m\u00e9dio Quanto mais baixo o pH, mais profundo \u00e9 o peeling O \u00e1cido glic\u00f3lico (da cana-de-a\u00e7\u00facar) \u00e9 o agente de peeling mais comum. Pode ser usado no tratamento de linhas finas e rugas, danos causados pelo sol, melhora da textura da pele, brilho da Pele. N\u00e3o use no ver\u00e3o. [&hellip;]<\/p>\n","protected":false},"featured_media":2978,"template":"","meta":[],"product_brand":[],"product_cat":[664,1309,965,1312,968,1317,1280,1339,1283,1341,1286,1343,1289,1344,1290,1295,1296,1300,1301,1302,1305,1306,1308],"product_tag":[],"class_list":{"0":"post-3223","1":"product","2":"type-product","3":"status-publish","4":"has-post-thumbnail","6":"product_cat-uncategorized-fr","7":"product_cat-little-elasticity-fr","8":"product_cat-peelings-fr-2","9":"product_cat-little-elasticity-5-fr","10":"product_cat-aha-fr","11":"product_cat-little-elasticity-2-fr","12":"product_cat-neck-fr","13":"product_cat-different-skin-tones-fr","14":"product_cat-body-fr","15":"product_cat-different-skin-tones-2-fr","16":"product_cat-neckline-fr","17":"product_cat-facial-skin-stretching-lifting-fr","18":"product_cat-tired-toxified-skin-4-fr","19":"product_cat-glycolic-acid-peelings-fr","20":"product_cat-face-fr","21":"product_cat-tired-toxified-skin-fr","22":"product_cat-hands-fr","23":"product_cat-treatment-areas-vs-products-fr","24":"product_cat-tired-toxified-skin-5-fr","25":"product_cat-buttocks-fr","26":"product_cat-little-elasticity-6-fr","27":"product_cat-aged-skin-3-fr","28":"product_cat-little-elasticity-3-fr","30":"first","31":"instock","32":"taxable","33":"shipping-taxable","34":"purchasable","35":"product-type-simple"},"acf":{"short_name":""},"_links":{"self":[{"href":"https:\/\/www.therapmedic.com\/fr\/wp-json\/wp\/v2\/product\/3223","targetHints":{"allow":["GET"]}}],"collection":[{"href":"https:\/\/www.therapmedic.com\/fr\/wp-json\/wp\/v2\/product"}],"about":[{"href":"https:\/\/www.therapmedic.com\/fr\/wp-json\/wp\/v2\/types\/product"}],"wp:featuredmedia":[{"embeddable":true,"href":"https:\/\/www.therapmedic.com\/fr\/wp-json\/wp\/v2\/media\/2978"}],"wp:attachment":[{"href":"https:\/\/www.therapmedic.com\/fr\/wp-json\/wp\/v2\/media?parent=3223"}],"wp:term":[{"taxonomy":"product_brand","embeddable":true,"href":"https:\/\/www.therapmedic.com\/fr\/wp-json\/wp\/v2\/product_brand?post=3223"},{"taxonomy":"product_cat","embeddable":true,"href":"https:\/\/www.therapmedic.com\/fr\/wp-json\/wp\/v2\/product_cat?post=3223"},{"taxonomy":"product_tag","embeddable":true,"href":"https:\/\/www.therapmedic.com\/fr\/wp-json\/wp\/v2\/product_tag?post=3223"}],"curies":[{"name":"wp","href":"https:\/\/api.w.org\/{rel}","templated":true}]}}