{"id":3217,"date":"2022-12-28T11:00:10","date_gmt":"2022-12-28T11:00:10","guid":{"rendered":"https:\/\/www.therapmedic.com\/product\/lactic-acid-peeling-at-40\/"},"modified":"2024-01-01T00:00:21","modified_gmt":"2024-01-01T00:00:21","slug":"lactic-acid-peeling-at-40","status":"publish","type":"product","link":"https:\/\/www.therapmedic.com\/fr\/produit\/lactic-acid-peeling-at-40\/","title":{"rendered":"Peeling de Acido L\u00e1tico a 40%"},"content":{"rendered":"<p><b><i>AHA 40% Peeling <\/i><\/b><b><i>L\u00e1tico<\/i><\/b> \u2013 Peeling m\u00e9dio para anti-envelhecimento, erup\u00e7\u00f5es e cravos<\/p>\n<p>O \u00e1cido l\u00e1ctico (do leite azedo) \u00e9 um dos \u00e1cidos usados nas cascas modernas de AHA. \u00c9 menos irritante do que outros AHAs. Ele pode ser usado para tratar a pigmenta\u00e7\u00e3o, pele seca ou desidratada, pele sens\u00edvel. <u><b><i>N\u00e3o use no ver\u00e3o.<\/i><\/b><\/u><\/p>\n<p><strong>Apresenta\u00e7\u00e3o:<\/strong> Frasco com 50 mL (1,76 fl.oz)<\/p>\n<p>O pre\u00e7o apresentado \u00e9 por frasco.<\/p>\n","protected":false},"excerpt":{"rendered":"<p>AHA 40% Peeling L\u00e1tico \u2013 Peeling m\u00e9dio para anti-envelhecimento, erup\u00e7\u00f5es e cravos O \u00e1cido l\u00e1ctico (do leite azedo) \u00e9 um dos \u00e1cidos usados nas cascas modernas de AHA. \u00c9 menos irritante do que outros AHAs. Ele pode ser usado para tratar a pigmenta\u00e7\u00e3o, pele seca ou desidratada, pele sens\u00edvel. N\u00e3o use no ver\u00e3o. Apresenta\u00e7\u00e3o: Frasco [&hellip;]<\/p>\n","protected":false},"featured_media":2984,"template":"","meta":[],"product_brand":[],"product_cat":[1290,1296,1300,1310,1313,1322,1337,1339,664,1341,965,1342,968,1100,1272,1280,1283,1286],"product_tag":[],"class_list":{"0":"post-3217","1":"product","2":"type-product","3":"status-publish","4":"has-post-thumbnail","6":"product_cat-face-fr","7":"product_cat-hands-fr","8":"product_cat-treatment-areas-vs-products-fr","9":"product_cat-saggy-skin-3-fr","10":"product_cat-wrinkles-3-fr","11":"product_cat-oily-skin-fr","12":"product_cat-deep-wrinkles-fr","13":"product_cat-different-skin-tones-fr","14":"product_cat-uncategorized-fr","15":"product_cat-different-skin-tones-2-fr","16":"product_cat-peelings-fr-2","17":"product_cat-lactic-acid-peelings-fr","18":"product_cat-aha-fr","19":"product_cat-acne-fr","20":"product_cat-wrinkles-fr","21":"product_cat-neck-fr","22":"product_cat-body-fr","23":"product_cat-neckline-fr","25":"first","26":"instock","27":"taxable","28":"shipping-taxable","29":"purchasable","30":"product-type-simple"},"acf":{"short_name":""},"_links":{"self":[{"href":"https:\/\/www.therapmedic.com\/fr\/wp-json\/wp\/v2\/product\/3217","targetHints":{"allow":["GET"]}}],"collection":[{"href":"https:\/\/www.therapmedic.com\/fr\/wp-json\/wp\/v2\/product"}],"about":[{"href":"https:\/\/www.therapmedic.com\/fr\/wp-json\/wp\/v2\/types\/product"}],"wp:featuredmedia":[{"embeddable":true,"href":"https:\/\/www.therapmedic.com\/fr\/wp-json\/wp\/v2\/media\/2984"}],"wp:attachment":[{"href":"https:\/\/www.therapmedic.com\/fr\/wp-json\/wp\/v2\/media?parent=3217"}],"wp:term":[{"taxonomy":"product_brand","embeddable":true,"href":"https:\/\/www.therapmedic.com\/fr\/wp-json\/wp\/v2\/product_brand?post=3217"},{"taxonomy":"product_cat","embeddable":true,"href":"https:\/\/www.therapmedic.com\/fr\/wp-json\/wp\/v2\/product_cat?post=3217"},{"taxonomy":"product_tag","embeddable":true,"href":"https:\/\/www.therapmedic.com\/fr\/wp-json\/wp\/v2\/product_tag?post=3217"}],"curies":[{"name":"wp","href":"https:\/\/api.w.org\/{rel}","templated":true}]}}