{"id":9238,"date":"2026-05-01T13:29:47","date_gmt":"2026-05-01T13:29:47","guid":{"rendered":"https:\/\/www.therapmedic.com\/product\/9157\/"},"modified":"2026-05-01T14:21:04","modified_gmt":"2026-05-01T14:21:04","slug":"9157","status":"publish","type":"product","link":"https:\/\/www.therapmedic.com\/es\/producto\/9157\/","title":{"rendered":"Green Lipo Laser 10D"},"content":{"rendered":"<p>El Green Lipo Laser 10D es un equipo est\u00e9tico no invasivo desarrollado para la reducci\u00f3n de grasa localizada, modelado corporal y mejora del metabolismo celular mediante tecnolog\u00eda l\u00e1ser de baja intensidad.<\/p>\n<p>Utiliza m\u00faltiples emisores l\u00e1ser (pads) que act\u00faan directamente en las c\u00e9lulas adiposas, promoviendo su descomposici\u00f3n y eliminaci\u00f3n natural por el organismo.<\/p>\n<p>Equipo indicado para cl\u00ednicas est\u00e9ticas, medspas y centros de adelgazamiento.<\/p>\n<p>GREEN LIPO LASER 10D<br \/>\nTecnolog\u00eda avanzada de reducci\u00f3n de grasa no invasiva<\/p>\n<p>\u2728 Reducci\u00f3n de grasa localizada<br \/>\n\u2728 Modelado corporal<br \/>\n\u2728 Resultados visibles y progresivos<\/p>\n<p>\ud83d\udc49 Tecnolog\u00eda l\u00e1ser de 532 nm (luz verde)<br \/>\n\ud83d\udc49 Tratamientos seguros y confortables<\/p>\n","protected":false},"excerpt":{"rendered":"<p>El Green Lipo Laser 10D es un equipo est\u00e9tico no invasivo desarrollado para la reducci\u00f3n de grasa localizada, modelado corporal y mejora del metabolismo celular mediante tecnolog\u00eda l\u00e1ser de baja intensidad. Utiliza m\u00faltiples emisores l\u00e1ser (pads) que act\u00faan directamente en las c\u00e9lulas adiposas, promoviendo su descomposici\u00f3n y eliminaci\u00f3n natural por el organismo. Equipo indicado para [&hellip;]<\/p>\n","protected":false},"featured_media":9162,"template":"","meta":[],"product_brand":[],"product_cat":[1488,926,929,1025,1041,1051,1059,1069,1071,1214,1216,1278,1479,1482],"product_tag":[],"class_list":{"0":"post-9238","1":"product","2":"type-product","3":"status-publish","4":"has-post-thumbnail","6":"product_cat-laser-diodo-es","7":"product_cat-equipos","8":"product_cat-diode-laser-es","9":"product_cat-areas-de-tratamientos-vs-produtos-tratamentos-con-equipos","10":"product_cat-cuerpo","11":"product_cat-adiposidad-localizada","12":"product_cat-remodelacion-de-la-silueta","13":"product_cat-gluteos-es","14":"product_cat-adiposidad-en-los-gluteos","15":"product_cat-piernas","16":"product_cat-adiposidad-entre-las-piernas","17":"product_cat-general-productos-equipos","18":"product_cat-equipo","19":"product_cat-tipo-de-equipamento-es","21":"first","22":"instock","23":"taxable","24":"shipping-taxable","25":"purchasable","26":"product-type-simple"},"acf":{"short_name":"","confidential_information":{"text_block":false,"download_file":false},"display":[],"display_equipment_products":[],"short_name_equipment_products":""},"_links":{"self":[{"href":"https:\/\/www.therapmedic.com\/es\/wp-json\/wp\/v2\/product\/9238","targetHints":{"allow":["GET"]}}],"collection":[{"href":"https:\/\/www.therapmedic.com\/es\/wp-json\/wp\/v2\/product"}],"about":[{"href":"https:\/\/www.therapmedic.com\/es\/wp-json\/wp\/v2\/types\/product"}],"wp:featuredmedia":[{"embeddable":true,"href":"https:\/\/www.therapmedic.com\/es\/wp-json\/wp\/v2\/media\/9162"}],"wp:attachment":[{"href":"https:\/\/www.therapmedic.com\/es\/wp-json\/wp\/v2\/media?parent=9238"}],"wp:term":[{"taxonomy":"product_brand","embeddable":true,"href":"https:\/\/www.therapmedic.com\/es\/wp-json\/wp\/v2\/product_brand?post=9238"},{"taxonomy":"product_cat","embeddable":true,"href":"https:\/\/www.therapmedic.com\/es\/wp-json\/wp\/v2\/product_cat?post=9238"},{"taxonomy":"product_tag","embeddable":true,"href":"https:\/\/www.therapmedic.com\/es\/wp-json\/wp\/v2\/product_tag?post=9238"}],"curies":[{"name":"wp","href":"https:\/\/api.w.org\/{rel}","templated":true}]}}